{"id":98,"date":"2023-04-03T20:55:02","date_gmt":"2023-04-03T18:55:02","guid":{"rendered":"https:\/\/iicbelgrado.esteri.it\/chi-siamo\/la-sede\/"},"modified":"2023-07-10T16:40:43","modified_gmt":"2023-07-10T14:40:43","slug":"la-sede","status":"publish","type":"page","link":"https:\/\/iicbelgrado.esteri.it\/sr\/chi-siamo\/la-sede\/","title":{"rendered":"Institut"},"content":{"rendered":"<p><img loading=\"lazy\" decoding=\"async\" class=\"alignnone size-medium wp-image-188 img-fluid\" src=\"https:\/\/iicbelgrado.esteri.it\/wp-content\/uploads\/2023\/06\/Istituto-300x225.jpeg\" alt=\"\" width=\"300\" height=\"225\" srcset=\"https:\/\/iicbelgrado.esteri.it\/wp-content\/uploads\/2023\/06\/Istituto-300x225.jpeg 300w, https:\/\/iicbelgrado.esteri.it\/wp-content\/uploads\/2023\/06\/Istituto-1024x768.jpeg 1024w, https:\/\/iicbelgrado.esteri.it\/wp-content\/uploads\/2023\/06\/Istituto-768x576.jpeg 768w, https:\/\/iicbelgrado.esteri.it\/wp-content\/uploads\/2023\/06\/Istituto.jpeg 2048w\" sizes=\"auto, (max-width: 300px) 100vw, 300px\" \/><\/p>\n<p>Od 1. jula 2006. godine Italijanski institut za kulturu u Beogradu ima novo sedi\u0161te, nazvano <em><strong>Palazzo Italia<\/strong><\/em>, nekada\u0161nja zgrada Ambasade Albanije, sme\u0161tena u centralnoj ulici Kneza Milo\u0161a 56, gde se nalaze mnoga diplomatska predstavni\u0161tva, i u neposrednoj blizini Ambasade Italije. Ukupna povr\u0161ina zgrade je oko 1.450 m2, i u njoj se nalazi i ICE (Italijanska agencija za spoljnu trgovinu). Iza glavne zgrade nalazi se jedna manja zgrada koja gleda na prostrano dvori\u0161te. Neke prostorije ove manje zgrade su pretvorene u u\u010dionice za kurseve italijanskog jezika ili druge potrebe Instituta.<\/p>\n<p>Prostor koji zauzima Italijanski institut za kulturu obuhvata ukupnu povr\u0161inu od 420 m2, kao i zajedni\u010dki prostor: sala prikladna za konferencije, izlo\u017ebe, koncerte, prostrana ulazna sala, kuhinja i nusprostorije, ukupne povr\u0161ine od 185 m2.<\/p>\n<p>Institut zauzima suteren koji je prestrukturisan u \u010ditaonicu, biblioteku, u\u010dionice za kurseve italijanskog, nusprostorije; na gornjem spratu nalaze se 4 kancelarije, arhiva, nusprostorije. Institut raspola\u017ee ukupnim prostorom koji je znatno ve\u0107i u odnosu na biv\u0161e sedi\u0161te. Broj u\u010dionica je duplo ve\u0107i i one su opremljene didakti\u010dkim pomagalima za kurseve jezika koji su u stalnom porastu. Po prvi put Institut ima pravu biblioteku sa \u010ditaonicom.<\/p>\n","protected":false},"excerpt":{"rendered":"Od 1. jula 2006. godine Italijanski institut za kulturu u Beogradu ima novo sedi\u0161te, nazvano Palazzo Italia, nekada\u0161nja zgrada Ambasade Albanije, sme\u0161tena u centralnoj ulici Kneza Milo\u0161a 56, gde se nalaze mnoga diplomatska predstavni\u0161tva, i u neposrednoj blizini Ambasade Italije. Ukupna povr\u0161ina zgrade je oko 1.450 m2, i u njoj se nalazi i ICE (Italijanska [&hellip;]","protected":false},"author":1,"featured_media":0,"parent":96,"menu_order":2,"comment_status":"closed","ping_status":"closed","template":"","meta":{"footnotes":""},"class_list":["post-98","page","type-page","status-publish","hentry"],"_links":{"self":[{"href":"https:\/\/iicbelgrado.esteri.it\/sr\/wp-json\/wp\/v2\/pages\/98","targetHints":{"allow":["GET"]}}],"collection":[{"href":"https:\/\/iicbelgrado.esteri.it\/sr\/wp-json\/wp\/v2\/pages"}],"about":[{"href":"https:\/\/iicbelgrado.esteri.it\/sr\/wp-json\/wp\/v2\/types\/page"}],"author":[{"embeddable":true,"href":"https:\/\/iicbelgrado.esteri.it\/sr\/wp-json\/wp\/v2\/users\/1"}],"replies":[{"embeddable":true,"href":"https:\/\/iicbelgrado.esteri.it\/sr\/wp-json\/wp\/v2\/comments?post=98"}],"version-history":[{"count":4,"href":"https:\/\/iicbelgrado.esteri.it\/sr\/wp-json\/wp\/v2\/pages\/98\/revisions"}],"predecessor-version":[{"id":503,"href":"https:\/\/iicbelgrado.esteri.it\/sr\/wp-json\/wp\/v2\/pages\/98\/revisions\/503"}],"up":[{"embeddable":true,"href":"https:\/\/iicbelgrado.esteri.it\/sr\/wp-json\/wp\/v2\/pages\/96"}],"wp:attachment":[{"href":"https:\/\/iicbelgrado.esteri.it\/sr\/wp-json\/wp\/v2\/media?parent=98"}],"curies":[{"name":"wp","href":"https:\/\/api.w.org\/{rel}","templated":true}]}}