{"id":97,"date":"2023-04-03T20:54:50","date_gmt":"2023-04-03T18:54:50","guid":{"rendered":"https:\/\/iicbelgrado.esteri.it\/chi-siamo\/il-personale\/"},"modified":"2025-12-17T11:12:37","modified_gmt":"2025-12-17T10:12:37","slug":"il-personale","status":"publish","type":"page","link":"https:\/\/iicbelgrado.esteri.it\/sr\/chi-siamo\/il-personale\/","title":{"rendered":"Zaposleni"},"content":{"rendered":"<p><span class=\"titoloPagina\">Molimo Vas da predloge za kulturne doga\u0111aje i zahteve za saradnju isklju\u010divo \u0161aljete na email adresu: <span class=\"titoloRosso\"><a href=\"mailto:iicbelgrado@esteri.it\">iicbelgrado@esteri.it<\/a><a href=\"mailto:iicbelgrado@esteri.it\"><br \/>\n<\/a><\/span> <\/span><\/p>\n<table class=\"tableRed table\" border=\"0\" cellspacing=\"1\" cellpadding=\"0\">\n<tbody>\n<tr>\n<th width=\"157\">Fotografija<\/th>\n<th width=\"463\">Opis<\/th>\n<\/tr>\n<tr>\n<td class=\"tableRed\" width=\"157\" height=\"103\"><img loading=\"lazy\" decoding=\"async\" class=\"alignnone wp-image-8057 img-fluid\" src=\"https:\/\/iicbelgrado.esteri.it\/wp-content\/uploads\/2024\/06\/rc_foto_sito_iic.png\" alt=\"\" width=\"92\" height=\"91\" srcset=\"https:\/\/iicbelgrado.esteri.it\/wp-content\/uploads\/2024\/06\/rc_foto_sito_iic.png 475w, https:\/\/iicbelgrado.esteri.it\/wp-content\/uploads\/2024\/06\/rc_foto_sito_iic-300x297.png 300w, https:\/\/iicbelgrado.esteri.it\/wp-content\/uploads\/2024\/06\/rc_foto_sito_iic-150x150.png 150w\" sizes=\"auto, (max-width: 92px) 100vw, 92px\" \/><\/td>\n<td class=\"tableRed\" valign=\"top\" width=\"463\" height=\"103\"><span class=\"titoloNotizia\"><strong>Direktor<br \/>\n<\/strong>Roberto \u010cinkota<\/span><\/td>\n<\/tr>\n<tr>\n<td class=\"tableRed\" width=\"157\" height=\"103\"><\/td>\n<td class=\"tableRed\" valign=\"top\" width=\"463\" height=\"103\"><span class=\"titoloNotizia\"><strong>Zamenica direktora<br \/>\n<\/strong>Alesandra Henke<\/span><\/td>\n<\/tr>\n<tr>\n<td class=\"tableRed\" width=\"157\" height=\"103\"><img loading=\"lazy\" decoding=\"async\" class=\"alignnone wp-image-8051 img-fluid\" src=\"https:\/\/iicbelgrado.esteri.it\/wp-content\/uploads\/2024\/06\/andrea_28.9.2015.jpg\" alt=\"\" width=\"91\" height=\"114\" srcset=\"https:\/\/iicbelgrado.esteri.it\/wp-content\/uploads\/2024\/06\/andrea_28.9.2015.jpg 477w, https:\/\/iicbelgrado.esteri.it\/wp-content\/uploads\/2024\/06\/andrea_28.9.2015-241x300.jpg 241w\" sizes=\"auto, (max-width: 91px) 100vw, 91px\" \/><\/td>\n<td class=\"tableRed\" valign=\"top\" width=\"463\" height=\"103\"><strong>Ra\u010dunovodstvo<\/strong><br \/>\nAndrea Dardi<br \/>\ncontabilita.iicbelgrado@esteri.it<\/td>\n<\/tr>\n<tr>\n<td class=\"tableRed\" width=\"157\" height=\"103\"><img loading=\"lazy\" decoding=\"async\" class=\"alignnone wp-image-8059 img-fluid\" src=\"https:\/\/iicbelgrado.esteri.it\/wp-content\/uploads\/2024\/06\/jelena_3.jpg\" alt=\"\" width=\"91\" height=\"122\" srcset=\"https:\/\/iicbelgrado.esteri.it\/wp-content\/uploads\/2024\/06\/jelena_3.jpg 415w, https:\/\/iicbelgrado.esteri.it\/wp-content\/uploads\/2024\/06\/jelena_3-224x300.jpg 224w\" sizes=\"auto, (max-width: 91px) 100vw, 91px\" \/><\/td>\n<td class=\"tableRed\" valign=\"top\" width=\"463\" height=\"103\"><strong>Kulturni doga\u0111aji<br \/>\n<\/strong>Jelena Radovanovi\u0107<br \/>\ndirezione.iicbelgrado@esteri.it<\/td>\n<\/tr>\n<tr>\n<td class=\"tableRed\" width=\"157\" height=\"103\"><img loading=\"lazy\" decoding=\"async\" class=\"alignnone size-full wp-image-179 img-fluid\" src=\"https:\/\/iicbelgrado.esteri.it\/wp-content\/uploads\/2023\/06\/Spomenka-Zojic.jpg\" alt=\"\" width=\"90\" height=\"120\" \/><\/td>\n<td class=\"tableRed\" valign=\"top\" width=\"463\" height=\"103\"><strong>Odeljenje za kurseve jezika, sertifikacija, izdava\u0161tvo<\/strong><br \/>\nSpomenka Zoji\u0107 Majdevac<br \/>\ncorsilingua.iicbelgrado@esteri.it<\/td>\n<\/tr>\n<tr>\n<td class=\"tableRed\" width=\"157\" height=\"103\"><img loading=\"lazy\" decoding=\"async\" class=\"alignnone wp-image-1185 img-fluid\" src=\"https:\/\/iicbelgrado.esteri.it\/wp-content\/uploads\/2023\/10\/tihana-225x300.jpg\" alt=\"\" width=\"89\" height=\"119\" srcset=\"https:\/\/iicbelgrado.esteri.it\/wp-content\/uploads\/2023\/10\/tihana-225x300.jpg 225w, https:\/\/iicbelgrado.esteri.it\/wp-content\/uploads\/2023\/10\/tihana.jpg 443w\" sizes=\"auto, (max-width: 89px) 100vw, 89px\" \/><\/td>\n<td class=\"tableRed\" valign=\"top\" width=\"463\" height=\"103\"><strong>Kulturni doga\u0111aji<\/strong><br \/>\nTihana Trkulja<br \/>\nmediateca.iicbelgrado@esteri.it<\/td>\n<\/tr>\n<tr>\n<td class=\"tableRed\" width=\"157\" height=\"103\"><\/td>\n<td class=\"tableRed\" valign=\"top\" width=\"463\" height=\"103\"><strong>Sekretarijat, arhiva<br \/>\n<\/strong>Maja Karli<br \/>\niicbelgrado@esteri.it<\/td>\n<\/tr>\n<tr>\n<td class=\"tableRed\" width=\"157\" height=\"103\"><\/td>\n<td class=\"tableRed\" valign=\"top\" width=\"463\" height=\"103\"><strong>Voza\u010d, kurir, telefonista<\/strong><\/td>\n<\/tr>\n<tr>\n<td class=\"tableRed\" width=\"157\" height=\"103\"><\/td>\n<td class=\"tableRed\" valign=\"top\" width=\"463\" height=\"103\"><strong>Biblioteka<\/strong><br \/>\nbiblioteca.iicbelgrado@esteri.it<\/td>\n<\/tr>\n<tr>\n<td class=\"tableRed\" width=\"157\" height=\"103\"><\/td>\n<td class=\"tableRed\" valign=\"top\" width=\"463\" height=\"103\"><strong>Webmaster<\/strong><br \/>\ninformatica.iicbelgrado@esteri.it<\/td>\n<\/tr>\n<\/tbody>\n<\/table>\n<p>&nbsp;<\/p>\n","protected":false},"excerpt":{"rendered":"Molimo Vas da predloge za kulturne doga\u0111aje i zahteve za saradnju isklju\u010divo \u0161aljete na email adresu: iicbelgrado@esteri.it Fotografija Opis Direktor Roberto \u010cinkota Zamenica direktora Alesandra Henke Ra\u010dunovodstvo Andrea Dardi contabilita.iicbelgrado@esteri.it Kulturni doga\u0111aji Jelena Radovanovi\u0107 direzione.iicbelgrado@esteri.it Odeljenje za kurseve jezika, sertifikacija, izdava\u0161tvo Spomenka Zoji\u0107 Majdevac corsilingua.iicbelgrado@esteri.it Kulturni doga\u0111aji Tihana Trkulja mediateca.iicbelgrado@esteri.it Sekretarijat, arhiva Maja Karli iicbelgrado@esteri.it [&hellip;]","protected":false},"author":1,"featured_media":0,"parent":96,"menu_order":0,"comment_status":"closed","ping_status":"closed","template":"","meta":{"footnotes":""},"class_list":["post-97","page","type-page","status-publish","hentry"],"_links":{"self":[{"href":"https:\/\/iicbelgrado.esteri.it\/sr\/wp-json\/wp\/v2\/pages\/97","targetHints":{"allow":["GET"]}}],"collection":[{"href":"https:\/\/iicbelgrado.esteri.it\/sr\/wp-json\/wp\/v2\/pages"}],"about":[{"href":"https:\/\/iicbelgrado.esteri.it\/sr\/wp-json\/wp\/v2\/types\/page"}],"author":[{"embeddable":true,"href":"https:\/\/iicbelgrado.esteri.it\/sr\/wp-json\/wp\/v2\/users\/1"}],"replies":[{"embeddable":true,"href":"https:\/\/iicbelgrado.esteri.it\/sr\/wp-json\/wp\/v2\/comments?post=97"}],"version-history":[{"count":6,"href":"https:\/\/iicbelgrado.esteri.it\/sr\/wp-json\/wp\/v2\/pages\/97\/revisions"}],"predecessor-version":[{"id":15909,"href":"https:\/\/iicbelgrado.esteri.it\/sr\/wp-json\/wp\/v2\/pages\/97\/revisions\/15909"}],"up":[{"embeddable":true,"href":"https:\/\/iicbelgrado.esteri.it\/sr\/wp-json\/wp\/v2\/pages\/96"}],"wp:attachment":[{"href":"https:\/\/iicbelgrado.esteri.it\/sr\/wp-json\/wp\/v2\/media?parent=97"}],"curies":[{"name":"wp","href":"https:\/\/api.w.org\/{rel}","templated":true}]}}