{"id":934,"date":"2023-07-20T10:32:51","date_gmt":"2023-07-20T08:32:51","guid":{"rendered":"https:\/\/iicbelgrado.esteri.it\/?page_id=934"},"modified":"2023-07-25T13:42:08","modified_gmt":"2023-07-25T11:42:08","slug":"ucenje-italijanskog-online","status":"publish","type":"page","link":"https:\/\/iicbelgrado.esteri.it\/sr\/lingua-e-cultura\/i-corsi-di-lingua\/ucenje-italijanskog-online\/","title":{"rendered":"U\u010denje italijanskog online"},"content":{"rendered":"<p style=\"font-weight: 400;\">U nastavku dajemo spisak sajtova na kojima student mo\u017ee da prona\u0111e korisne instrumente za u\u010denje italijanskog jezika on-line.<\/p>\n<p style=\"font-weight: 400;\">Televizija\u00a0RAI\u00a0za italijanski jezik<\/p>\n<ul style=\"font-weight: 400;\">\n<li><a href=\"http:\/\/www.linguaitaliana.rai.it\/RAInet\/societa\/Rpub\/raiRSoPubSezione\/0,6886,societa%5Elinguaitaliana,00.html\"><b><strong>Lingua Italiana<\/strong><\/b><\/a>: Portal posve\u0107en italijanskom jeziku<\/li>\n<li><a href=\"http:\/\/www.rai.it\/RAInet\/societa\/Rpub\/raiRSoPubArticolo2\/0,7752,id_obj=%5Esezione=linguaitaliana%5Esubsezione=137,00.html\"><b><strong>Lezioni di italiano<\/strong><\/b><\/a>: Pregled svih instrumenata za u\u010denje italijanskog jezika<\/li>\n<li><a href=\"http:\/\/www.italica.rai.it\/lingua\/corso.htm\"><b><strong>Italica<\/strong><\/b><\/a>: Kurs italijanskog od po\u010detnog do naprednog nivoa<\/li>\n<\/ul>\n<p style=\"font-weight: 400;\">Kursevi<\/p>\n<p>Italijanski institut za kulturu ne preuzima na sebe odgovornost za kvalitet kurseva i didakti\u010dkih materijala na sajtovima. Ovaj spisak je napravljen za na\u0161e korisnike.<\/p>\n<ul style=\"font-weight: 400;\">\n<li><a href=\"http:\/\/www-cdf.fnal.gov\/italian\/italian.html\">CDF Italian Lessons\u00a0<\/a>: Didatkti\u010dki materijal i gramati\u010dke tabele<\/li>\n<li><a href=\"http:\/\/www.cyberitalian.com\/\">Cyberitalian\u00a0<\/a>: Na engleskom i na \u0161panskom. Kurs italijanskog koji se pla\u0107a<\/li>\n<li><a href=\"http:\/\/eleaston.com\/italian.html\">Eleaston\u00a0<\/a>: Sa linkovima na sajtove sa gramatikom, ve\u017ebanjima, re\u010dnikom i italijanskom kulturom<\/li>\n<li><a href=\"http:\/\/www.emt.it\/italiano\/index.html\">EMT\u00a0<\/a>: Sa linkovima o italijanskom jeziku<\/li>\n<li><a href=\"http:\/\/www.italicon.education\/\">ICoN\u00a0<\/a>: Kurs za sticanja diplome italijanskog jezika i kulture za strance; kurs italijanskog jezika za strance. Pla\u0107a se<\/li>\n<li><a href=\"http:\/\/www.educational.rai.it\/ioparloitaliano\/corso.htm\">Io parlo italiano<\/a>:\u00a0Kurs italijanskog za emigrante<\/li>\n<li><a href=\"http:\/\/www.iluss.it\/schede_gram_free.html\">Iluss\u00a0<\/a>: Didakti\u010dki materijal od po\u010detnog do vi\u0161eg nivoa<\/li>\n<li><a href=\"http:\/\/www.locuta.com\/classroom.html\">Italian Electronic Classroom\u00a0<\/a>: Gramatika i leksika<\/li>\n<li><a href=\"http:\/\/learnitalian.elanguageschool.net\/\"><b><strong>Learn to Speak Italian<\/strong><\/b><\/a>:<b><strong>\u00a0\u00a0<\/strong><\/b>Learn Italian with free online lessons.<\/li>\n<li><a href=\"http:\/\/www.linguanet-europa.org\/y2\/\">Linguanet Europa\u00a0<\/a>: Multimedijalni resursi kao podr\u0161ka podu\u010davanju i u\u010denju stranih jezika<\/li>\n<li><a href=\"http:\/\/www.logos.it\/\">Logos\u00a0<\/a>: Portal za multilingvalno prevo\u0111enje<\/li>\n<li><a href=\"http:\/\/www.rete.co.it\/\">Rete!\u00a0<\/a>: Multimedijalni kurs italijanskog za strance<\/li>\n<li><a href=\"http:\/\/www.scudit.net\/mdindice.htm\">Scuola di Italiano a Roma\u00a0<\/a>: Didakti\u010dki materijal za sve nivoe<\/li>\n<li><a href=\"http:\/\/www.segnaweb.it\/\">SegnaWeb<\/a>: Internet resursi odabrani od strane italijanskih biblioteka<\/li>\n<li><a href=\"http:\/\/www.tcd.ie\/CLCS\/italian\/italianhome.html\">Trinity College di Dublino\u00a0<\/a>: Na engleskom. Sa linkovima o Italiji<\/li>\n<li><a href=\"http:\/\/www.italian.ucla.edu\/activities\/webactivities.html\">UCLA\u00a0<\/a>: Didakti\u010dke aktivnosti<\/li>\n<li><a href=\"http:\/\/www.univ.trieste.it\/~nirital\/texel\/studit\/grintro.htm\">Universit\u00e0 di Trieste\u00a0<\/a>: Integrativni programi za u\u010denje gramatike<\/li>\n<li><a href=\"http:\/\/venus.unive.it\/italslab\/quattropassi\/uno.htm\">Universit\u00e0 di Venezia\u00a0<\/a>: Ve\u017ebe i aktivnosti<\/li>\n<li><a href=\"http:\/\/www.italiaitaliano.it\/\"><b><strong>Italia Italiano<\/strong><\/b><\/a>: bimestrale audio d&#8217;informazione con attivit\u00e0 didattiche, chiavi e glossario.<\/li>\n<\/ul>\n<p style=\"font-weight: 400;\"><b><strong>Kurs za sticanja diplome italijanskog jezika i kulture za strance<\/strong><\/b><\/p>\n<ul style=\"font-weight: 400;\">\n<li><a href=\"http:\/\/www.italicon.it\/\"><b><strong>Icon<\/strong><\/b><\/a>: Kurs za sticanje diplome online koji se pla\u0107a<\/li>\n<\/ul>\n<p style=\"font-weight: 400;\">\u00a0<b><strong>Obuka za predava\u010de italijanskog L2<\/strong><\/b><\/p>\n<ul style=\"font-weight: 400;\">\n<li><a href=\"http:\/\/venus.unive.it\/italslab\/index.php\">Progetto ITALS<\/a>: Odeljenje za nauku o jezicima Univerziteta Ca&#8217; Foscari u Veneciji<\/li>\n<li><a href=\"http:\/\/www.unistrasi.it\/pages\/1.asp?cod=40\">DITALS<\/a>: Certifikati za kompetentnost u predavanju italijanskog strancima \u2013 Univerzitet za strance u Sjeni<\/li>\n<li><a href=\"http:\/\/www.unistrapg.it\/italiano\/didattica\/laurea_primo\/ilis\/\">Laurea in insegnamento della lingua e della cultura italiana a stranieri<\/a>: Univerzitet za strance u Peru\u0111i<\/li>\n<\/ul>\n<p style=\"font-weight: 400;\">Didakti\u010dki materijal\u00a0za Italijanske institute u inostranstvu<\/p>\n<ul style=\"font-weight: 400;\">\n<li><b><strong><a href=\"http:\/\/insegnoitaliano.indire.it\/index.php\">Insegno italiano. Progetto INDIRE<\/a><\/strong><\/b><\/li>\n<\/ul>\n<p style=\"font-weight: 400;\">Re\u010dnici<\/p>\n<ul style=\"font-weight: 400;\">\n<li><a href=\"http:\/\/www.sapere.it\/gr\/DictionarySearchServlet?DS_action=Init\"><b><strong>Dizionario De Agostini<\/strong><\/b><\/a><\/li>\n<li><a href=\"http:\/\/www.demauroparavia.it\/\"><b><strong>Dizionario De Mauro Paravia on-line<\/strong><\/b><\/a><\/li>\n<li><a href=\"http:\/\/www.garzantilinguistica.it\/\"><b><strong>Dizionario Garzanti\u00a0online<\/strong><\/b><\/a><\/li>\n<li><a href=\"http:\/\/tlio.ovi.cnr.it\/TLIO\/\"><b><strong>Tesoro della Lingua Italiana delle Origini<\/strong><\/b><\/a><\/li>\n<\/ul>\n","protected":false},"excerpt":{"rendered":"U nastavku dajemo spisak sajtova na kojima student mo\u017ee da prona\u0111e korisne instrumente za u\u010denje italijanskog jezika on-line. Televizija\u00a0RAI\u00a0za italijanski jezik Lingua Italiana: Portal posve\u0107en italijanskom jeziku Lezioni di italiano: Pregled svih instrumenata za u\u010denje italijanskog jezika Italica: Kurs italijanskog od po\u010detnog do naprednog nivoa Kursevi Italijanski institut za kulturu ne preuzima na sebe odgovornost [&hellip;]","protected":false},"author":8,"featured_media":0,"parent":105,"menu_order":8,"comment_status":"closed","ping_status":"closed","template":"","meta":{"footnotes":""},"class_list":["post-934","page","type-page","status-publish","hentry"],"_links":{"self":[{"href":"https:\/\/iicbelgrado.esteri.it\/sr\/wp-json\/wp\/v2\/pages\/934","targetHints":{"allow":["GET"]}}],"collection":[{"href":"https:\/\/iicbelgrado.esteri.it\/sr\/wp-json\/wp\/v2\/pages"}],"about":[{"href":"https:\/\/iicbelgrado.esteri.it\/sr\/wp-json\/wp\/v2\/types\/page"}],"author":[{"embeddable":true,"href":"https:\/\/iicbelgrado.esteri.it\/sr\/wp-json\/wp\/v2\/users\/8"}],"replies":[{"embeddable":true,"href":"https:\/\/iicbelgrado.esteri.it\/sr\/wp-json\/wp\/v2\/comments?post=934"}],"version-history":[{"count":2,"href":"https:\/\/iicbelgrado.esteri.it\/sr\/wp-json\/wp\/v2\/pages\/934\/revisions"}],"predecessor-version":[{"id":1062,"href":"https:\/\/iicbelgrado.esteri.it\/sr\/wp-json\/wp\/v2\/pages\/934\/revisions\/1062"}],"up":[{"embeddable":true,"href":"https:\/\/iicbelgrado.esteri.it\/sr\/wp-json\/wp\/v2\/pages\/105"}],"wp:attachment":[{"href":"https:\/\/iicbelgrado.esteri.it\/sr\/wp-json\/wp\/v2\/media?parent=934"}],"curies":[{"name":"wp","href":"https:\/\/api.w.org\/{rel}","templated":true}]}}