{"id":926,"date":"2023-07-20T10:29:57","date_gmt":"2023-07-20T08:29:57","guid":{"rendered":"https:\/\/iicbelgrado.esteri.it\/?page_id=926"},"modified":"2023-07-20T11:52:44","modified_gmt":"2023-07-20T09:52:44","slug":"kursevi-za-strance-u-italiji","status":"publish","type":"page","link":"https:\/\/iicbelgrado.esteri.it\/sr\/lingua-e-cultura\/i-corsi-di-lingua\/kursevi-za-strance-u-italiji\/","title":{"rendered":"Kursevi za strance u Italiji"},"content":{"rendered":"<p class=\"titoloCategoria\"><strong><span class=\"titoloNotizia\">Kursevi italijanskog jezika i kulture na italijanskim univerzitetima:<\/span><\/strong><\/p>\n<p>&nbsp;<\/p>\n<ul>\n<li><a href=\"https:\/\/www.unistrapg.it\/it\" target=\"_blank\" rel=\"noopener\">Universit\u00e0 per stranieri di Perugia<\/a>\u00a0(con certificazione)<\/li>\n<li><a href=\"http:\/\/www.unistrasi.it\/\" target=\"_blank\" rel=\"noopener\">Universit\u00e0 per stranieri di Siena<\/a>\u00a0(con certificazione)<\/li>\n<li><a href=\"http:\/\/www.cla.uniroma3.it\/\" target=\"_blank\" rel=\"noopener\">Universit\u00e0 degli studi di Roma Tre &#8211; Corsi CLA<\/a>\u00a0(con certificazione)<\/li>\n<li><a href=\"http:\/\/www.univpm.it\/\" target=\"_blank\" rel=\"noopener\">Universit\u00e0 Politecnica delle Marche<\/a><\/li>\n<li><a href=\"http:\/\/www.unibg.it\/\" target=\"_blank\" rel=\"noopener\">Universit\u00e0 degli studi di Bergamo<\/a><\/li>\n<li><a href=\"https:\/\/centri.unibo.it\/cla\/it\" target=\"_blank\" rel=\"noopener\">Universit\u00e0 degli studi di Bologna<\/a><\/li>\n<li><a href=\"https:\/\/www.unica.it\/unica\/it\/cla.page\" target=\"_blank\" rel=\"noopener\">Universit\u00e0 degli studi di Cagliari &#8211; Centro linguistico d&#8217;ateneo<\/a><\/li>\n<li><a href=\"https:\/\/www.unicas.it\/\" target=\"_blank\" rel=\"noopener\">Universit\u00e0 degli studi di Cassino<\/a><\/li>\n<li><a href=\"https:\/\/www.unict.it\/\" target=\"_blank\" rel=\"noopener\">Universit\u00e0 degli studi di Catania<\/a><\/li>\n<li><a href=\"https:\/\/www.ccs.unifi.it\/index.php\" target=\"_blank\" rel=\"noopener\">Universit\u00e0 degli studi di Firenze &#8211; Centro di servizi culturali per stranieri<\/a><\/li>\n<li><a href=\"http:\/\/www.cla.unifi.it\/\" target=\"_blank\" rel=\"noopener\">Universit\u00e0 degli studi di Firenze &#8211; Centro linguistico di ateneo<\/a><\/li>\n<li><a href=\"https:\/\/unige.it\/it\/\" target=\"_blank\" rel=\"noopener\">Universit\u00e0 degli studi di Genova<\/a><\/li>\n<li><a href=\"http:\/\/www.univaq.it\/\" target=\"_blank\" rel=\"noopener\">Universit\u00e0 degli studi de l&#8217;Aquila<\/a><\/li>\n<li><a href=\"https:\/\/www.unimi.it\/it\/internazionale\/venire-studiare-dallestero\/imparare-litaliano\" target=\"_blank\" rel=\"noopener\">Universit\u00e0 degli studi di Milano<\/a><\/li>\n<li><a href=\"https:\/\/www.unipa.it\/strutture\/scuolaitalianastranieri\/\" target=\"_blank\" rel=\"noopener\">Universit\u00e0 degli studi di Palermo &#8211; Scuola di lingua italiana per stranieri<\/a><\/li>\n<li><a href=\"http:\/\/clici.uniroma2.it\/\" target=\"_blank\" rel=\"noopener\">Universit\u00e0 degli studi di Roma Tor Vergata<\/a><\/li>\n<li><a href=\"http:\/\/www.unitn.it\/\" target=\"_blank\" rel=\"noopener\">Universit\u00e0 degli studi di Trento<\/a><\/li>\n<li><a href=\"https:\/\/www.cla.uniud.it\/corsi\/corsi-di-lingua-italiana-per-stranieri\" target=\"_blank\" rel=\"noopener\">Universit\u00e0 degli studi di Udine<\/a><\/li>\n<li><a href=\"http:\/\/www.uniurb.it\/it\/index.php\" target=\"_blank\" rel=\"noopener\">Universit\u00e0 degli studi di Urbino<\/a><\/li>\n<li><a href=\"https:\/\/www.unive.it\/pag\/43431\/\" target=\"_blank\" rel=\"noopener\">Universit\u00e0 degli studi Ca&#8217; Foscari di Venezia<\/a><\/li>\n<li><a href=\"https:\/\/www.unicatt.it\/\" target=\"_blank\" rel=\"noopener\">Universit\u00e0 Cattolica del Sacro Cuore<\/a><\/li>\n<li><a href=\"https:\/\/cla.unisalento.it\/home_page\" target=\"_blank\" rel=\"noopener\">Universit\u00e0 del Salento<\/a><\/li>\n<li><a href=\"https:\/\/www.danteschool.com\/it\/\" target=\"_blank\" rel=\"noopener\">Universit\u00e0 per Stranieri &#8222;Dante Alighieri&#8220; di Reggio Calabria<\/a><\/li>\n<\/ul>\n<p>&nbsp;<\/p>\n<p class=\"titoloNotizia\"><strong>Kursevi italijanskog jezika, kulture i raznih oblasti za strance<\/strong><\/p>\n<p>Kada poseti\u0161 web sajtove \u0161kola, proveri da li pripadaju asocijacijama koje se bave za\u0161titom kvaliteta ponu\u0111enih usluga i za to odgovaraju klijentima, kao \u0161to su:<\/p>\n<p>na nacionalnom nivou:<br \/>\n<a href=\"http:\/\/www.asils.it\/\" target=\"_blank\" rel=\"noopener\">ASILS<\/a>\u00a0(Associazione Scuole di Italiano come Lingua seconda)<br \/>\n<a href=\"http:\/\/www.acad.it\/\" target=\"_blank\" rel=\"noopener\">AIL<\/a>\u00a0(Accademia Italiana di Lingua)<br \/>\n<a href=\"http:\/\/www.italianinitaly.it\/\" target=\"_blank\" rel=\"noopener\">Italian in Italy<\/a>\u00a0(Associazione Nazionale di Scuole di Lingua e Cultura Italiana)<\/p>\n<p>na internacionalnom nivou:<br \/>\n<a href=\"http:\/\/www.fiyto.org\/\" target=\"_blank\" rel=\"noopener\">FIYTO<\/a>\u00a0(Federation of International Youth Travel Organisations)<br \/>\n<a href=\"http:\/\/www.altonet.org\/\" target=\"_blank\" rel=\"noopener\">ALTO<\/a>\u00a0(Association of Language Travel Organisations)<br \/>\n<a href=\"http:\/\/www.ialc.org\/\" target=\"_blank\" rel=\"noopener\">IALC<\/a>\u00a0(International Association of Language Centres)<br \/>\n<a href=\"http:\/\/www.tandem-schools.com\/\" target=\"_blank\" rel=\"noopener\">TANDEM<\/a>\u00a0(International Network of Quality Language Institutes)<br \/>\n<a href=\"http:\/\/www.eaquals.org\/\" target=\"_blank\" rel=\"noopener\">EAQUALS<\/a>\u00a0(The European Association for Quality Language Services)<br \/>\n<a href=\"http:\/\/www.ihworld.com\/\" target=\"_blank\" rel=\"noopener\">IHWO<\/a>\u00a0(International House World Organisation)<\/p>\n","protected":false},"excerpt":{"rendered":"Kursevi italijanskog jezika i kulture na italijanskim univerzitetima: &nbsp; Universit\u00e0 per stranieri di Perugia\u00a0(con certificazione) Universit\u00e0 per stranieri di Siena\u00a0(con certificazione) Universit\u00e0 degli studi di Roma Tre &#8211; Corsi CLA\u00a0(con certificazione) Universit\u00e0 Politecnica delle Marche Universit\u00e0 degli studi di Bergamo Universit\u00e0 degli studi di Bologna Universit\u00e0 degli studi di Cagliari &#8211; Centro linguistico d&#8217;ateneo Universit\u00e0 [&hellip;]","protected":false},"author":8,"featured_media":0,"parent":105,"menu_order":7,"comment_status":"closed","ping_status":"closed","template":"","meta":{"footnotes":""},"class_list":["post-926","page","type-page","status-publish","hentry"],"_links":{"self":[{"href":"https:\/\/iicbelgrado.esteri.it\/sr\/wp-json\/wp\/v2\/pages\/926","targetHints":{"allow":["GET"]}}],"collection":[{"href":"https:\/\/iicbelgrado.esteri.it\/sr\/wp-json\/wp\/v2\/pages"}],"about":[{"href":"https:\/\/iicbelgrado.esteri.it\/sr\/wp-json\/wp\/v2\/types\/page"}],"author":[{"embeddable":true,"href":"https:\/\/iicbelgrado.esteri.it\/sr\/wp-json\/wp\/v2\/users\/8"}],"replies":[{"embeddable":true,"href":"https:\/\/iicbelgrado.esteri.it\/sr\/wp-json\/wp\/v2\/comments?post=926"}],"version-history":[{"count":2,"href":"https:\/\/iicbelgrado.esteri.it\/sr\/wp-json\/wp\/v2\/pages\/926\/revisions"}],"predecessor-version":[{"id":1057,"href":"https:\/\/iicbelgrado.esteri.it\/sr\/wp-json\/wp\/v2\/pages\/926\/revisions\/1057"}],"up":[{"embeddable":true,"href":"https:\/\/iicbelgrado.esteri.it\/sr\/wp-json\/wp\/v2\/pages\/105"}],"wp:attachment":[{"href":"https:\/\/iicbelgrado.esteri.it\/sr\/wp-json\/wp\/v2\/media?parent=926"}],"curies":[{"name":"wp","href":"https:\/\/api.w.org\/{rel}","templated":true}]}}