{"id":918,"date":"2023-07-20T12:09:14","date_gmt":"2023-07-20T10:09:14","guid":{"rendered":"https:\/\/iicbelgrado.esteri.it\/?page_id=918"},"modified":"2026-04-03T10:15:26","modified_gmt":"2026-04-03T08:15:26","slug":"stipendije-za-kurseve-jezika-u-italiji","status":"publish","type":"page","link":"https:\/\/iicbelgrado.esteri.it\/sr\/lingua-e-cultura\/borse-di-studio\/stipendije-za-kurseve-jezika-u-italiji\/","title":{"rendered":"Stipendije za kurseve jezika u Italiji"},"content":{"rendered":"<p>Italijanski institut za kulturu u Beogradu ima u ponudi <a href=\"https:\/\/iicbelgrado.esteri.it\/wp-content\/uploads\/2026\/04\/Borse-di-studio-corsi-di-lingua-2026.xlsx\" target=\"_blank\" rel=\"noopener\"><strong><u>stipendije<\/u> <\/strong><\/a>za polaznike svojih kurseva italijanskog jezika i kulture koji su zainteresovani da usavr\u0161e svoje znanje na nekom od centara za italijanski jezik i kulturu u Italiji.<\/p>\n<p>Navedene stipendije potpuno ili delimi\u010dno pokrivaju isklju\u010divo tro\u0161kove poha\u0111anja kursa tj. \u0161kolarinu za dve do \u010detiri nedelje, tokom cele godine, a naro\u010dito u letnjim mesecima.<\/p>\n<p>Putne tro\u0161kove, kao i tro\u0161kove sme\u0161taja i boravka pokriva stipendista. Uobi\u010dajeno je da \u0161kola jezika poma\u017ee u pronala\u017eenju sme\u0161taja.<\/p>\n<p>Molbu za dobijanje stipendije mogu da podnesu polaznici koji trenutno poha\u0111aju kurs italijanskog <a href=\"https:\/\/iicbelgrado.esteri.it\/wp-content\/uploads\/2026\/03\/domanda-borse-IIC-2026.doc\">jezika<\/a> pri Italijanskom institutu za kulturu u Beogradu.<\/p>\n<p><strong>Molbe kandidata koji nisu regulisali pla\u0107anje kursa ne\u0107e biti razmatrane.<\/strong><\/p>\n<p>Neophodno je da kandidati u potpunosti popune prilo\u017eenu molbu u vidu <a href=\"https:\/\/iicbelgrado.esteri.it\/wp-content\/uploads\/2026\/03\/domanda-borse-IIC-2026.doc\"><strong><u>formulara<\/u><\/strong><\/a>, i da je po\u0161alju mejlom na adresu <a href=\"mailto:corsilingua.iicbelgrado@esteri.it\">corsilingua.iicbelgrado@esteri.it<\/a>\u00a0 <strong>najkasnije do 24. aprila 2026. <\/strong>u protivnom kandidatura ne\u0107e biti validna.<\/p>\n","protected":false},"excerpt":{"rendered":"Italijanski institut za kulturu u Beogradu ima u ponudi stipendije za polaznike svojih kurseva italijanskog jezika i kulture koji su zainteresovani da usavr\u0161e svoje znanje na nekom od centara za italijanski jezik i kulturu u Italiji. Navedene stipendije potpuno ili delimi\u010dno pokrivaju isklju\u010divo tro\u0161kove poha\u0111anja kursa tj. \u0161kolarinu za dve do \u010detiri nedelje, tokom cele [&hellip;]","protected":false},"author":8,"featured_media":0,"parent":104,"menu_order":0,"comment_status":"closed","ping_status":"closed","template":"","meta":{"footnotes":""},"class_list":["post-918","page","type-page","status-publish","hentry"],"_links":{"self":[{"href":"https:\/\/iicbelgrado.esteri.it\/sr\/wp-json\/wp\/v2\/pages\/918","targetHints":{"allow":["GET"]}}],"collection":[{"href":"https:\/\/iicbelgrado.esteri.it\/sr\/wp-json\/wp\/v2\/pages"}],"about":[{"href":"https:\/\/iicbelgrado.esteri.it\/sr\/wp-json\/wp\/v2\/types\/page"}],"author":[{"embeddable":true,"href":"https:\/\/iicbelgrado.esteri.it\/sr\/wp-json\/wp\/v2\/users\/8"}],"replies":[{"embeddable":true,"href":"https:\/\/iicbelgrado.esteri.it\/sr\/wp-json\/wp\/v2\/comments?post=918"}],"version-history":[{"count":7,"href":"https:\/\/iicbelgrado.esteri.it\/sr\/wp-json\/wp\/v2\/pages\/918\/revisions"}],"predecessor-version":[{"id":17216,"href":"https:\/\/iicbelgrado.esteri.it\/sr\/wp-json\/wp\/v2\/pages\/918\/revisions\/17216"}],"up":[{"embeddable":true,"href":"https:\/\/iicbelgrado.esteri.it\/sr\/wp-json\/wp\/v2\/pages\/104"}],"wp:attachment":[{"href":"https:\/\/iicbelgrado.esteri.it\/sr\/wp-json\/wp\/v2\/media?parent=918"}],"curies":[{"name":"wp","href":"https:\/\/api.w.org\/{rel}","templated":true}]}}