{"id":818,"date":"2023-07-19T13:32:13","date_gmt":"2023-07-19T11:32:13","guid":{"rendered":"https:\/\/iicbelgrado.esteri.it\/?page_id=818"},"modified":"2023-10-06T16:14:40","modified_gmt":"2023-10-06T14:14:40","slug":"izdanja","status":"publish","type":"page","link":"https:\/\/iicbelgrado.esteri.it\/sr\/lingua-e-cultura\/izdanja\/","title":{"rendered":"Izdanja"},"content":{"rendered":"<p><strong><span style=\"font-size: x-large;\">Venecijanski izdava\u010di srpskih knjiga<br \/>\n<a href=\"https:\/\/iicbelgrado.files.wordpress.com\/2023\/07\/venecijanski_izdavaci_web.pdf\"><img loading=\"lazy\" decoding=\"async\" class=\"alignnone size-medium wp-image-794 img-fluid\" src=\"https:\/\/iicbelgrado.esteri.it\/wp-content\/uploads\/2023\/07\/venecija-195x300.jpg\" alt=\"\" width=\"195\" height=\"300\" srcset=\"https:\/\/iicbelgrado.esteri.it\/wp-content\/uploads\/2023\/07\/venecija-195x300.jpg 195w, https:\/\/iicbelgrado.esteri.it\/wp-content\/uploads\/2023\/07\/venecija.jpg 651w\" sizes=\"auto, (max-width: 195px) 100vw, 195px\" \/><\/a><\/span><\/strong><\/p>\n<p><strong><span style=\"font-size: x-large;\">Berninijeva \u0161kola i rimski barok.<br \/>\nRemek-dela iz Palate Ki\u0111i u Ari\u010di<br \/>\n<a href=\"https:\/\/iicbelgrado.files.wordpress.com\/2023\/07\/the_school_of_bernini_web.pdf\"><img loading=\"lazy\" decoding=\"async\" class=\"alignnone size-medium wp-image-795 img-fluid\" src=\"https:\/\/iicbelgrado.esteri.it\/wp-content\/uploads\/2023\/07\/barocco-250x300.jpg\" alt=\"\" width=\"250\" height=\"300\" srcset=\"https:\/\/iicbelgrado.esteri.it\/wp-content\/uploads\/2023\/07\/barocco-250x300.jpg 250w, https:\/\/iicbelgrado.esteri.it\/wp-content\/uploads\/2023\/07\/barocco.jpg 662w\" sizes=\"auto, (max-width: 250px) 100vw, 250px\" \/><\/a><\/span><\/strong><\/p>\n<p><strong><span style=\"font-size: x-large;\">Homo Interior<br \/>\n<a href=\"https:\/\/iicbelgrado.esteri.it\/wp-content\/uploads\/2023\/07\/catalogo_homo_interior_low_res-1.pdf\"><img loading=\"lazy\" decoding=\"async\" class=\"alignnone size-medium wp-image-796 img-fluid\" src=\"https:\/\/iicbelgrado.esteri.it\/wp-content\/uploads\/2023\/07\/catalogo_homo_interior_low_res_page_01-234x300.jpg\" alt=\"\" width=\"234\" height=\"300\" srcset=\"https:\/\/iicbelgrado.esteri.it\/wp-content\/uploads\/2023\/07\/catalogo_homo_interior_low_res_page_01-234x300.jpg 234w, https:\/\/iicbelgrado.esteri.it\/wp-content\/uploads\/2023\/07\/catalogo_homo_interior_low_res_page_01.jpg 630w\" sizes=\"auto, (max-width: 234px) 100vw, 234px\" \/><\/a><\/span><\/strong><\/p>\n<p><strong><span style=\"font-size: x-large;\">Sjaj renesanse u Novom Sadu<br \/>\n<a href=\"https:\/\/iicbelgrado.esteri.it\/wp-content\/uploads\/2023\/07\/katalog_renesansa_novi_sad_low_res-1.pdf\"><img loading=\"lazy\" decoding=\"async\" class=\"alignnone size-medium wp-image-797 img-fluid\" src=\"https:\/\/iicbelgrado.esteri.it\/wp-content\/uploads\/2023\/07\/katalog_renesansa_novi_sad_low_res_page_01-300x300.jpg\" alt=\"\" width=\"300\" height=\"300\" srcset=\"https:\/\/iicbelgrado.esteri.it\/wp-content\/uploads\/2023\/07\/katalog_renesansa_novi_sad_low_res_page_01-300x300.jpg 300w, https:\/\/iicbelgrado.esteri.it\/wp-content\/uploads\/2023\/07\/katalog_renesansa_novi_sad_low_res_page_01-150x150.jpg 150w, https:\/\/iicbelgrado.esteri.it\/wp-content\/uploads\/2023\/07\/katalog_renesansa_novi_sad_low_res_page_01-768x768.jpg 768w, https:\/\/iicbelgrado.esteri.it\/wp-content\/uploads\/2023\/07\/katalog_renesansa_novi_sad_low_res_page_01.jpg 910w\" sizes=\"auto, (max-width: 300px) 100vw, 300px\" \/><\/a><\/span><\/strong><\/p>\n<p><strong><span style=\"font-size: x-large;\">Zbirka italijanske poezije &#8222;\u010cuvari razlika&#8220;<br \/>\n<img loading=\"lazy\" decoding=\"async\" class=\"alignnone size-medium wp-image-798 img-fluid\" src=\"https:\/\/iicbelgrado.esteri.it\/wp-content\/uploads\/2023\/07\/cuvari-razlika-izbor-iz-savremene-italijanske-poezije-grupa-autora_slika_xl_80787357-204x300.jpg\" alt=\"\" width=\"204\" height=\"300\" srcset=\"https:\/\/iicbelgrado.esteri.it\/wp-content\/uploads\/2023\/07\/cuvari-razlika-izbor-iz-savremene-italijanske-poezije-grupa-autora_slika_xl_80787357-204x300.jpg 204w, https:\/\/iicbelgrado.esteri.it\/wp-content\/uploads\/2023\/07\/cuvari-razlika-izbor-iz-savremene-italijanske-poezije-grupa-autora_slika_xl_80787357.jpg 398w\" sizes=\"auto, (max-width: 204px) 100vw, 204px\" \/><\/span><\/strong><\/p>\n<p><strong><span style=\"font-size: x-large;\">Dinamika neofuturizma<br \/>\n<a href=\"https:\/\/iicbelgrado.esteri.it\/wp-content\/uploads\/2023\/07\/dinamica_del_neofuturismo.pdf\"><img loading=\"lazy\" decoding=\"async\" class=\"alignnone size-medium wp-image-799 img-fluid\" src=\"https:\/\/iicbelgrado.esteri.it\/wp-content\/uploads\/2023\/07\/dinamica_del_neofuturismo-236x300.jpg\" alt=\"\" width=\"236\" height=\"300\" srcset=\"https:\/\/iicbelgrado.esteri.it\/wp-content\/uploads\/2023\/07\/dinamica_del_neofuturismo-236x300.jpg 236w, https:\/\/iicbelgrado.esteri.it\/wp-content\/uploads\/2023\/07\/dinamica_del_neofuturismo.jpg 468w\" sizes=\"auto, (max-width: 236px) 100vw, 236px\" \/><\/a><\/span><\/strong><\/p>\n<p><strong><span style=\"font-size: x-large;\">Sjaj renesanse u Beogradu<br \/>\n<a href=\"https:\/\/iicbelgrado.esteri.it\/wp-content\/uploads\/2023\/07\/splendore_del_rinascimento.pdf\"><img loading=\"lazy\" decoding=\"async\" class=\"alignnone size-medium wp-image-800 img-fluid\" src=\"https:\/\/iicbelgrado.esteri.it\/wp-content\/uploads\/2023\/07\/splendore_del_rinascimento-300x300.jpg\" alt=\"\" width=\"300\" height=\"300\" srcset=\"https:\/\/iicbelgrado.esteri.it\/wp-content\/uploads\/2023\/07\/splendore_del_rinascimento-300x300.jpg 300w, https:\/\/iicbelgrado.esteri.it\/wp-content\/uploads\/2023\/07\/splendore_del_rinascimento-150x150.jpg 150w, https:\/\/iicbelgrado.esteri.it\/wp-content\/uploads\/2023\/07\/splendore_del_rinascimento-768x768.jpg 768w, https:\/\/iicbelgrado.esteri.it\/wp-content\/uploads\/2023\/07\/splendore_del_rinascimento.jpg 800w\" sizes=\"auto, (max-width: 300px) 100vw, 300px\" \/><\/a><\/span><\/strong><\/p>\n<p><strong><span style=\"font-size: x-large;\">Kraljica me\u0111u ambasadama<br \/>\n<a href=\"https:\/\/iicbelgrado.files.wordpress.com\/2023\/07\/libro_ambasciata.pdf\"><img loading=\"lazy\" decoding=\"async\" class=\"alignnone size-medium wp-image-801 img-fluid\" src=\"https:\/\/iicbelgrado.esteri.it\/wp-content\/uploads\/2023\/07\/copertina_0-300x300.jpg\" alt=\"\" width=\"300\" height=\"300\" srcset=\"https:\/\/iicbelgrado.esteri.it\/wp-content\/uploads\/2023\/07\/copertina_0-300x300.jpg 300w, https:\/\/iicbelgrado.esteri.it\/wp-content\/uploads\/2023\/07\/copertina_0-150x150.jpg 150w, https:\/\/iicbelgrado.esteri.it\/wp-content\/uploads\/2023\/07\/copertina_0.jpg 400w\" sizes=\"auto, (max-width: 300px) 100vw, 300px\" \/><\/a><\/span><\/strong><\/p>\n<p><strong><span style=\"font-size: x-large;\">Antologija italijanske proze &#8222;\u010citanje Italije&#8220;<br \/>\nAntologija italijanske esejistike &#8222;\u010citanje Italije 2&#8220;<br \/>\n<img loading=\"lazy\" decoding=\"async\" class=\"alignnone size-medium wp-image-802 img-fluid\" src=\"https:\/\/iicbelgrado.esteri.it\/wp-content\/uploads\/2023\/07\/leggere_0-176x300.png\" alt=\"\" width=\"176\" height=\"300\" srcset=\"https:\/\/iicbelgrado.esteri.it\/wp-content\/uploads\/2023\/07\/leggere_0-176x300.png 176w, https:\/\/iicbelgrado.esteri.it\/wp-content\/uploads\/2023\/07\/leggere_0.png 234w\" sizes=\"auto, (max-width: 176px) 100vw, 176px\" \/> <img loading=\"lazy\" decoding=\"async\" class=\"alignnone size-medium wp-image-803 img-fluid\" src=\"https:\/\/iicbelgrado.esteri.it\/wp-content\/uploads\/2023\/07\/212461_citanje-italija-2_ff-197x300.jpg\" alt=\"\" width=\"197\" height=\"300\" srcset=\"https:\/\/iicbelgrado.esteri.it\/wp-content\/uploads\/2023\/07\/212461_citanje-italija-2_ff-197x300.jpg 197w, https:\/\/iicbelgrado.esteri.it\/wp-content\/uploads\/2023\/07\/212461_citanje-italija-2_ff-674x1024.jpg 674w, https:\/\/iicbelgrado.esteri.it\/wp-content\/uploads\/2023\/07\/212461_citanje-italija-2_ff-768x1167.jpg 768w, https:\/\/iicbelgrado.esteri.it\/wp-content\/uploads\/2023\/07\/212461_citanje-italija-2_ff.jpg 1000w\" sizes=\"auto, (max-width: 197px) 100vw, 197px\" \/><\/span><\/strong><\/p>\n<p><strong><span style=\"font-size: x-large;\">Strasti i snovi italijanske mode<br \/>\n<a href=\"https:\/\/iicbelgrado.esteri.it\/wp-content\/uploads\/2023\/07\/moda_italiana-1.pdf\"><img loading=\"lazy\" decoding=\"async\" class=\"alignnone size-medium wp-image-804 img-fluid\" src=\"https:\/\/iicbelgrado.esteri.it\/wp-content\/uploads\/2023\/07\/moda_italiana-1-300x300.jpg\" alt=\"\" width=\"300\" height=\"300\" srcset=\"https:\/\/iicbelgrado.esteri.it\/wp-content\/uploads\/2023\/07\/moda_italiana-1-300x300.jpg 300w, https:\/\/iicbelgrado.esteri.it\/wp-content\/uploads\/2023\/07\/moda_italiana-1-150x150.jpg 150w, https:\/\/iicbelgrado.esteri.it\/wp-content\/uploads\/2023\/07\/moda_italiana-1-768x768.jpg 768w, https:\/\/iicbelgrado.esteri.it\/wp-content\/uploads\/2023\/07\/moda_italiana-1.jpg 800w\" sizes=\"auto, (max-width: 300px) 100vw, 300px\" \/><\/a><\/span><\/strong><\/p>\n<p><strong><span style=\"font-size: x-large;\">Sjaj velikana italijanskog dizajna<br \/>\n<a href=\"https:\/\/iicbelgrado.esteri.it\/wp-content\/uploads\/2023\/07\/sjaj_velikana_italijanskog_dizajna.pdf\"><img loading=\"lazy\" decoding=\"async\" class=\"alignnone size-medium wp-image-805 img-fluid\" src=\"https:\/\/iicbelgrado.esteri.it\/wp-content\/uploads\/2023\/07\/izlozba_italijanskog_dizajna-1-300x300.jpg\" alt=\"\" width=\"300\" height=\"300\" srcset=\"https:\/\/iicbelgrado.esteri.it\/wp-content\/uploads\/2023\/07\/izlozba_italijanskog_dizajna-1-300x300.jpg 300w, https:\/\/iicbelgrado.esteri.it\/wp-content\/uploads\/2023\/07\/izlozba_italijanskog_dizajna-1-150x150.jpg 150w, https:\/\/iicbelgrado.esteri.it\/wp-content\/uploads\/2023\/07\/izlozba_italijanskog_dizajna-1-768x768.jpg 768w, https:\/\/iicbelgrado.esteri.it\/wp-content\/uploads\/2023\/07\/izlozba_italijanskog_dizajna-1.jpg 800w\" sizes=\"auto, (max-width: 300px) 100vw, 300px\" \/><\/a><\/span><\/strong><\/p>\n<p><strong><span style=\"font-size: x-large;\">Libere<br \/>\n<a href=\"https:\/\/iicbelgrado.esteri.it\/wp-content\/uploads\/2023\/07\/libere.pdf\"><img loading=\"lazy\" decoding=\"async\" class=\"alignnone size-medium wp-image-806 img-fluid\" src=\"https:\/\/iicbelgrado.esteri.it\/wp-content\/uploads\/2023\/07\/libere-1-300x300.jpg\" alt=\"\" width=\"300\" height=\"300\" srcset=\"https:\/\/iicbelgrado.esteri.it\/wp-content\/uploads\/2023\/07\/libere-1-300x300.jpg 300w, https:\/\/iicbelgrado.esteri.it\/wp-content\/uploads\/2023\/07\/libere-1-150x150.jpg 150w, https:\/\/iicbelgrado.esteri.it\/wp-content\/uploads\/2023\/07\/libere-1-768x768.jpg 768w, https:\/\/iicbelgrado.esteri.it\/wp-content\/uploads\/2023\/07\/libere-1.jpg 800w\" sizes=\"auto, (max-width: 300px) 100vw, 300px\" \/><\/a><\/span><\/strong><\/p>\n<p><strong><span style=\"font-size: x-large;\">Lepota koja se nosi<br \/>\n<img loading=\"lazy\" decoding=\"async\" class=\"alignnone size-medium wp-image-807 img-fluid\" src=\"https:\/\/iicbelgrado.esteri.it\/wp-content\/uploads\/2023\/07\/izlozba_italijanske_bizuterije-212x300.jpg\" alt=\"\" width=\"212\" height=\"300\" srcset=\"https:\/\/iicbelgrado.esteri.it\/wp-content\/uploads\/2023\/07\/izlozba_italijanske_bizuterije-212x300.jpg 212w, https:\/\/iicbelgrado.esteri.it\/wp-content\/uploads\/2023\/07\/izlozba_italijanske_bizuterije.jpg 565w\" sizes=\"auto, (max-width: 212px) 100vw, 212px\" \/><br \/>\n<\/span><\/strong><\/p>\n","protected":false},"excerpt":{"rendered":"Venecijanski izdava\u010di srpskih knjiga Berninijeva \u0161kola i rimski barok. Remek-dela iz Palate Ki\u0111i u Ari\u010di Homo Interior Sjaj renesanse u Novom Sadu Zbirka italijanske poezije &#8222;\u010cuvari razlika&#8220; Dinamika neofuturizma Sjaj renesanse u Beogradu Kraljica me\u0111u ambasadama Antologija italijanske proze &#8222;\u010citanje Italije&#8220; Antologija italijanske esejistike &#8222;\u010citanje Italije 2&#8220; Strasti i snovi italijanske mode Sjaj velikana italijanskog [&hellip;]","protected":false},"author":8,"featured_media":0,"parent":103,"menu_order":12,"comment_status":"closed","ping_status":"closed","template":"","meta":{"footnotes":""},"class_list":["post-818","page","type-page","status-publish","hentry"],"_links":{"self":[{"href":"https:\/\/iicbelgrado.esteri.it\/sr\/wp-json\/wp\/v2\/pages\/818","targetHints":{"allow":["GET"]}}],"collection":[{"href":"https:\/\/iicbelgrado.esteri.it\/sr\/wp-json\/wp\/v2\/pages"}],"about":[{"href":"https:\/\/iicbelgrado.esteri.it\/sr\/wp-json\/wp\/v2\/types\/page"}],"author":[{"embeddable":true,"href":"https:\/\/iicbelgrado.esteri.it\/sr\/wp-json\/wp\/v2\/users\/8"}],"replies":[{"embeddable":true,"href":"https:\/\/iicbelgrado.esteri.it\/sr\/wp-json\/wp\/v2\/comments?post=818"}],"version-history":[{"count":5,"href":"https:\/\/iicbelgrado.esteri.it\/sr\/wp-json\/wp\/v2\/pages\/818\/revisions"}],"predecessor-version":[{"id":1193,"href":"https:\/\/iicbelgrado.esteri.it\/sr\/wp-json\/wp\/v2\/pages\/818\/revisions\/1193"}],"up":[{"embeddable":true,"href":"https:\/\/iicbelgrado.esteri.it\/sr\/wp-json\/wp\/v2\/pages\/103"}],"wp:attachment":[{"href":"https:\/\/iicbelgrado.esteri.it\/sr\/wp-json\/wp\/v2\/media?parent=818"}],"curies":[{"name":"wp","href":"https:\/\/api.w.org\/{rel}","templated":true}]}}