{"id":780,"date":"2023-07-20T10:11:11","date_gmt":"2023-07-20T08:11:11","guid":{"rendered":"https:\/\/iicbelgrado.esteri.it\/?page_id=780"},"modified":"2023-10-06T15:46:26","modified_gmt":"2023-10-06T13:46:26","slug":"izlozba-sjaj-velikana-italijanskog-dizajna-povodom-90-godina-zgrade-ambasade-italije-u-beogradu-30-maj-14-jun-2016","status":"publish","type":"page","link":"https:\/\/iicbelgrado.esteri.it\/sr\/news\/multimedia\/izlozba-sjaj-velikana-italijanskog-dizajna-povodom-90-godina-zgrade-ambasade-italije-u-beogradu-30-maj-14-jun-2016\/","title":{"rendered":"Izlo\u017eba \u201eSjaj velikana italijanskog dizajna\u201c povodom 90 godina zgrade Ambasade Italije u Beogradu | 30. maj &#8211; 14. jun 2016."},"content":{"rendered":"<p>Godine 2016. u kojoj je odr\u017eano XXI Trijenale u Milanu, obele\u017eava se i 90 godina aktuelnog sedi\u0161ta Ambasade Italije u Beogradu. Za tu priliku Italijanski institut za kulturu u Beogradu priredio je izlo\u017ebu &#8222;Sjaj velikana italijanskog dizajna&#8220; koja je bila otvorena od 30. maja do 14. juna 2016. u Salonu Instituta.<\/p>\n<p>Izlo\u017eba se sastoji iz dva dela: s jedne strane su predstavljeni crte\u017ei realizovani 1926. za Konkurs za ure\u0111enje enterijera ambasade Italije, na kojem su pobedili \u0110o Ponti i Tomazo Buci, a s druge strane lampe italijanskih kompanija koje \u010dine deo istorije dizajna i nalaze se u kolekcijama muzeja \u0161irom sveta.<\/p>\n<p>Posetioci izlo\u017ebe mogli su da vide crte\u017ee \u0110oa Pontija i Tomaza Bucija koji su realizovani 1926. za konkurs raspisan za enterijer italijanske ambasade. Podse\u0107amo da je iste godine otvorena aktuelna zgrada Ambasade u Beogradu. Pregled istorije italijanskog dizajna nastavlja se izborom lampi italijanskih kompanija po projektima svetskih dizajnera, koje se odlikuju raznoliko\u0161\u0107u materijala, elegancijom oblika i funkcionalno\u0161\u0107u, \u010dine\u0107i taj predmet umetni\u010dkim delom. Mikele de Luki, \u0110ankarlo Fasina, Filip Stark, Feru\u010do Lavijani, Karim Ra\u0161id i Mark Sadler, Rodolfo Dordoni, radili su za najpoznatije italijanske diznajnerske kompanije: Artemide, Diesel, Foscarini, Kartell, Kundalini. Na samom po\u010detku selekcije nalazi se \u010duvena stona lampa Ticio dizajnirana 1972. za Artemide od strane Ri\u010darda Sapera, dobitnika nagrade za industrijski dizajn Zlatni \u0161estar za 1979, izlo\u017eena u Metropolitan muzeju i Muzeju savremene umetnosti (MOMA) u Njujorku. Selekcija se zavr\u0161ava kreacijom Karima Ra\u0161ida za ku\u0107u Kundalini, stonom lampom Bokka od duvanog stakla, pravim umetni\u010dkim delom \u010diji je svaki primerak potpuno jedinstven.<\/p>\n<p>Organizator izlo\u017ebe je Italijanski institut za kulturu u Beogradu u saradnji sa kompanijom Novolux i Fondacijom Sartirana Arte.<\/p>\n<p><a href=\"https:\/\/iicbelgrado.esteri.it\/wp-content\/uploads\/2023\/07\/design-italiano-catalogo.pdf\"><strong>Katalog<\/strong><\/a><\/p>\n","protected":false},"excerpt":{"rendered":"Godine 2016. u kojoj je odr\u017eano XXI Trijenale u Milanu, obele\u017eava se i 90 godina aktuelnog sedi\u0161ta Ambasade Italije u Beogradu. Za tu priliku Italijanski institut za kulturu u Beogradu priredio je izlo\u017ebu &#8222;Sjaj velikana italijanskog dizajna&#8220; koja je bila otvorena od 30. maja do 14. juna 2016. u Salonu Instituta. Izlo\u017eba se sastoji iz [&hellip;]","protected":false},"author":8,"featured_media":0,"parent":127,"menu_order":9998,"comment_status":"closed","ping_status":"closed","template":"","meta":{"footnotes":""},"class_list":["post-780","page","type-page","status-publish","hentry"],"_links":{"self":[{"href":"https:\/\/iicbelgrado.esteri.it\/sr\/wp-json\/wp\/v2\/pages\/780","targetHints":{"allow":["GET"]}}],"collection":[{"href":"https:\/\/iicbelgrado.esteri.it\/sr\/wp-json\/wp\/v2\/pages"}],"about":[{"href":"https:\/\/iicbelgrado.esteri.it\/sr\/wp-json\/wp\/v2\/types\/page"}],"author":[{"embeddable":true,"href":"https:\/\/iicbelgrado.esteri.it\/sr\/wp-json\/wp\/v2\/users\/8"}],"replies":[{"embeddable":true,"href":"https:\/\/iicbelgrado.esteri.it\/sr\/wp-json\/wp\/v2\/comments?post=780"}],"version-history":[{"count":2,"href":"https:\/\/iicbelgrado.esteri.it\/sr\/wp-json\/wp\/v2\/pages\/780\/revisions"}],"predecessor-version":[{"id":1054,"href":"https:\/\/iicbelgrado.esteri.it\/sr\/wp-json\/wp\/v2\/pages\/780\/revisions\/1054"}],"up":[{"embeddable":true,"href":"https:\/\/iicbelgrado.esteri.it\/sr\/wp-json\/wp\/v2\/pages\/127"}],"wp:attachment":[{"href":"https:\/\/iicbelgrado.esteri.it\/sr\/wp-json\/wp\/v2\/media?parent=780"}],"curies":[{"name":"wp","href":"https:\/\/api.w.org\/{rel}","templated":true}]}}