{"id":730,"date":"2023-07-20T10:17:13","date_gmt":"2023-07-20T08:17:13","guid":{"rendered":"https:\/\/iicbelgrado.esteri.it\/?page_id=730"},"modified":"2023-10-06T15:43:23","modified_gmt":"2023-10-06T13:43:23","slug":"toska-pucinijevog-festivala-iz-tore-del-laga-14-maj-2018","status":"publish","type":"page","link":"https:\/\/iicbelgrado.esteri.it\/sr\/news\/multimedia\/toska-pucinijevog-festivala-iz-tore-del-laga-14-maj-2018\/","title":{"rendered":"\u201eToska\u201c Pu\u010dinijevog festivala iz Tore del Laga | 14. maj 2018."},"content":{"rendered":"<p>Ekskluzivno izvo\u0111enje opere &#8222;Toska&#8220; \u0110akoma Pu\u010dinija odr\u017eano je 14. maja 2018. u Sava centru, povodom obele\u017eavanja 41. ro\u0111endana te beogradske dvorane.\u00a0Italijanski institut za kulturu u Beogradu u saradnji sa Narodnim pozori\u0161tem u Beogradu, Sava centrom i Fondacijom Pu\u010dinijevog festivala iz mesta Tore del Lago, predstavili su operu \u201cToska\u201d u godini u kojoj se proslavlja i 150 godina od osnivanja Narodnog pozori\u0161ta u Beogradu.<\/p>\n<p>Po prvi put su maestralne italijanske scenografije svojstvene velikom teatru na otvorenom prostoru bile upotrebljene na velikoj pozornici Sava centra. Postavka &#8222;Toske&#8220; u Sava centru je produkcija Pu\u010dinijevog festivala iz Tore Del Laga, mesta u kojem je Pu\u010dini \u017eiveo i koje ga je inspirisalo za mnoga njegova dela. Ovaj festival je najzna\u010dajniji doga\u0111aj posve\u0107en Pu\u010diniju koji se odvija svake godine u prisustvu na hiljada gledalaca.\u00a0Bila je to jedinstvena prilika da se \u010duju glasovi italijanskih solista Paolete Maroku (Toska), Darija Di Vjetrija (Kavaradosi) i Alberta Gazalea (Skarpija) pod dirigentskim vo\u0111stvom Alberta Veronezija, predsednika Fondacije Pu\u010dinijevog Festivala iz Tore Del Laga. Narodno pozori\u0161te u Beogradu je u\u010destvovalo sa svojim orkestrom i horom. Kostimi solista su originalne kreacije Festivala. Re\u010d je o saradnji koja slavi kulturne odnose izme\u0111u Italije i Srbije a u znaku velikog muzi\u010dara i operskog kompozitora dvadesetog veka koji je najvi\u0161e izvo\u0111en i cenjen od strane publike \u0161irom sveta.<\/p>\n<p>Podr\u0161ku projektu pru\u017eila je Banca Intesa.<\/p>\n","protected":false},"excerpt":{"rendered":"Ekskluzivno izvo\u0111enje opere &#8222;Toska&#8220; \u0110akoma Pu\u010dinija odr\u017eano je 14. maja 2018. u Sava centru, povodom obele\u017eavanja 41. ro\u0111endana te beogradske dvorane.\u00a0Italijanski institut za kulturu u Beogradu u saradnji sa Narodnim pozori\u0161tem u Beogradu, Sava centrom i Fondacijom Pu\u010dinijevog festivala iz mesta Tore del Lago, predstavili su operu \u201cToska\u201d u godini u kojoj se proslavlja i [&hellip;]","protected":false},"author":8,"featured_media":0,"parent":127,"menu_order":9994,"comment_status":"closed","ping_status":"closed","template":"","meta":{"footnotes":""},"class_list":["post-730","page","type-page","status-publish","hentry"],"_links":{"self":[{"href":"https:\/\/iicbelgrado.esteri.it\/sr\/wp-json\/wp\/v2\/pages\/730","targetHints":{"allow":["GET"]}}],"collection":[{"href":"https:\/\/iicbelgrado.esteri.it\/sr\/wp-json\/wp\/v2\/pages"}],"about":[{"href":"https:\/\/iicbelgrado.esteri.it\/sr\/wp-json\/wp\/v2\/types\/page"}],"author":[{"embeddable":true,"href":"https:\/\/iicbelgrado.esteri.it\/sr\/wp-json\/wp\/v2\/users\/8"}],"replies":[{"embeddable":true,"href":"https:\/\/iicbelgrado.esteri.it\/sr\/wp-json\/wp\/v2\/comments?post=730"}],"version-history":[{"count":2,"href":"https:\/\/iicbelgrado.esteri.it\/sr\/wp-json\/wp\/v2\/pages\/730\/revisions"}],"predecessor-version":[{"id":1046,"href":"https:\/\/iicbelgrado.esteri.it\/sr\/wp-json\/wp\/v2\/pages\/730\/revisions\/1046"}],"up":[{"embeddable":true,"href":"https:\/\/iicbelgrado.esteri.it\/sr\/wp-json\/wp\/v2\/pages\/127"}],"wp:attachment":[{"href":"https:\/\/iicbelgrado.esteri.it\/sr\/wp-json\/wp\/v2\/media?parent=730"}],"curies":[{"name":"wp","href":"https:\/\/api.w.org\/{rel}","templated":true}]}}