{"id":720,"date":"2023-07-20T10:18:03","date_gmt":"2023-07-20T08:18:03","guid":{"rendered":"https:\/\/iicbelgrado.esteri.it\/?page_id=720"},"modified":"2023-10-06T15:42:31","modified_gmt":"2023-10-06T13:42:31","slug":"izlozba-homo-interior-31-oktobar-30-novembar-2018","status":"publish","type":"page","link":"https:\/\/iicbelgrado.esteri.it\/sr\/news\/multimedia\/izlozba-homo-interior-31-oktobar-30-novembar-2018\/","title":{"rendered":"Izlo\u017eba \u201eHomo interior\u201c | 31. oktobar &#8211; 30. novembar 2018."},"content":{"rendered":"<p>Povodom I izdanja manifestacije \u201eDani italijanske savremene umetnosti\u201c, Italijanski institut za kulturu u Beogradu predstavio je izlo\u017ebu \u201eHomo interior\u201c kojom su obuhva\u0107eni radovi Radenka Milaka (BiH), Nikole Samorija (Italija) i Dragana Zdravkovi\u0107a (Srbija), trojice umetnika koji su izlagali na Venecijanskom bijenalu. Kustoskinja izlo\u017ebe je Ksenija Samard\u017eija. Izlo\u017eba je bila otvorena od 31. oktobra do 30. novembra 2018. u Italijanskom institutu za kulturu u Beogradu.<\/p>\n<p>Manifestacija \u201eDani italijanske savremene umetnosti\u201c ove godine odr\u017eana je po prvi put \u0161irom sveta, istovremeno sa Danom savremene umetnosti koji se u Italiji odr\u017eava od 2005. godine u organizaciji Asocijacije italijanskih muzeja savremene umetnosti (AMACI) i Ministarstva kulture Italije (MIBACT) u cilju promocije savremenog italijanskog umetni\u010dkog nasle\u0111a u razli\u010ditim oblicima.<\/p>\n<p>Izlo\u017eba \u201cHomo Interior\u201d povezuje tri umetnika, tri razli\u010dita vizuelna promi\u0161ljanja, u jedinstvenu postavku. Radovi Samorija, Milaka i Zdravkovi\u0107a, umetnika koji poti\u010du iz razli\u010ditih sredina koje su odre\u0111ene tradicijom i geografski bliske, me\u0111usobno su povezani kroz intuitivno razumevanje klasi\u010dnog slikarskog jezika. Izlo\u017eba u Italijanskom institutu za kulturu u Beogradu zadr\u017eava latinski naziv koji ne zahteva prevod, a koji se istovremeno smatra i mrtvim i univerzalnim.<\/p>\n<p>Nikola Samori u svojim slikama i skulpturama polazi od italijanskog slikarskog nasle\u0111a. Proces zapo\u010dinje gra\u0111enjem, stvaranjem li\u010dnosti koju naknadnim intervencijama dovodi do destabilizacije. Radenko Milak, u svojim svedo\u010denjima i hronologijama, zadr\u017eava monohromatsku perspektivu doga\u0111aja. Crno-belim radovima, arhivira de\u0161avanja i situacije. Iz pozicija razli\u010ditih sagledavanja od introvertnog ka ekstrovertnom, u me\u0111u-prostoru izme\u0111u Samorija i Milaka, nalazi se tematika Dragana Zdravkovi\u0107a. Nakon izlo\u017ebi \u201eStanje hibernacije\u201c (Muzej savremene umetnosti) i \u201eEnklavija\u201c (Venecijansko bijenale, 2017), Zdravkovi\u0107 nastavlja u \u010distom slikarskom maniru da gradi prostorne senzacije &#8211; ovoga puta uvodi triptih, kao oltarski narativ u koji u\u010ditava misti\u010dne predele. Iako bez ljudi, prostori ne deluju napu\u0161teno. Stvaraju utisak privremenog stani\u0161ta &#8211; mesta zapitanosti, razre\u0161enja, mesta na kojima se tra\u017ee odgovori, u kome se miruje i povremeno nalazi uto\u010di\u0161te.<\/p>\n<p><a href=\"https:\/\/iicbelgrado.esteri.it\/wp-content\/uploads\/2023\/07\/catalogo_homo_interior_low_res.pdf\"><strong>Katalog<\/strong><\/a><\/p>\n","protected":false},"excerpt":{"rendered":"Povodom I izdanja manifestacije \u201eDani italijanske savremene umetnosti\u201c, Italijanski institut za kulturu u Beogradu predstavio je izlo\u017ebu \u201eHomo interior\u201c kojom su obuhva\u0107eni radovi Radenka Milaka (BiH), Nikole Samorija (Italija) i Dragana Zdravkovi\u0107a (Srbija), trojice umetnika koji su izlagali na Venecijanskom bijenalu. Kustoskinja izlo\u017ebe je Ksenija Samard\u017eija. Izlo\u017eba je bila otvorena od 31. oktobra do 30. [&hellip;]","protected":false},"author":8,"featured_media":0,"parent":127,"menu_order":9993,"comment_status":"closed","ping_status":"closed","template":"","meta":{"footnotes":""},"class_list":["post-720","page","type-page","status-publish","hentry"],"_links":{"self":[{"href":"https:\/\/iicbelgrado.esteri.it\/sr\/wp-json\/wp\/v2\/pages\/720","targetHints":{"allow":["GET"]}}],"collection":[{"href":"https:\/\/iicbelgrado.esteri.it\/sr\/wp-json\/wp\/v2\/pages"}],"about":[{"href":"https:\/\/iicbelgrado.esteri.it\/sr\/wp-json\/wp\/v2\/types\/page"}],"author":[{"embeddable":true,"href":"https:\/\/iicbelgrado.esteri.it\/sr\/wp-json\/wp\/v2\/users\/8"}],"replies":[{"embeddable":true,"href":"https:\/\/iicbelgrado.esteri.it\/sr\/wp-json\/wp\/v2\/comments?post=720"}],"version-history":[{"count":2,"href":"https:\/\/iicbelgrado.esteri.it\/sr\/wp-json\/wp\/v2\/pages\/720\/revisions"}],"predecessor-version":[{"id":1044,"href":"https:\/\/iicbelgrado.esteri.it\/sr\/wp-json\/wp\/v2\/pages\/720\/revisions\/1044"}],"up":[{"embeddable":true,"href":"https:\/\/iicbelgrado.esteri.it\/sr\/wp-json\/wp\/v2\/pages\/127"}],"wp:attachment":[{"href":"https:\/\/iicbelgrado.esteri.it\/sr\/wp-json\/wp\/v2\/media?parent=720"}],"curies":[{"name":"wp","href":"https:\/\/api.w.org\/{rel}","templated":true}]}}