{"id":707,"date":"2023-07-20T10:18:44","date_gmt":"2023-07-20T08:18:44","guid":{"rendered":"https:\/\/iicbelgrado.esteri.it\/?page_id=707"},"modified":"2023-10-06T15:41:26","modified_gmt":"2023-10-06T13:41:26","slug":"izlozba-berninijeva-skola-i-rimski-barok-remek-dela-iz-palate-kidi-u-arici-7-mart-26-maj-2019","status":"publish","type":"page","link":"https:\/\/iicbelgrado.esteri.it\/sr\/news\/multimedia\/izlozba-berninijeva-skola-i-rimski-barok-remek-dela-iz-palate-kidi-u-arici-7-mart-26-maj-2019\/","title":{"rendered":"Izlo\u017eba \u201eBerninijeva \u0161kola i rimski barok. Remek-dela iz palate Ki\u0111i u Ari\u010di\u201c | 7. mart &#8211; 26. maj 2019."},"content":{"rendered":"<p>Povodom obele\u017eavanja 140 godina od uspostavljanja diplomatskih odnosa izme\u0111u Italije i Srbije u Narodnom muzeju u Beogradu prire\u0111ena je izlo\u017eba \u201eBerninijeva \u0161kola i rimski barok. Remek-dela iz Palate Ki\u0111i u Ari\u010di\u201c koja obuhvata 55 zna\u010dajnih dela iz Palate Ki\u0111i u Ari\u010di. Izlo\u017eba je bila otvorena od 7. marta do 26. maja 2019.<\/p>\n<p>Re\u010d je o izuzetno reprezentativnoj kolekciji barokne umetnosti koja predstavlja Rim kao glavno sedi\u0161te njenog \u0161irenja i \u0110ovan Lorenca Berninija kao jednog od najzna\u010dajnih baroknih umetnika uop\u0161te. Na izlo\u017ebi su predstavljena dela baroknih majstora me\u0111u kojima su Pjetro da Kortona, Borgonjone, Salvator Roza, \u0110ovani Batista Gauli, Kavalijer d\u2019Arpino, \u0110a\u010dinto \u0110iminjani, Matija Preti, Andrea Poco, kao i francuski i flamanski umetnici koji su boravili u Rimu toga doba. Pored istorijskog, alegorijsko-religioznog i mitolo\u0161kog slikarstva, izlo\u017eba nudi i primere razli\u010ditih \u017eanrova koji su bili omiljeni klijentima toga doba: portret, pejza\u017e i pripremni nacrt za velike dekorativne freske. Kolekcija Palate u Ari\u010di vezana je za plemi\u0107ku porodicu Ki\u0111i \u010dije ime nosi, porodicu bankara iz Sijene koja je bila me\u0111u najzna\u010dajnijim u Rimu u XVII veku, i u potpunosti odslikava kosmopolitsku klimu ve\u010dnog grada iz tog perioda.<\/p>\n<p>Izlo\u017ebu \u201eBerninijeva \u0161kola i rimski barok. Remek-dela iz Palate Ki\u0111i u Ari\u010di\u201c priredio je profesor Fran\u010desko Petru\u010di, konzervator u Palati Ki\u0111i u Ari\u010di, a organizovao Glocal Project u saradnji sa Italijanskim institutom za kulturu u Beogradu i Narodnim muzejom u Beogradu. Izlo\u017eba je realizovana pod pokroviteljstvom Ambasade Republike Italije u Beogradu i Ministarstva kulture i informisanja Republike Srbije, uz podr\u0161ku op\u0161tinske uprave Ari\u010de i uz doprinos Banke Inteza.<\/p>\n<p><a href=\"https:\/\/iicbelgrado.files.wordpress.com\/2023\/07\/the_school_of_bernini_web.pdf\"><strong>Katalog<\/strong><\/a><\/p>\n","protected":false},"excerpt":{"rendered":"Povodom obele\u017eavanja 140 godina od uspostavljanja diplomatskih odnosa izme\u0111u Italije i Srbije u Narodnom muzeju u Beogradu prire\u0111ena je izlo\u017eba \u201eBerninijeva \u0161kola i rimski barok. Remek-dela iz Palate Ki\u0111i u Ari\u010di\u201c koja obuhvata 55 zna\u010dajnih dela iz Palate Ki\u0111i u Ari\u010di. Izlo\u017eba je bila otvorena od 7. marta do 26. maja 2019. Re\u010d je o [&hellip;]","protected":false},"author":8,"featured_media":0,"parent":127,"menu_order":9992,"comment_status":"closed","ping_status":"closed","template":"","meta":{"footnotes":""},"class_list":["post-707","page","type-page","status-publish","hentry"],"_links":{"self":[{"href":"https:\/\/iicbelgrado.esteri.it\/sr\/wp-json\/wp\/v2\/pages\/707","targetHints":{"allow":["GET"]}}],"collection":[{"href":"https:\/\/iicbelgrado.esteri.it\/sr\/wp-json\/wp\/v2\/pages"}],"about":[{"href":"https:\/\/iicbelgrado.esteri.it\/sr\/wp-json\/wp\/v2\/types\/page"}],"author":[{"embeddable":true,"href":"https:\/\/iicbelgrado.esteri.it\/sr\/wp-json\/wp\/v2\/users\/8"}],"replies":[{"embeddable":true,"href":"https:\/\/iicbelgrado.esteri.it\/sr\/wp-json\/wp\/v2\/comments?post=707"}],"version-history":[{"count":3,"href":"https:\/\/iicbelgrado.esteri.it\/sr\/wp-json\/wp\/v2\/pages\/707\/revisions"}],"predecessor-version":[{"id":1042,"href":"https:\/\/iicbelgrado.esteri.it\/sr\/wp-json\/wp\/v2\/pages\/707\/revisions\/1042"}],"up":[{"embeddable":true,"href":"https:\/\/iicbelgrado.esteri.it\/sr\/wp-json\/wp\/v2\/pages\/127"}],"wp:attachment":[{"href":"https:\/\/iicbelgrado.esteri.it\/sr\/wp-json\/wp\/v2\/media?parent=707"}],"curies":[{"name":"wp","href":"https:\/\/api.w.org\/{rel}","templated":true}]}}