{"id":687,"date":"2023-07-20T10:20:42","date_gmt":"2023-07-20T08:20:42","guid":{"rendered":"https:\/\/iicbelgrado.esteri.it\/?page_id=687"},"modified":"2023-10-06T15:40:04","modified_gmt":"2023-10-06T13:40:04","slug":"filmska-retrospektiva-i-izlozba-povodom-stogodisnjice-rodenja-federika-felinija-u-jugoslovenskoj-kinoteci-13-26-januar-2020","status":"publish","type":"page","link":"https:\/\/iicbelgrado.esteri.it\/sr\/news\/multimedia\/filmska-retrospektiva-i-izlozba-povodom-stogodisnjice-rodenja-federika-felinija-u-jugoslovenskoj-kinoteci-13-26-januar-2020\/","title":{"rendered":"Filmska retrospektiva i izlo\u017eba povodom stogodi\u0161njice ro\u0111enja Federika Felinija u Jugoslovenskoj kinoteci | 13 &#8211; 26. januar 2020."},"content":{"rendered":"<p>Povodom sto godina od ro\u0111enja Federika Felinija (Rimini, 20. januar 1920 \u2013 Rim, 31. oktobar 1993), Italijanski institut za kulturu u Beogradu i Jugoslovenska kinoteka predstavili su retrospektivu najslavnijih Felinijevih ostvarenja i izlo\u017ebu crte\u017ea preuzetih iz njegove \u201eKnjige snova\u201c koje je ustupila Op\u0161tina Rimini, suvlasnik autorskih prava u \u010dijem se vlasni\u0161tvu knjiga nalazi.<\/p>\n<p>\u201eKnjiga snova\u201c je dnevnik koji je po\u010dev od \u0161ezdesetih godina pa sve do avgusta 1990. vodio Federiko Felini, jedan od najve\u0107ih genija italijanske kreativnosti XX veka. U njemu je ovaj slavni reditelj, na savet psihoanaliti\u010dara Ernsta Bernharda, verno preneo plodove svoje izuzetno bogate oniri\u010dke aktivnosti u vidu crte\u017ea ili, kako je on sam opisao, \u201e\u017evrljotina, brzopletih i gramati\u010dki pogre\u0161nih bele\u017eaka\u201c.<\/p>\n<p>Re\u010d je o raznobojnom putovanju kroz beskrajne predele ma\u0161te jednog genija, veli\u010danstvenom svedo\u010danstvu kreativnosti sa karakteristikama dnevnika i\u00a0<em>storyboard<\/em>-a. Ovo delo, koje proisti\u010de iz Felinijevog iskustva kao karikaturiste i humoriste u \u010dasopisu \u201eMarko Aurelije\u201c, najavilo je jezik grafi\u010dkih romana nekoliko decenija unapred. Slike i re\u010di \u0161to se potpuno slobodno razra\u0111uju sa svakom stranicom, formiraju kompleksno i strukturirano delo koje prati filmski rad reditelja, dopunjuje ga i oboga\u0107uje posredstvom sna, i pokre\u0107e projekte kojima je Felini ulep\u0161ao istoriju savremene kinematografije. To je delo koje polazi od sugestija i instrumenata Jungove psihoanalize i uz upotrebu razli\u010ditih umetni\u010dkih na\u010dina izra\u017eavanja pristupa snovima, vizijama i strahovima ovog re\u017eisera iz Riminija i razra\u0111uje ih. Za Felinija je pretakanje snova od prethodne no\u0107i u knjigu bio svakodnevni ritual. Skicirao je figure i likove, okolnosti i teme koji su potom ispunili njegove filmove, bele\u017eio re\u010denice i dijaloge, \u010desto dodaju\u0107i li\u010dne zabele\u0161ke u vidu komentara ili obja\u0161njenja. Stalno joj se vra\u0107ao i dora\u0111ivao je dopunama, izmenama uz pomo\u0107 makaza i lepka, sekao je, preklapao, dodavao.<\/p>\n<p>\u201eKnjiga snova\u201c, koju je kupila Fondacija Felini 2006. i ustupila Op\u0161tini Rimini 2015, sastoji se od dva toma sa preko 400 strana i trenutno je izlo\u017eena u Muzeju grada Riminija.<\/p>\n<p>Crte\u017ei izlo\u017eeni u Jugoslovenskoj kinoteci, dragoceni izvor za predstavljanje Felinijevog poetskog univerzuma, predstavljaju uobi\u010dajene teme filmske produkcije ovog sineaste iz Riminija: eros, putovanje, istoriju, mo\u0107, modu, film, umetnost, knji\u017eevnost i religiju.<\/p>\n","protected":false},"excerpt":{"rendered":"Povodom sto godina od ro\u0111enja Federika Felinija (Rimini, 20. januar 1920 \u2013 Rim, 31. oktobar 1993), Italijanski institut za kulturu u Beogradu i Jugoslovenska kinoteka predstavili su retrospektivu najslavnijih Felinijevih ostvarenja i izlo\u017ebu crte\u017ea preuzetih iz njegove \u201eKnjige snova\u201c koje je ustupila Op\u0161tina Rimini, suvlasnik autorskih prava u \u010dijem se vlasni\u0161tvu knjiga nalazi. \u201eKnjiga snova\u201c [&hellip;]","protected":false},"author":8,"featured_media":0,"parent":127,"menu_order":9990,"comment_status":"closed","ping_status":"closed","template":"","meta":{"footnotes":""},"class_list":["post-687","page","type-page","status-publish","hentry"],"_links":{"self":[{"href":"https:\/\/iicbelgrado.esteri.it\/sr\/wp-json\/wp\/v2\/pages\/687","targetHints":{"allow":["GET"]}}],"collection":[{"href":"https:\/\/iicbelgrado.esteri.it\/sr\/wp-json\/wp\/v2\/pages"}],"about":[{"href":"https:\/\/iicbelgrado.esteri.it\/sr\/wp-json\/wp\/v2\/types\/page"}],"author":[{"embeddable":true,"href":"https:\/\/iicbelgrado.esteri.it\/sr\/wp-json\/wp\/v2\/users\/8"}],"replies":[{"embeddable":true,"href":"https:\/\/iicbelgrado.esteri.it\/sr\/wp-json\/wp\/v2\/comments?post=687"}],"version-history":[{"count":2,"href":"https:\/\/iicbelgrado.esteri.it\/sr\/wp-json\/wp\/v2\/pages\/687\/revisions"}],"predecessor-version":[{"id":1038,"href":"https:\/\/iicbelgrado.esteri.it\/sr\/wp-json\/wp\/v2\/pages\/687\/revisions\/1038"}],"up":[{"embeddable":true,"href":"https:\/\/iicbelgrado.esteri.it\/sr\/wp-json\/wp\/v2\/pages\/127"}],"wp:attachment":[{"href":"https:\/\/iicbelgrado.esteri.it\/sr\/wp-json\/wp\/v2\/media?parent=687"}],"curies":[{"name":"wp","href":"https:\/\/api.w.org\/{rel}","templated":true}]}}