{"id":629,"date":"2023-07-19T13:43:03","date_gmt":"2023-07-19T11:43:03","guid":{"rendered":"https:\/\/iicbelgrado.esteri.it\/?page_id=629"},"modified":"2023-10-06T15:35:41","modified_gmt":"2023-10-06T13:35:41","slug":"madam-baterflaj-pucinijevog-festivala-iz-tore-del-laga-u-narodnom-pozoristu-u-beogradu-28-novembar-2021","status":"publish","type":"page","link":"https:\/\/iicbelgrado.esteri.it\/sr\/news\/multimedia\/madam-baterflaj-pucinijevog-festivala-iz-tore-del-laga-u-narodnom-pozoristu-u-beogradu-28-novembar-2021\/","title":{"rendered":"\u201eMadam Baterflaj\u201c Pu\u010dinijevog festivala iz Tore del Laga u Narodnom pozori\u0161tu u Beogradu | 28. novembar 2021."},"content":{"rendered":"<p>Italijanski institut za kulturu u Beogradu predstavio je i podr\u017eao ekskluzivno izvo\u0111enje opere \u201eMadam Baterflaj\u201c \u0110akoma Pu\u010dinija 28. novembra 2021. u Narodnom pozori\u0161tu u Beogradu.<\/p>\n<p>Postavka \u201eMadam Baterflaj\u201c u Narodnom pozori\u0161tu u Beogradu je produkcija Fondacije Pu\u010dinijevog festivala iz Tore del Laga Pu\u010dini, mesta u kojem je Pu\u010dini \u017eiveo i komponovao svoja nezaboravna dela, u saradnji sa Italijanskim institutom za kulturu u Beogradu i Narodnim pozori\u0161tem u Beogradu. Pu\u010dinijev festival iz Tore del Laga, koji se svake godine odr\u017eava u prelepom ambijentu Gran Teatra pod vedrim nebom u prisustvu vi\u0161e hiljada posetilaca, najzna\u010dajniji je doga\u0111aj posve\u0107en ovom operskom kompozitoru XX veka, \u010dija se dela najvi\u0161e izvode i koji je omiljen kod publike \u0161irom sveta. \u0110akomo Pu\u010dini je duge tri godine istra\u017eivao i detaljno prou\u010davao navike i obi\u010daje Japana kako bi stvorio \u0106o-\u0106o San, svoju heroinu koja nakon 117 godina od svog prvog izvo\u0111enja, 17. februara 1904. u Milanskoj skali, i 101 godinu od svog prvog predstavljanja u Narodnom pozori\u0161tu u Beogradu, 11. februara 1920, \u010duva i dalje svoj neodoljivi \u0161arm.<\/p>\n<p>Bila je to jedinstvena prilika da se \u010duju glasovi izuzetnih solista, \u0160oko Okade (\u0106o-\u0106o San), Vin\u010denca Kostanca (Pinkerton) i Arijane Manganelo (Suzuki), pod dirigentskim vo\u0111stvom maestra Fabricija Venture i u re\u017eiji Manu Lali. Narodno pozori\u0161te u Beogradu u\u010destvovalo je sa svojim orkestrom i horom. Veli\u010danstvena italijanska scenografija sa predivnom \u0161umom od \u017eivog drve\u0107a upotrebljena je na sceni Narodnog pozori\u0161ta. Kostimi su originalne kreacije Pu\u010dinijevog festivala.<\/p>\n","protected":false},"excerpt":{"rendered":"Italijanski institut za kulturu u Beogradu predstavio je i podr\u017eao ekskluzivno izvo\u0111enje opere \u201eMadam Baterflaj\u201c \u0110akoma Pu\u010dinija 28. novembra 2021. u Narodnom pozori\u0161tu u Beogradu. Postavka \u201eMadam Baterflaj\u201c u Narodnom pozori\u0161tu u Beogradu je produkcija Fondacije Pu\u010dinijevog festivala iz Tore del Laga Pu\u010dini, mesta u kojem je Pu\u010dini \u017eiveo i komponovao svoja nezaboravna dela, u [&hellip;]","protected":false},"author":8,"featured_media":0,"parent":127,"menu_order":9985,"comment_status":"closed","ping_status":"closed","template":"","meta":{"footnotes":""},"class_list":["post-629","page","type-page","status-publish","hentry"],"_links":{"self":[{"href":"https:\/\/iicbelgrado.esteri.it\/sr\/wp-json\/wp\/v2\/pages\/629","targetHints":{"allow":["GET"]}}],"collection":[{"href":"https:\/\/iicbelgrado.esteri.it\/sr\/wp-json\/wp\/v2\/pages"}],"about":[{"href":"https:\/\/iicbelgrado.esteri.it\/sr\/wp-json\/wp\/v2\/types\/page"}],"author":[{"embeddable":true,"href":"https:\/\/iicbelgrado.esteri.it\/sr\/wp-json\/wp\/v2\/users\/8"}],"replies":[{"embeddable":true,"href":"https:\/\/iicbelgrado.esteri.it\/sr\/wp-json\/wp\/v2\/comments?post=629"}],"version-history":[{"count":4,"href":"https:\/\/iicbelgrado.esteri.it\/sr\/wp-json\/wp\/v2\/pages\/629\/revisions"}],"predecessor-version":[{"id":1184,"href":"https:\/\/iicbelgrado.esteri.it\/sr\/wp-json\/wp\/v2\/pages\/629\/revisions\/1184"}],"up":[{"embeddable":true,"href":"https:\/\/iicbelgrado.esteri.it\/sr\/wp-json\/wp\/v2\/pages\/127"}],"wp:attachment":[{"href":"https:\/\/iicbelgrado.esteri.it\/sr\/wp-json\/wp\/v2\/media?parent=629"}],"curies":[{"name":"wp","href":"https:\/\/api.w.org\/{rel}","templated":true}]}}