{"id":548,"date":"2023-07-25T16:52:48","date_gmt":"2023-07-25T14:52:48","guid":{"rendered":"https:\/\/iicbelgrado.esteri.it\/?page_id=548"},"modified":"2023-07-25T16:52:57","modified_gmt":"2023-07-25T14:52:57","slug":"staziranje","status":"publish","type":"page","link":"https:\/\/iicbelgrado.esteri.it\/sr\/amministrazione-trasparente\/avvisi\/staziranje\/","title":{"rendered":"Sta\u017eiranje"},"content":{"rendered":"<p><span class=\"titoloNotizia\"><span class=\"titoloRosso\">Pripravni\u0161tvo u Ministarstvu spoljnih poslova (MAE)\/Konferencija rektora italijanskih Univerziteta (CRUI)<\/span><\/span><\/p>\n<p><span class=\"titoloNotizia\">Kome su namenjeni<br \/>\n<\/span>Mladim italijanima koji imaju posebne zasluge i diplomu vi\u0161eg ili visokog stru\u010dnog usmerenja ili diplomu po starom \u0161kolskom sistemu (dobijenu pre najvi\u0161e 18 meseci) ili diplomu italijanskih Univerziteta ili postdiplomci 1\u00b0 i 2\u00b0 stepena (koji su diplomirali pre najvi\u0161e 18 meseci)<\/p>\n<p><span class=\"titoloNotizia\">Gde i kada se odr\u017eavaju<br \/>\n<\/span>Data je mogu\u0107nost obavljanja pripravni\u010dkog sta\u017ea u trajanju od tri meseca u kancelarijama Ministarstva spoljnih poslova u Rimu ili u sedi\u0161tu Ministarstva u inostranstvu:<br \/>\n<a href=\"http:\/\/www.esteri.it\/mae\/it\/politica_estera\/cultura\/reteiic.html\" target=\"_blank\" rel=\"noopener\">Italijanski institut za kulturu<br \/>\n<\/a><a href=\"http:\/\/www.esteri.it\/mae\/it\/ministero\/servizi\/italiani\/rappresentanze\/\">Italijanske ambasade<\/a><br \/>\n<a href=\"http:\/\/www.esteri.it\/mae\/it\/ministero\/servizi\/italiani\/rappresentanze\/\">Italijanski konzulati<\/a><br \/>\n<a href=\"http:\/\/www.esteri.it\/mae\/it\/ministero\/laretediplomatica\/rappresentanze_permanenti\/\" target=\"_blank\" rel=\"noopener\">Stalna predstavni\u0161tva u Me\u0111unarodnim organizacijama<\/a><\/p>\n<p>Pripravni\u010dki sta\u017e je obi\u010dno raspore\u0111en u tri perioda godi\u0161nje (januar-april; maj-avgust; septembar-decembar)<\/p>\n<p><span class=\"titoloNotizia\">Ko ih organizuje<br \/>\n<\/span>Pripravni\u0161tvo je ustanovljeno Konvencijom izme\u0111u Ministarstva spoljnih poslova (Diplomatski institut) i\u00a0<a href=\"https:\/\/www.crui.it\/\">Konferencije Rektora italijanskih Univerziteta<\/a>\u00a0(CRUI).<br \/>\nOvoj Konvenciji izme\u0111u Ministarstva spoljnih poslova i Konferencije rektora italijanskih Univerziteta, do sada je pristupilo 57 italijanskih univerziteta. U periodu od 2001. do 2004. ponu\u0111eno je preko 3000 pripravni\u0161tava u Ministarstvu ili u sedi\u0161tima u inostranstvu, za koje je se prijavilo skoro 10000 kandidata.\u00a0<span class=\"titoloNotizia\"><br \/>\n<\/span><br \/>\n<span class=\"titoloNotizia\">Program<br \/>\n<\/span>Program je namenjen onima koji \u017eele da u\u0111u u kontakt sa sistemom me\u0111unarodnih odnosa na\u0161e zemlje u oblasti politike, ekonomije, socio-kulture, nauke i razvoja saradnje, i pru\u017ea mogu\u0107nost sticanja direktnih i konkretnih znanja \u2013 na privilegovan na\u010din \u2013 o operativnoj strukturi Ministarstva u Italiji i u inostranstvu. Namenjeno je onima koji su zainteresovani da zapo\u010dnu ma\u0111unarodnu karijeru i za one koji \u017eele da nastave studije i da obogate svoja znanja na tom polju, na zavr\u0161etku akademskih studija.<span class=\"titoloNotizia\"><br \/>\n<\/span><br \/>\n<span class=\"titoloNotizia\">Diplomatski institut Ministarstva spoljnih poslova<br \/>\n<\/span>Diplomatski institut se bavi koordinacijom programa i razli\u010ditim aspektima upravljanja, u saradnji sa CRUI. Posebno: defini\u0161e njihove ciljeve, modalitete i sadr\u017eaje; priprema periodi\u010dno objavljivanje slobodnih mesta sa opisom svakog od njih; promovi\u0161e njihovo \u0161irenje; pristupa selekciji kandidata; vodi ra\u010duna o korisnim inicijativama i o obrazovnoj aktivnosti odabranih kandidata u sedi\u0161tima primalaca; vr\u0161ti op\u0161ti monitoring razvoja pripravni\u010dkog sta\u017ea i dobijenih rezultata.<\/p>\n<p><span class=\"titoloNotizia\">Informacije<br \/>\n<\/span>Na web sajtu<a href=\"http:\/\/www.crui.it\/crui\/tirocini1\/index.htm\" target=\"_blank\" rel=\"noopener\">CRUI (Konferencija rektora italijanskih univerziteta)<\/a>\u00a0mogu se dobiti dodatne informacije o proceduri i uslovima u\u010destvovanja, kao i spisak Univerziteta koji su pri\u0161li ovoj inicijativi. Zainteresovani treba da se obrate i kompetentnim kancelarijama na svakom od Univerziteta koje prikupljaju molbe kandidata i mogu da pru\u017ee sve korisne informacije. Informacije se mogu zatra\u017eiti i od Diplomatskog instituta Ministarstva spoljnih poslova na ovoj e-mail adresi:\u00a0\u00a0<a href=\"mailto:programma.tirocini@esteri.it%20?subject=Tirocini%20MAE%20CRUI\">programma.tirocini@esteri.it<\/a><\/p>\n","protected":false},"excerpt":{"rendered":"Pripravni\u0161tvo u Ministarstvu spoljnih poslova (MAE)\/Konferencija rektora italijanskih Univerziteta (CRUI) Kome su namenjeni Mladim italijanima koji imaju posebne zasluge i diplomu vi\u0161eg ili visokog stru\u010dnog usmerenja ili diplomu po starom \u0161kolskom sistemu (dobijenu pre najvi\u0161e 18 meseci) ili diplomu italijanskih Univerziteta ili postdiplomci 1\u00b0 i 2\u00b0 stepena (koji su diplomirali pre najvi\u0161e 18 meseci) Gde [&hellip;]","protected":false},"author":8,"featured_media":0,"parent":517,"menu_order":0,"comment_status":"closed","ping_status":"closed","template":"","meta":{"footnotes":""},"class_list":["post-548","page","type-page","status-publish","hentry"],"_links":{"self":[{"href":"https:\/\/iicbelgrado.esteri.it\/sr\/wp-json\/wp\/v2\/pages\/548","targetHints":{"allow":["GET"]}}],"collection":[{"href":"https:\/\/iicbelgrado.esteri.it\/sr\/wp-json\/wp\/v2\/pages"}],"about":[{"href":"https:\/\/iicbelgrado.esteri.it\/sr\/wp-json\/wp\/v2\/types\/page"}],"author":[{"embeddable":true,"href":"https:\/\/iicbelgrado.esteri.it\/sr\/wp-json\/wp\/v2\/users\/8"}],"replies":[{"embeddable":true,"href":"https:\/\/iicbelgrado.esteri.it\/sr\/wp-json\/wp\/v2\/comments?post=548"}],"version-history":[{"count":2,"href":"https:\/\/iicbelgrado.esteri.it\/sr\/wp-json\/wp\/v2\/pages\/548\/revisions"}],"predecessor-version":[{"id":1096,"href":"https:\/\/iicbelgrado.esteri.it\/sr\/wp-json\/wp\/v2\/pages\/548\/revisions\/1096"}],"up":[{"embeddable":true,"href":"https:\/\/iicbelgrado.esteri.it\/sr\/wp-json\/wp\/v2\/pages\/517"}],"wp:attachment":[{"href":"https:\/\/iicbelgrado.esteri.it\/sr\/wp-json\/wp\/v2\/media?parent=548"}],"curies":[{"name":"wp","href":"https:\/\/api.w.org\/{rel}","templated":true}]}}