{"id":478,"date":"2023-07-03T09:39:21","date_gmt":"2023-07-03T07:39:21","guid":{"rendered":"https:\/\/iicbelgrado.esteri.it\/?page_id=478"},"modified":"2023-07-03T09:43:33","modified_gmt":"2023-07-03T07:43:33","slug":"ispiti-i-diplome","status":"publish","type":"page","link":"https:\/\/iicbelgrado.esteri.it\/sr\/lingua-e-cultura\/i-corsi-di-lingua\/ispiti-i-diplome\/","title":{"rendered":"Ispiti i diplome"},"content":{"rendered":"<p><strong>Potvrda o poha\u0111anju kursa<\/strong><\/p>\n<p>Svi na\u0161i polaznici koji su poha\u0111ali najmanje jednu tre\u0107inu ukupnog broja \u010dasova dobijaju potvrdu o poha\u0111anju kursa na kojoj je nazna\u010den nivo kursa i postignut rezultat na finalnom testu.<\/p>\n<p><strong>Me\u0111unarodno priznati sertifikat za italijanski jezik Univerziteta za strance u Sijeni-CILS<\/strong><\/p>\n<p>Italijanski institut za kulturu, prema italijanskom normativu, ima ugovor sa Univerzitetom za strance u Sijeni za polaganje me\u0111unarodnog priznatog sertifikata za italijanski jezik.<\/p>\n<p>Ispiti za CILS sertifikate odr\u017eavaju se dva puta godi\u0161nje, u junu i decembru. Datume polaganja, ispitne takse kao i na\u010din prijavljivanja odre\u0111uje Univerzitet za strance u Sijeni.<\/p>\n<p>Vi\u0161e informacija mo\u017eete dobiti putem maila:\u00a0corsilingua.iicbelgrado@esteri.it<\/p>\n","protected":false},"excerpt":{"rendered":"Potvrda o poha\u0111anju kursa Svi na\u0161i polaznici koji su poha\u0111ali najmanje jednu tre\u0107inu ukupnog broja \u010dasova dobijaju potvrdu o poha\u0111anju kursa na kojoj je nazna\u010den nivo kursa i postignut rezultat na finalnom testu. Me\u0111unarodno priznati sertifikat za italijanski jezik Univerziteta za strance u Sijeni-CILS Italijanski institut za kulturu, prema italijanskom normativu, ima ugovor sa Univerzitetom [&hellip;]","protected":false},"author":8,"featured_media":0,"parent":105,"menu_order":6,"comment_status":"closed","ping_status":"closed","template":"","meta":{"footnotes":""},"class_list":["post-478","page","type-page","status-publish","hentry"],"_links":{"self":[{"href":"https:\/\/iicbelgrado.esteri.it\/sr\/wp-json\/wp\/v2\/pages\/478","targetHints":{"allow":["GET"]}}],"collection":[{"href":"https:\/\/iicbelgrado.esteri.it\/sr\/wp-json\/wp\/v2\/pages"}],"about":[{"href":"https:\/\/iicbelgrado.esteri.it\/sr\/wp-json\/wp\/v2\/types\/page"}],"author":[{"embeddable":true,"href":"https:\/\/iicbelgrado.esteri.it\/sr\/wp-json\/wp\/v2\/users\/8"}],"replies":[{"embeddable":true,"href":"https:\/\/iicbelgrado.esteri.it\/sr\/wp-json\/wp\/v2\/comments?post=478"}],"version-history":[{"count":1,"href":"https:\/\/iicbelgrado.esteri.it\/sr\/wp-json\/wp\/v2\/pages\/478\/revisions"}],"predecessor-version":[{"id":479,"href":"https:\/\/iicbelgrado.esteri.it\/sr\/wp-json\/wp\/v2\/pages\/478\/revisions\/479"}],"up":[{"embeddable":true,"href":"https:\/\/iicbelgrado.esteri.it\/sr\/wp-json\/wp\/v2\/pages\/105"}],"wp:attachment":[{"href":"https:\/\/iicbelgrado.esteri.it\/sr\/wp-json\/wp\/v2\/media?parent=478"}],"curies":[{"name":"wp","href":"https:\/\/api.w.org\/{rel}","templated":true}]}}