{"id":453,"date":"2023-06-22T14:34:52","date_gmt":"2023-06-22T12:34:52","guid":{"rendered":"https:\/\/iicbelgrado.esteri.it\/?page_id=453"},"modified":"2024-04-02T13:13:58","modified_gmt":"2024-04-02T11:13:58","slug":"testiranje-nivoa-poznavanja-italijanskog-jezika","status":"publish","type":"page","link":"https:\/\/iicbelgrado.esteri.it\/sr\/lingua-e-cultura\/i-corsi-di-lingua\/testiranje-nivoa-poznavanja-italijanskog-jezika\/","title":{"rendered":"Testiranje nivoa poznavanja italijanskog jezika"},"content":{"rendered":"<p><strong>Kursevi italijanskog jezika se odr\u017eavaju u\u017eivo i na daljinu.<br \/>\n<\/strong><strong>U ovom periodu testiranje se vr\u0161i online. Vi\u0161e informacija na: corsilingua.iicbelgrado@esteri.it<\/strong><\/p>\n<p><strong>Testiranje nivoa poznavanja italijanskog jezika<\/strong><\/p>\n<p>Polaznici koji ve\u0107 poseduju odre\u0111eno znanje italijanskog jezika, a nisu poha\u0111ali kurseve u Italijanskom institutu za kulturu, pola\u017eu ulazni test (pismeni i usmeni deo) kojim se odre\u0111uje jezi\u010dki nivo u skladu sa organizacijom na\u0161ih kurseva.<\/p>\n<p><strong>Vi\u0161e informacija na:\u00a0corsilingua.iicbelgrado@esteri.it<\/strong><\/p>\n","protected":false},"excerpt":{"rendered":"Kursevi italijanskog jezika se odr\u017eavaju u\u017eivo i na daljinu. U ovom periodu testiranje se vr\u0161i online. Vi\u0161e informacija na: corsilingua.iicbelgrado@esteri.it Testiranje nivoa poznavanja italijanskog jezika Polaznici koji ve\u0107 poseduju odre\u0111eno znanje italijanskog jezika, a nisu poha\u0111ali kurseve u Italijanskom institutu za kulturu, pola\u017eu ulazni test (pismeni i usmeni deo) kojim se odre\u0111uje jezi\u010dki nivo u [&hellip;]","protected":false},"author":8,"featured_media":0,"parent":105,"menu_order":4,"comment_status":"closed","ping_status":"closed","template":"","meta":{"footnotes":""},"class_list":["post-453","page","type-page","status-publish","hentry"],"_links":{"self":[{"href":"https:\/\/iicbelgrado.esteri.it\/sr\/wp-json\/wp\/v2\/pages\/453","targetHints":{"allow":["GET"]}}],"collection":[{"href":"https:\/\/iicbelgrado.esteri.it\/sr\/wp-json\/wp\/v2\/pages"}],"about":[{"href":"https:\/\/iicbelgrado.esteri.it\/sr\/wp-json\/wp\/v2\/types\/page"}],"author":[{"embeddable":true,"href":"https:\/\/iicbelgrado.esteri.it\/sr\/wp-json\/wp\/v2\/users\/8"}],"replies":[{"embeddable":true,"href":"https:\/\/iicbelgrado.esteri.it\/sr\/wp-json\/wp\/v2\/comments?post=453"}],"version-history":[{"count":2,"href":"https:\/\/iicbelgrado.esteri.it\/sr\/wp-json\/wp\/v2\/pages\/453\/revisions"}],"predecessor-version":[{"id":7190,"href":"https:\/\/iicbelgrado.esteri.it\/sr\/wp-json\/wp\/v2\/pages\/453\/revisions\/7190"}],"up":[{"embeddable":true,"href":"https:\/\/iicbelgrado.esteri.it\/sr\/wp-json\/wp\/v2\/pages\/105"}],"wp:attachment":[{"href":"https:\/\/iicbelgrado.esteri.it\/sr\/wp-json\/wp\/v2\/media?parent=453"}],"curies":[{"name":"wp","href":"https:\/\/api.w.org\/{rel}","templated":true}]}}