{"id":449,"date":"2023-06-22T14:10:38","date_gmt":"2023-06-22T12:10:38","guid":{"rendered":"https:\/\/iicbelgrado.esteri.it\/?page_id=449"},"modified":"2023-06-30T10:59:18","modified_gmt":"2023-06-30T08:59:18","slug":"metode-i-nivoi","status":"publish","type":"page","link":"https:\/\/iicbelgrado.esteri.it\/sr\/lingua-e-cultura\/i-corsi-di-lingua\/metode-i-nivoi\/","title":{"rendered":"Metode i nivoi"},"content":{"rendered":"<p><strong>Organizacija kurseva i jezi\u010dki nivoi<\/strong><\/p>\n<p>Standardni tromese\u010dni kursevi odr\u017eavaju se dva puta nedeljno. Jedan susret traje devedeset minuta (dva \u0161kolska \u010dasa od 45 minuta).<\/p>\n<p>Jezi\u010dki nivoi u skladu su sa Zajedni\u010dkim evropskim referentnim okvirom za \u017eive jezike i raspore\u0111eni su po kursevima prema slede\u0107em principu:<\/p>\n<p><strong>Nivo A1 \u2192 Kursevi: A1.1\/ A1.2<\/strong><\/p>\n<p><strong>Nivo A2 \u2192 Kursevi: A2.1\/ A2.2<\/strong><\/p>\n<p><strong>Nivo B1 \u2192 Kursevi: B1.1\/B1.2\/B1.3<\/strong><\/p>\n<p><strong>Nivo B2 \u2192 Kursevi: B2.1\/B2.2\/B2.3\/B2.4<\/strong><\/p>\n<p><strong>Nivo C1 \u2192 Kursevi: C1.1\/C1.2\/C1.3<\/strong><\/p>\n<p><strong>Nivo C2 \u2192 Kursevi: C2.1\/C2.2\/C2.3<\/strong><\/p>\n","protected":false},"excerpt":{"rendered":"Organizacija kurseva i jezi\u010dki nivoi Standardni tromese\u010dni kursevi odr\u017eavaju se dva puta nedeljno. Jedan susret traje devedeset minuta (dva \u0161kolska \u010dasa od 45 minuta). Jezi\u010dki nivoi u skladu su sa Zajedni\u010dkim evropskim referentnim okvirom za \u017eive jezike i raspore\u0111eni su po kursevima prema slede\u0107em principu: Nivo A1 \u2192 Kursevi: A1.1\/ A1.2 Nivo A2 \u2192 Kursevi: [&hellip;]","protected":false},"author":8,"featured_media":0,"parent":105,"menu_order":2,"comment_status":"closed","ping_status":"closed","template":"","meta":{"footnotes":""},"class_list":["post-449","page","type-page","status-publish","hentry"],"_links":{"self":[{"href":"https:\/\/iicbelgrado.esteri.it\/sr\/wp-json\/wp\/v2\/pages\/449","targetHints":{"allow":["GET"]}}],"collection":[{"href":"https:\/\/iicbelgrado.esteri.it\/sr\/wp-json\/wp\/v2\/pages"}],"about":[{"href":"https:\/\/iicbelgrado.esteri.it\/sr\/wp-json\/wp\/v2\/types\/page"}],"author":[{"embeddable":true,"href":"https:\/\/iicbelgrado.esteri.it\/sr\/wp-json\/wp\/v2\/users\/8"}],"replies":[{"embeddable":true,"href":"https:\/\/iicbelgrado.esteri.it\/sr\/wp-json\/wp\/v2\/comments?post=449"}],"version-history":[{"count":1,"href":"https:\/\/iicbelgrado.esteri.it\/sr\/wp-json\/wp\/v2\/pages\/449\/revisions"}],"predecessor-version":[{"id":450,"href":"https:\/\/iicbelgrado.esteri.it\/sr\/wp-json\/wp\/v2\/pages\/449\/revisions\/450"}],"up":[{"embeddable":true,"href":"https:\/\/iicbelgrado.esteri.it\/sr\/wp-json\/wp\/v2\/pages\/105"}],"wp:attachment":[{"href":"https:\/\/iicbelgrado.esteri.it\/sr\/wp-json\/wp\/v2\/media?parent=449"}],"curies":[{"name":"wp","href":"https:\/\/api.w.org\/{rel}","templated":true}]}}