{"id":447,"date":"2023-06-22T14:00:31","date_gmt":"2023-06-22T12:00:31","guid":{"rendered":"https:\/\/iicbelgrado.esteri.it\/?page_id=447"},"modified":"2023-12-20T17:19:49","modified_gmt":"2023-12-20T16:19:49","slug":"kako-i-kad-se-upisati","status":"publish","type":"page","link":"https:\/\/iicbelgrado.esteri.it\/sr\/lingua-e-cultura\/i-corsi-di-lingua\/kako-i-kad-se-upisati\/","title":{"rendered":"Kako i kad se upisati"},"content":{"rendered":"<p><strong>Kako i kad se upisati<\/strong><\/p>\n<p><strong>Prijava na kurseve se odvija isklju\u010divo popunjavanjem\u00a0online formulara za odre\u0111eni kurs.<\/strong><\/p>\n<p>Ukoliko se prvi put upisujete na na\u0161e kurseve i ve\u0107 imate neko znanje italijanskog, potrebno je da uradite ulazni test (pisanu i usmenu proveru znanja) koji \u0107e vam omogu\u0107iti da se prijavite na odgovaraju\u0107i nivo na\u0161ih kurseva. Napominjemo da se ulazno testiranje ne napla\u0107uje i da ga mo\u017eete zakazati putem dole navedenog kontakta.<\/p>\n<p><strong>Vi\u0161e informacija na:<\/strong><\/p>\n<p>Sekretarijat za kurseve i sertifikaciju:<br \/>\ne-mail: corsilingua.iicbelgrado@esteri.it<\/p>\n","protected":false},"excerpt":{"rendered":"Kako i kad se upisati Prijava na kurseve se odvija isklju\u010divo popunjavanjem\u00a0online formulara za odre\u0111eni kurs. Ukoliko se prvi put upisujete na na\u0161e kurseve i ve\u0107 imate neko znanje italijanskog, potrebno je da uradite ulazni test (pisanu i usmenu proveru znanja) koji \u0107e vam omogu\u0107iti da se prijavite na odgovaraju\u0107i nivo na\u0161ih kurseva. Napominjemo da [&hellip;]","protected":false},"author":8,"featured_media":0,"parent":105,"menu_order":1,"comment_status":"closed","ping_status":"closed","template":"","meta":{"footnotes":""},"class_list":["post-447","page","type-page","status-publish","hentry"],"_links":{"self":[{"href":"https:\/\/iicbelgrado.esteri.it\/sr\/wp-json\/wp\/v2\/pages\/447","targetHints":{"allow":["GET"]}}],"collection":[{"href":"https:\/\/iicbelgrado.esteri.it\/sr\/wp-json\/wp\/v2\/pages"}],"about":[{"href":"https:\/\/iicbelgrado.esteri.it\/sr\/wp-json\/wp\/v2\/types\/page"}],"author":[{"embeddable":true,"href":"https:\/\/iicbelgrado.esteri.it\/sr\/wp-json\/wp\/v2\/users\/8"}],"replies":[{"embeddable":true,"href":"https:\/\/iicbelgrado.esteri.it\/sr\/wp-json\/wp\/v2\/comments?post=447"}],"version-history":[{"count":2,"href":"https:\/\/iicbelgrado.esteri.it\/sr\/wp-json\/wp\/v2\/pages\/447\/revisions"}],"predecessor-version":[{"id":5941,"href":"https:\/\/iicbelgrado.esteri.it\/sr\/wp-json\/wp\/v2\/pages\/447\/revisions\/5941"}],"up":[{"embeddable":true,"href":"https:\/\/iicbelgrado.esteri.it\/sr\/wp-json\/wp\/v2\/pages\/105"}],"wp:attachment":[{"href":"https:\/\/iicbelgrado.esteri.it\/sr\/wp-json\/wp\/v2\/media?parent=447"}],"curies":[{"name":"wp","href":"https:\/\/api.w.org\/{rel}","templated":true}]}}