{"id":441,"date":"2023-06-22T13:56:39","date_gmt":"2023-06-22T11:56:39","guid":{"rendered":"https:\/\/iicbelgrado.esteri.it\/?page_id=441"},"modified":"2026-04-15T09:54:31","modified_gmt":"2026-04-15T07:54:31","slug":"online-priprema-za-sertifikaciju-celi-cils","status":"publish","type":"page","link":"https:\/\/iicbelgrado.esteri.it\/sr\/lingua-e-cultura\/i-corsi-di-lingua\/ponuda-kurseva\/online-priprema-za-sertifikaciju-celi-cils\/","title":{"rendered":"Online priprema za sertifikaciju CILS"},"content":{"rendered":"<p><strong>Informacije:<\/strong><\/p>\n<p><strong>UPIS NA KURSEVE TRAJE DO 14. APRILA 2026.<\/strong><\/p>\n<p><strong>Trajanje kursa:<br \/>\n<\/strong><strong>20\/04 \u2013 22\/05\/2026<\/strong><br \/>\n20 \u010dasova (45 min),\u00a02&#215;2 \u010dasa nedeljno<\/p>\n<p><a href=\"https:\/\/iicbelgrado.esteri.it\/wp-content\/uploads\/2026\/03\/CENE-kurseva-APRIL-2026.pdf\" target=\"_blank\" rel=\"noopener\"><strong>Cene i na\u010din pla\u0107anja<\/strong><\/a><br \/>\n<a href=\"https:\/\/iicbelgrado.esteri.it\/wp-content\/uploads\/2026\/03\/uplatnica_za__unicredit_banku.pdf\" target=\"_blank\" rel=\"noopener\"><strong>Formular za pla\u0107anje<\/strong><\/a><\/p>\n<p><strong>Raspored i formular za upis:<\/strong><\/p>\n<table style=\"height: auto; width: auto; background-color: #ffffff;\" border=\"0\">\n<tbody>\n<tr style=\"background-color: #b4d4ff;\">\n<td><strong>Nivo<\/strong><\/td>\n<td><strong>Raspored i formulari za upis\u00a0<\/strong><\/td>\n<\/tr>\n<tr style=\"background-color: #ffffff;\">\n<td><strong>\u00a0B1\u00a0<\/strong><\/td>\n<td>sreda &#8211; petak 17.45 &#8211; 19.15<\/td>\n<\/tr>\n<tr style=\"background-color: #ffffff;\">\n<td><strong>\u00a0B2<\/strong><\/td>\n<td>sreda &#8211; petak 19.30-21.00<\/td>\n<\/tr>\n<\/tbody>\n<\/table>\n<p><strong>Formular za upis<\/strong><\/p>\n<p><strong>Za detaljnije informacije:<\/strong><\/p>\n<p><strong>SEKRETARIJAT ZA KURSEVE JEZIKA I SERTIFIKATE:<\/strong><br \/>\ne-mail: corsilingua.iicbelgrado@esteri.it<\/p>\n","protected":false},"excerpt":{"rendered":"Informacije: UPIS NA KURSEVE TRAJE DO 14. APRILA 2026. Trajanje kursa: 20\/04 \u2013 22\/05\/2026 20 \u010dasova (45 min),\u00a02&#215;2 \u010dasa nedeljno Cene i na\u010din pla\u0107anja Formular za pla\u0107anje Raspored i formular za upis: Nivo Raspored i formulari za upis\u00a0 \u00a0B1\u00a0 sreda &#8211; petak 17.45 &#8211; 19.15 \u00a0B2 sreda &#8211; petak 19.30-21.00 Formular za upis Za detaljnije [&hellip;]","protected":false},"author":8,"featured_media":0,"parent":408,"menu_order":6,"comment_status":"closed","ping_status":"closed","template":"","meta":{"footnotes":""},"class_list":["post-441","page","type-page","status-publish","hentry"],"_links":{"self":[{"href":"https:\/\/iicbelgrado.esteri.it\/sr\/wp-json\/wp\/v2\/pages\/441","targetHints":{"allow":["GET"]}}],"collection":[{"href":"https:\/\/iicbelgrado.esteri.it\/sr\/wp-json\/wp\/v2\/pages"}],"about":[{"href":"https:\/\/iicbelgrado.esteri.it\/sr\/wp-json\/wp\/v2\/types\/page"}],"author":[{"embeddable":true,"href":"https:\/\/iicbelgrado.esteri.it\/sr\/wp-json\/wp\/v2\/users\/8"}],"replies":[{"embeddable":true,"href":"https:\/\/iicbelgrado.esteri.it\/sr\/wp-json\/wp\/v2\/comments?post=441"}],"version-history":[{"count":8,"href":"https:\/\/iicbelgrado.esteri.it\/sr\/wp-json\/wp\/v2\/pages\/441\/revisions"}],"predecessor-version":[{"id":17342,"href":"https:\/\/iicbelgrado.esteri.it\/sr\/wp-json\/wp\/v2\/pages\/441\/revisions\/17342"}],"up":[{"embeddable":true,"href":"https:\/\/iicbelgrado.esteri.it\/sr\/wp-json\/wp\/v2\/pages\/408"}],"wp:attachment":[{"href":"https:\/\/iicbelgrado.esteri.it\/sr\/wp-json\/wp\/v2\/media?parent=441"}],"curies":[{"name":"wp","href":"https:\/\/api.w.org\/{rel}","templated":true}]}}