{"id":434,"date":"2023-06-22T13:22:20","date_gmt":"2023-06-22T11:22:20","guid":{"rendered":"https:\/\/iicbelgrado.esteri.it\/?page_id=434"},"modified":"2026-04-15T09:53:15","modified_gmt":"2026-04-15T07:53:15","slug":"kursevi-online-subotom-za-odrasle","status":"publish","type":"page","link":"https:\/\/iicbelgrado.esteri.it\/sr\/lingua-e-cultura\/i-corsi-di-lingua\/ponuda-kurseva\/kursevi-online-subotom-za-odrasle\/","title":{"rendered":"Kursevi online subotom"},"content":{"rendered":"<p><strong>Informacije<\/strong><\/p>\n<p><strong>Upis na kurseve traje do 14. aprila 2026.<\/strong><\/p>\n<p><strong>Trajanje kursa<\/strong>:<br \/>\n<strong>25\/04 \u2013 04\/07\/2026<\/strong>.<\/p>\n<p>44 \u010dasa (45 min), 1&#215;4 \u010dasa nedeljno<\/p>\n<p><strong><a href=\"https:\/\/iicbelgrado.esteri.it\/wp-content\/uploads\/2026\/03\/CENE-kurseva-APRIL-2026.pdf\">Cene i na\u010din pla\u0107anja<\/a><br \/>\n<\/strong><a href=\"https:\/\/iicbelgrado.esteri.it\/wp-content\/uploads\/2026\/03\/uplatnica_za__unicredit_banku.pdf\" target=\"_blank\" rel=\"noopener\"><strong>Formular za pla\u0107anje<\/strong><\/a><\/p>\n<p><strong>Raspored i formular za upis:<\/strong><\/p>\n<table style=\"height: auto; width: auto; background-color: #ffffff;\">\n<tbody>\n<tr>\n<td><strong>Nivo<\/strong><\/td>\n<td><strong>Raspored<\/strong><\/td>\n<td><strong>Libro di testo<\/strong><\/td>\n<\/tr>\n<tr>\n<td><strong>A1.1<\/strong><\/td>\n<td>9.00-12.15<\/td>\n<td>Nuovo Espresso Plus 1<\/td>\n<\/tr>\n<tr style=\"background-color: #ffffff;\">\n<td><strong>A1.2<\/strong><\/td>\n<td>9.00-12.15<\/td>\n<td>Nuovo Espresso Plus 1<\/td>\n<\/tr>\n<tr style=\"background-color: #ffffff;\">\n<td><strong>A2.1<\/strong><\/td>\n<td>9.00-12.15<\/td>\n<td>Nuovo Espresso Plus 1 e \u00a0Nuovo Espresso Plus 2<\/td>\n<\/tr>\n<tr style=\"background-color: #ffffff;\">\n<td><strong>A2.2<\/strong><\/td>\n<td>9.00-12.15<\/td>\n<td>Nuovo Espresso Plus 2<\/td>\n<\/tr>\n<tr style=\"background-color: #ffffff;\">\n<td><strong>B1.2<\/strong><\/td>\n<td>9.00-12.15<\/td>\n<td>Via del Corso B1<\/td>\n<\/tr>\n<tr>\n<td><strong>B2.2<\/strong><\/td>\n<td>9.00-12.15<\/td>\n<td>Via del Corso B2<\/td>\n<\/tr>\n<tr>\n<td><\/td>\n<td><\/td>\n<td><\/td>\n<\/tr>\n<\/tbody>\n<\/table>\n<p><strong>Modulo di iscrizione A1-A2 sabato online<br \/>\nModulo di iscrizione B1-B2 sabato online<\/strong><\/p>\n<p>Mo\u017eete popuniti formular za upis ukoliko ste po\u010detnik ili ste ve\u0107 poha\u0111ali kurs u na\u0161em Institutu i polo\u017eili finalni test.<\/p>\n<p>Ukoliko \u017eelite da se uklju\u010dite u na\u0161e kurseve, a imate znanje italijanskog jezika, neophodno je da uradite ulazno online testiranje koje se radi putem zoom platforme. Pi\u0161ite nam na corsilingua.iicbelgrado@esteri.it da zaka\u017eete testiranje, pa potom popunite odgovaraju\u0107i formular za upis.<\/p>\n<p>Ulazni test su u obavezi da urade i na\u0161i polaznici koji nemaju polo\u017een zavr\u0161ni ispit na prethodnom nivou.<\/p>\n<p>Svi koji popune upisni formular \u0107e dobiti potvrdni mail tokom nedelje uo\u010di po\u010detka kursa. Ukoliko se grupa ne formira u odabranom terminu, ponudi\u0107emo alternativno re\u0161enje. Pla\u0107anje kursa se vr\u0161i tek kada po\u010dne nastava, u periodu od 18. do 31. januara i to prema instrukcijama u formularu za pla\u0107anje, isklju\u010divo u filijalama Unicredit banke.<\/p>\n<p><strong>Za detaljnije informacije:<\/strong><\/p>\n<p><strong>SEKRETARIJAT ZA KURSEVE JEZIKA I SERTIFIKATE:<\/strong><br \/>\ne-mail: corsilingua.iicbelgrado@esteri.it<\/p>\n","protected":false},"excerpt":{"rendered":"Informacije Upis na kurseve traje do 14. aprila 2026. Trajanje kursa: 25\/04 \u2013 04\/07\/2026. 44 \u010dasa (45 min), 1&#215;4 \u010dasa nedeljno Cene i na\u010din pla\u0107anja Formular za pla\u0107anje Raspored i formular za upis: Nivo Raspored Libro di testo A1.1 9.00-12.15 Nuovo Espresso Plus 1 A1.2 9.00-12.15 Nuovo Espresso Plus 1 A2.1 9.00-12.15 Nuovo Espresso Plus [&hellip;]","protected":false},"author":8,"featured_media":0,"parent":408,"menu_order":4,"comment_status":"closed","ping_status":"closed","template":"","meta":{"footnotes":""},"class_list":["post-434","page","type-page","status-publish","hentry"],"_links":{"self":[{"href":"https:\/\/iicbelgrado.esteri.it\/sr\/wp-json\/wp\/v2\/pages\/434","targetHints":{"allow":["GET"]}}],"collection":[{"href":"https:\/\/iicbelgrado.esteri.it\/sr\/wp-json\/wp\/v2\/pages"}],"about":[{"href":"https:\/\/iicbelgrado.esteri.it\/sr\/wp-json\/wp\/v2\/types\/page"}],"author":[{"embeddable":true,"href":"https:\/\/iicbelgrado.esteri.it\/sr\/wp-json\/wp\/v2\/users\/8"}],"replies":[{"embeddable":true,"href":"https:\/\/iicbelgrado.esteri.it\/sr\/wp-json\/wp\/v2\/comments?post=434"}],"version-history":[{"count":8,"href":"https:\/\/iicbelgrado.esteri.it\/sr\/wp-json\/wp\/v2\/pages\/434\/revisions"}],"predecessor-version":[{"id":17329,"href":"https:\/\/iicbelgrado.esteri.it\/sr\/wp-json\/wp\/v2\/pages\/434\/revisions\/17329"}],"up":[{"embeddable":true,"href":"https:\/\/iicbelgrado.esteri.it\/sr\/wp-json\/wp\/v2\/pages\/408"}],"wp:attachment":[{"href":"https:\/\/iicbelgrado.esteri.it\/sr\/wp-json\/wp\/v2\/media?parent=434"}],"curies":[{"name":"wp","href":"https:\/\/api.w.org\/{rel}","templated":true}]}}