{"id":415,"date":"2023-06-22T13:11:28","date_gmt":"2023-06-22T11:11:28","guid":{"rendered":"https:\/\/iicbelgrado.esteri.it\/?page_id=415"},"modified":"2026-04-15T09:52:46","modified_gmt":"2026-04-15T07:52:46","slug":"poluintenzivni-online-kursevi","status":"publish","type":"page","link":"https:\/\/iicbelgrado.esteri.it\/sr\/lingua-e-cultura\/i-corsi-di-lingua\/ponuda-kurseva\/poluintenzivni-online-kursevi\/","title":{"rendered":"Poluintenzivni online kursevi"},"content":{"rendered":"<p>Informacije<\/p>\n<p><strong>Upis na kurseve traje do 14. aprila 2026.<\/strong><\/p>\n<p><strong>Trajanje kursa<\/strong>:<br \/>\n20\/04 \u2013 12\/06\/2026<\/p>\n<p>44 \u010dasa (45 min), 3&#215;2 \u010dasa nedeljno<\/p>\n<p><a href=\"https:\/\/iicbelgrado.esteri.it\/wp-content\/uploads\/2026\/03\/CENE-kurseva-APRIL-2026.pdf\"><strong>Cene i na\u010din pla\u0107anja<\/strong><\/a><br \/>\n<a href=\"https:\/\/iicbelgrado.esteri.it\/wp-content\/uploads\/2026\/03\/uplatnica_za__unicredit_banku.pdf\" target=\"_blank\" rel=\"noopener\"><strong>Formular za pla\u0107anje<\/strong><\/a><\/p>\n<p><strong>Raspored i formular za upis:<\/strong><\/p>\n<table style=\"height: auto; width: auto; background-color: #ffffff;\">\n<tbody>\n<tr>\n<td><strong>\u00a0Nivo<\/strong><\/td>\n<td><strong>\u00a0Raspored<\/strong><\/td>\n<td><strong>\u00a0Ud\u017ebenik<\/strong><\/td>\n<\/tr>\n<tr style=\"background-color: #b4d4ff;\">\n<td>\u00a0<strong>A1.1<\/strong><strong><br \/>\n<\/strong><\/td>\n<td>Ponedeljak, sreda, petak 17.45 &#8211; 19.15<br \/>\n<strong>Formular za upis<\/strong><\/td>\n<td>\u00a0Nuovo Espresso Plus 1<\/td>\n<\/tr>\n<tr>\n<td><\/td>\n<td><\/td>\n<td><\/td>\n<\/tr>\n<\/tbody>\n<\/table>\n<p>&nbsp;<\/p>\n<p>Mo\u017eete popuniti formular za upis ukoliko ste po\u010detnik ili ste ve\u0107 poha\u0111ali kurs u na\u0161em Institutu i polo\u017eili finalni test.<\/p>\n<p>Ukoliko \u017eelite da se uklju\u010dite u na\u0161e kurseve, a imate znanje italijanskog jezika, neophodno je da uradite ulazno online testiranje koje se radi putem zoom platforme. Pi\u0161ite nam na corsilingua.iicbelgrado@esteri.it da zaka\u017eete testiranje, pa potom popunite odgovaraju\u0107i formular za upis.<\/p>\n<p>Ulazni test su u obavezi da urade i na\u0161i polaznici koji nemaju polo\u017een zavr\u0161ni ispit na prethodnom nivou.<\/p>\n<p>Svi koji popune upisni formular \u0107e dobiti potvrdni mail tokom nedelje uo\u010di po\u010detka kursa. Ukoliko se grupa ne formira u odabranom terminu, ponudi\u0107emo alternativno re\u0161enje. Pla\u0107anje kursa se vr\u0161i tek kada po\u010dne nastava i to prema instrukcijama u formularu za pla\u0107anje, isklju\u010divo u filijalama Unicredit banke.<\/p>\n<p><strong><br \/>\n<\/strong>Za detaljnije informacije:<br \/>\n<strong>SEKRETARIJAT ZA KURSEVE JEZIKA I SERTIFIKATE:<\/strong><br \/>\ne-mail: corsilingua.iicbelgrado@esteri.it<\/p>\n","protected":false},"excerpt":{"rendered":"Informacije Upis na kurseve traje do 14. aprila 2026. Trajanje kursa: 20\/04 \u2013 12\/06\/2026 44 \u010dasa (45 min), 3&#215;2 \u010dasa nedeljno Cene i na\u010din pla\u0107anja Formular za pla\u0107anje Raspored i formular za upis: \u00a0Nivo \u00a0Raspored \u00a0Ud\u017ebenik \u00a0A1.1 Ponedeljak, sreda, petak 17.45 &#8211; 19.15 Formular za upis \u00a0Nuovo Espresso Plus 1 &nbsp; Mo\u017eete popuniti formular za [&hellip;]","protected":false},"author":8,"featured_media":0,"parent":408,"menu_order":2,"comment_status":"closed","ping_status":"closed","template":"","meta":{"footnotes":""},"class_list":["post-415","page","type-page","status-publish","hentry"],"_links":{"self":[{"href":"https:\/\/iicbelgrado.esteri.it\/sr\/wp-json\/wp\/v2\/pages\/415","targetHints":{"allow":["GET"]}}],"collection":[{"href":"https:\/\/iicbelgrado.esteri.it\/sr\/wp-json\/wp\/v2\/pages"}],"about":[{"href":"https:\/\/iicbelgrado.esteri.it\/sr\/wp-json\/wp\/v2\/types\/page"}],"author":[{"embeddable":true,"href":"https:\/\/iicbelgrado.esteri.it\/sr\/wp-json\/wp\/v2\/users\/8"}],"replies":[{"embeddable":true,"href":"https:\/\/iicbelgrado.esteri.it\/sr\/wp-json\/wp\/v2\/comments?post=415"}],"version-history":[{"count":7,"href":"https:\/\/iicbelgrado.esteri.it\/sr\/wp-json\/wp\/v2\/pages\/415\/revisions"}],"predecessor-version":[{"id":17326,"href":"https:\/\/iicbelgrado.esteri.it\/sr\/wp-json\/wp\/v2\/pages\/415\/revisions\/17326"}],"up":[{"embeddable":true,"href":"https:\/\/iicbelgrado.esteri.it\/sr\/wp-json\/wp\/v2\/pages\/408"}],"wp:attachment":[{"href":"https:\/\/iicbelgrado.esteri.it\/sr\/wp-json\/wp\/v2\/media?parent=415"}],"curies":[{"name":"wp","href":"https:\/\/api.w.org\/{rel}","templated":true}]}}