{"id":410,"date":"2023-06-22T13:04:10","date_gmt":"2023-06-22T11:04:10","guid":{"rendered":"https:\/\/iicbelgrado.esteri.it\/?page_id=410"},"modified":"2026-04-15T09:52:10","modified_gmt":"2026-04-15T07:52:10","slug":"standardni-kursevi","status":"publish","type":"page","link":"https:\/\/iicbelgrado.esteri.it\/sr\/lingua-e-cultura\/i-corsi-di-lingua\/ponuda-kurseva\/standardni-kursevi\/","title":{"rendered":"Standardni kursevi"},"content":{"rendered":"<p><strong>Informacije:<\/strong><\/p>\n<p>Upis na kurseve traje do 14. APRILA 2026.<\/p>\n<p><strong>Trajanje kursa:<br \/>\n<\/strong><strong>20\/04 \u2013 03\/07\/2026<\/strong>.<br \/>\n44 \u010dasa (45 min), 2&#215;2 \u010dasa nedeljno<\/p>\n<p><a href=\"https:\/\/iicbelgrado.esteri.it\/wp-content\/uploads\/2026\/03\/CENE-kurseva-APRIL-2026.pdf\" target=\"_blank\" rel=\"noopener\"><strong>Cene i na\u010din pla\u0107anja<\/strong><\/a><br \/>\n<a href=\"https:\/\/iicbelgrado.esteri.it\/wp-content\/uploads\/2026\/03\/uplatnica_za__unicredit_banku.pdf\"><strong>Formular za pla\u0107anje<\/strong><\/a><\/p>\n<p><strong><br \/>\nRaspored i formulari za upis:<\/strong><\/p>\n<table style=\"height: auto; width: auto; background-color: #ffffff;\">\n<tbody>\n<tr>\n<td><strong>Nivo<\/strong><\/td>\n<td><strong>Raspored <span style=\"text-decoration: underline;\">ONLINE KURSEVA<\/span> i formulari za upis\u00a0<\/strong><\/td>\n<td><strong>Raspored <span style=\"text-decoration: underline;\">KURSEVA U\u017dIVO<\/span> i formulari za upis<\/strong><\/td>\n<td><strong>Ud\u017ebenik<br \/>\n<\/strong><\/td>\n<\/tr>\n<tr style=\"background-color: #b4d4ff;\">\n<td>\u00a0<strong>A1.1<\/strong><\/td>\n<td style=\"width: 320px;\">Ponedeljak-Sreda 9.00-10.30<br \/>\nUtorak-\u010cetvrtak 10.45-12.15<br \/>\nUtorak-\u010cetvrtak 16.00-17.30<br \/>\nPonedeljak-Sreda 17.45-19.15<br \/>\nUtorak-\u010cetvrtak 17.45-19.15<br \/>\nPonedeljak-Sreda 19.30-21.00<br \/>\nUtorak-\u010cetvrtak 19.30-21.00<br \/>\n<strong>Formular za upis<\/strong><\/td>\n<td style=\"width: 320px;\">Utorak-\u010cetvrtak 9.00-10.30<br \/>\nPonedeljak-Sreda 10.45-12.15<br \/>\nPonedeljak-Sreda 16.00-17.30<br \/>\n<strong>Formular za upis<\/strong><\/td>\n<td>Nuovo Espresso Plus 1<\/td>\n<\/tr>\n<tr style=\"background-color: #ffffff;\">\n<td><strong>\u00a0A1.2<\/strong><\/td>\n<td style=\"width: 320px;\">Utorak-\u010cetvrtak 17.45-19.15<br \/>\nPonedeljak-Sreda 19.30-21.00<br \/>\nUtorak-\u010cetvrtak 19.30-21.00<br \/>\n<strong>Formular za upis<br \/>\n<\/strong><\/td>\n<td style=\"width: 320px;\">Ponedeljak-Sreda 9.00-10.30<br \/>\nUtorak-\u010cetvrtak 10.45-12.15<br \/>\nUtorak-\u010cetvrtak 16.00-17.30<strong><br \/>\nFormular za upis<\/strong><\/td>\n<td>Nuovo Espresso Plus 1<\/td>\n<\/tr>\n<tr style=\"background-color: #b4d4ff;\">\n<td><strong>\u00a0A2.1<\/strong><\/td>\n<td style=\"width: 320px;\">Utorak-\u010cetvrtak 10.45-12.15<br \/>\nPonedeljak-Sreda 17.45-19.15<br \/>\nPonedeljak-Sreda 19.30-21.00<br \/>\nUtorak-\u010cetvrtak 19.30-21.00<strong><br \/>\nFormular za upis<\/strong><\/td>\n<td style=\"width: 320px;\">Utorak-\u010cetvrtak 9.00-10.30<br \/>\nPonedeljak-Sreda 16.00-17.30<strong><br \/>\nFormular za upis<\/strong><\/td>\n<td>Nuovo Espresso Plus 1<br \/>\ni Nuovo Espresso Plus 2<\/td>\n<\/tr>\n<tr>\n<td><strong>\u00a0A2.2<\/strong><\/td>\n<td>Utorak-\u010cetvrtak 17.45-19.15<br \/>\nPonedeljak-Sreda 19.30-21.00<br \/>\nUtorak-\u010cetvrtak 19.30-21.00<strong><br \/>\nFormular za upis<\/strong><\/td>\n<td><\/td>\n<td>Nuovo Espresso Plus 2<\/td>\n<\/tr>\n<tr style=\"background-color: #b4d4ff;\">\n<td>\u00a0<strong>B1.1<\/strong><\/td>\n<td>Utorak-\u010cetvrtak 16.00-17.30<br \/>\nUtorak-\u010cetvrtak 17.45-19.15<br \/>\nUtorak-\u010cetvrtak 19.30-21.00<strong><br \/>\nFormular za upis<\/strong><\/td>\n<td>Ponedeljak-Sreda 9.00-10.30<br \/>\nPonedeljak-Sreda 16.00-17.30<strong><br \/>\nFormular za upis<\/strong><\/td>\n<td>Nuovo Espresso 2<\/td>\n<\/tr>\n<tr>\n<td>\u00a0<strong>B1.2<\/strong><\/td>\n<td>Ponedeljak-Sreda 19.30-21.00<br \/>\nUtorak-\u010cetvrtak 19.30-21.00<strong><br \/>\nFormular za upis<\/strong><\/td>\n<td>Utorak-\u010cetvrtak 9.00-10.30<br \/>\n<strong>Formular za upis<\/strong><\/td>\n<td>Via del Corso B1<\/td>\n<\/tr>\n<tr style=\"background-color: #b4d4ff;\">\n<td><strong>\u00a0B1.3<\/strong><\/td>\n<td>Utorak-\u010cetvrtak 16.00-17.30<br \/>\nPonedeljak-Sreda 19.30-21.00<strong><br \/>\nFormular za upis<\/strong><\/td>\n<td><\/td>\n<td>Via del Corso B1<\/td>\n<\/tr>\n<tr style=\"background-color: #ffffff;\">\n<td><strong>\u00a0B2.1<\/strong><\/td>\n<td>Ponedeljak-Sreda 17.45-19.15<strong><br \/>\nFormular za upis<\/strong><\/td>\n<td><\/td>\n<td>Via del Corso B1<\/td>\n<\/tr>\n<tr style=\"background-color: #b4d4ff;\">\n<td><strong>\u00a0B2.2<\/strong><\/td>\n<td>Ponedeljak-Sreda 17.45-19.15<br \/>\nUtorak-\u010cetvrtak 19.30-21.00<strong><br \/>\nFormular za upis<\/strong><\/td>\n<td>Utorak-\u010cetvrtak 9.00-10.30<strong><br \/>\nFormular za upis<\/strong><\/td>\n<td>Via del Corso B2<\/td>\n<\/tr>\n<tr>\n<td>\u00a0<strong>B2.3<\/strong><\/td>\n<td>Ponedeljak-Sreda 17.45-19.15<strong><br \/>\n<\/strong>Ponedeljak-Sreda 19.30-21.00<strong><br \/>\nFormular za upis<br \/>\n<\/strong><\/td>\n<td><\/td>\n<td>Via del Corso B2<\/td>\n<\/tr>\n<tr style=\"background-color: #b4d4ff;\">\n<td><strong> B2.4<\/strong><\/td>\n<td>Utorak-\u010cetvrtak 10.45-12.15<strong><br \/>\n<\/strong>Utorak-\u010cetvrtak 19.30-21.00<strong><br \/>\nFormular za upis<\/strong><\/td>\n<td><\/td>\n<td>Via del Corso B2<\/td>\n<\/tr>\n<tr>\n<td><strong>C1.1<\/strong><\/td>\n<td>Utorak-\u010cetvrtak 19.30-21.00<strong><br \/>\nFormular za upis<\/strong><\/td>\n<td><\/td>\n<td>Nuovo Espresso 5<\/td>\n<\/tr>\n<tr style=\"background-color: #b4d4ff;\">\n<td><strong>C1.3<\/strong><\/td>\n<td>Utorak-\u010cetvrtak 19.30-21.00<strong><br \/>\nFormular za upis<\/strong><\/td>\n<td><\/td>\n<td>Nuovo Espresso 5<\/td>\n<\/tr>\n<tr>\n<td><strong>C2.4<\/strong><\/td>\n<td>Ponedeljak-Sreda 19.30-21.00<br \/>\n<strong>Formular za upis<\/strong><\/td>\n<td><\/td>\n<td><\/td>\n<\/tr>\n<tr style=\"background-color: #b4d4ff;\">\n<td><\/td>\n<td><\/td>\n<td><\/td>\n<td><\/td>\n<\/tr>\n<\/tbody>\n<\/table>\n<p>&nbsp;<\/p>\n<p>Mo\u017eete popuniti formular za upis ukoliko ste po\u010detnik ili ste ve\u0107 poha\u0111ali kurs u na\u0161em Institutu i polo\u017eili finalni test.<\/p>\n<p>Ukoliko \u017eelite da se uklju\u010dite u na\u0161e kurseve, a imate znanje italijanskog jezika, neophodno je da uradite ulazno online testiranje koje se radi putem zoom platforme. Pi\u0161ite nam na corsilingua.iicbelgrado@esteri.it da zaka\u017eete testiranje, pa potom popunite odgovaraju\u0107i formular za upis.<\/p>\n<p>Ulazni test su u obavezi da urade i na\u0161i polaznici koji nemaju polo\u017een zavr\u0161ni ispit na prethodnom nivou.<\/p>\n<p>Svi koji popune upisni formular \u0107e dobiti potvrdni mail tokom nedelje uo\u010di po\u010detka kursa. Ukoliko se grupa ne formira u odabranom terminu, ponudi\u0107emo alternativno re\u0161enje. Pla\u0107anje kursa se vr\u0161i tek kada po\u010dne nastava, prema instrukcijama u formularu za pla\u0107anje, isklju\u010divo u filijalama Unicredit banke.<\/p>\n<p>&nbsp;<\/p>\n<p><strong>Za detaljnije informacije:<\/strong><\/p>\n<p><strong>SEKRETARIJAT ZA KURSEVE JEZIKA I SERTIFIKATE:<\/strong><br \/>\ne-mail: corsilingua.iicbelgrado@esteri.it<\/p>\n","protected":false},"excerpt":{"rendered":"Informacije: Upis na kurseve traje do 14. APRILA 2026. Trajanje kursa: 20\/04 \u2013 03\/07\/2026. 44 \u010dasa (45 min), 2&#215;2 \u010dasa nedeljno Cene i na\u010din pla\u0107anja Formular za pla\u0107anje Raspored i formulari za upis: Nivo Raspored ONLINE KURSEVA i formulari za upis\u00a0 Raspored KURSEVA U\u017dIVO i formulari za upis Ud\u017ebenik \u00a0A1.1 Ponedeljak-Sreda 9.00-10.30 Utorak-\u010cetvrtak 10.45-12.15 Utorak-\u010cetvrtak [&hellip;]","protected":false},"author":8,"featured_media":0,"parent":408,"menu_order":1,"comment_status":"closed","ping_status":"closed","template":"","meta":{"footnotes":""},"class_list":["post-410","page","type-page","status-publish","hentry"],"_links":{"self":[{"href":"https:\/\/iicbelgrado.esteri.it\/sr\/wp-json\/wp\/v2\/pages\/410","targetHints":{"allow":["GET"]}}],"collection":[{"href":"https:\/\/iicbelgrado.esteri.it\/sr\/wp-json\/wp\/v2\/pages"}],"about":[{"href":"https:\/\/iicbelgrado.esteri.it\/sr\/wp-json\/wp\/v2\/types\/page"}],"author":[{"embeddable":true,"href":"https:\/\/iicbelgrado.esteri.it\/sr\/wp-json\/wp\/v2\/users\/8"}],"replies":[{"embeddable":true,"href":"https:\/\/iicbelgrado.esteri.it\/sr\/wp-json\/wp\/v2\/comments?post=410"}],"version-history":[{"count":9,"href":"https:\/\/iicbelgrado.esteri.it\/sr\/wp-json\/wp\/v2\/pages\/410\/revisions"}],"predecessor-version":[{"id":17324,"href":"https:\/\/iicbelgrado.esteri.it\/sr\/wp-json\/wp\/v2\/pages\/410\/revisions\/17324"}],"up":[{"embeddable":true,"href":"https:\/\/iicbelgrado.esteri.it\/sr\/wp-json\/wp\/v2\/pages\/408"}],"wp:attachment":[{"href":"https:\/\/iicbelgrado.esteri.it\/sr\/wp-json\/wp\/v2\/media?parent=410"}],"curies":[{"name":"wp","href":"https:\/\/api.w.org\/{rel}","templated":true}]}}