{"id":408,"date":"2023-06-22T12:31:45","date_gmt":"2023-06-22T10:31:45","guid":{"rendered":"https:\/\/iicbelgrado.esteri.it\/?page_id=408"},"modified":"2026-03-24T11:31:52","modified_gmt":"2026-03-24T10:31:52","slug":"ponuda-kurseva","status":"publish","type":"page","link":"https:\/\/iicbelgrado.esteri.it\/sr\/lingua-e-cultura\/i-corsi-di-lingua\/ponuda-kurseva\/","title":{"rendered":"Ponuda kurseva"},"content":{"rendered":"<p><strong>Kursevi italijanskog jezika organizuju se online i u\u017eivo u periodu od 20. aprila do 4. jula 2026.<br \/>\nUPIS NA KURSEVE TRAJE DO 14. APRILA 2026.<\/strong><\/p>\n<p>U tom periodu u ponudi su slede\u0107i kursevi:<\/p>\n<p><strong><a href=\"https:\/\/iicbelgrado.esteri.it\/sr\/lingua-e-cultura\/i-corsi-di-lingua\/ponuda-kurseva\/standardni-kursevi\/\" target=\"_blank\" rel=\"noopener\">Standardni kursevi<\/a><br \/>\n<a href=\"https:\/\/iicbelgrado.esteri.it\/sr\/lingua-e-cultura\/i-corsi-di-lingua\/ponuda-kurseva\/kursevi-online-subotom-za-odrasle\/\" target=\"_blank\" rel=\"noopener\">Kursevi subotom online<\/a><br \/>\n<a href=\"https:\/\/iicbelgrado.esteri.it\/sr\/lingua-e-cultura\/i-corsi-di-lingua\/ponuda-kurseva\/kursevi-online-za-srednjoskolce\/\" target=\"_blank\" rel=\"noopener\">Kursevi online za srednjo\u0161kolce<\/a><br \/>\n<a href=\"https:\/\/iicbelgrado.esteri.it\/sr\/lingua-e-cultura\/i-corsi-di-lingua\/ponuda-kurseva\/poluintenzivni-online-kursevi\/\" target=\"_blank\" rel=\"noopener\">Poluintenzivni online kursevi<\/a><br \/>\n<a href=\"https:\/\/iicbelgrado.esteri.it\/sr\/lingua-e-cultura\/i-corsi-di-lingua\/ponuda-kurseva\/parla-con-noi-online\/\" target=\"_blank\" rel=\"noopener\">Parla con noi online<\/a><br \/>\n<a href=\"https:\/\/iicbelgrado.esteri.it\/sr\/lingua-e-cultura\/i-corsi-di-lingua\/ponuda-kurseva\/online-priprema-za-sertifikaciju-celi-cils\/\" target=\"_blank\" rel=\"noopener\">Online priprema za sertifikaciju CILS<\/a><\/strong><\/p>\n<p>Za detaljnije informacije:<br \/>\n<strong>SEKRETARIJAT ZA KURSEVE JEZIKA I SERTIFIKATE:<br \/>\n<\/strong>e-mail:\u00a0<a href=\"mailto:corsilingua.iicbelgrado@esteri.it\">corsilingua.iicbelgrado@esteri.it<\/a><\/p>\n<p>&#8230;&#8230;&#8230;&#8230;&#8230;&#8230;&#8230;&#8230;&#8230;&#8230;&#8230;&#8230;&#8230;&#8230;&#8230;&#8230;..<\/p>\n<p><strong>Standardni kursevi za odrasle<br \/>\n<\/strong>Kursevi za apsolutne po\u010detnike i za sve oni koji ve\u0107 poseduju odre\u0111eni nivo prema Zajedni\u010dnom evropskom referentnom okviru za \u017eive jezike. Standardni tromese\u010dni kursevi odr\u017eavaju se dva puta nedeljno u prepodnevnim i poslepodnevnim terminima. Jedan susret traje dva \u0161kolska \u010dasa od 45 minuta. Mogu\u0107e je poha\u0111ati nastavu i samo subotom u trajanju od \u010detiri \u0161kolska \u010dasa.<\/p>\n<p><strong><br \/>\nPoluintenzivni kursevi za odrasle<br \/>\n<\/strong>Kursevi za apsolutne po\u010detnike i za sve oni koji ve\u0107 poseduju odre\u0111eni nivo prema Zajedni\u010dnom evropskom referentnom okviru za \u017eive jezike. Poluintenzivni jednoipomese\u010dni kursevi odr\u017eavaju se tri puta nedeljno u prepodnevnim i poslepodnevnim terminima. Jedan susret traje dva \u0161kolska \u010dasa od 45 minuta.<\/p>\n<p><strong><br \/>\nKursevi konverzacije za odrasle \u2013 PARLA CON NOI<br \/>\n<\/strong>Kursevi namenjeni polaznicima koji poseduju neki od slede\u0107ih nivoa: B1,B2 i C1\/C2. Fokus nastave je na konverzaciji, boga\u0107enju leksike i usavr\u0161avanju ste\u010denog znanja. Nastava se odvija jednom sedmi\u010dno u trajanju od dva \u0161kolska \u010dasa od 45 minuta.<\/p>\n<p><strong>Pripremni kursevi za polaganje CELI\/CILS sertifikata<br \/>\n<\/strong>U Italijanskom institutu za kulturu mo\u017eete da poha\u0111ate pripremnu nastavu za polaganje ispita CELI Univerziteta za strance u Peru\u0111i i CILS sertifikat Univerziteta za strance u Sijeni. Kurs se odr\u017eava uo\u010di ispitnih rokova i traje pet nedelja, a nastava se odvija dva puta nedeljno po 90 minuta.<\/p>\n<p><strong>Tailor made kursevi \u2013 kursevi za preduze\u0107a<br \/>\n<\/strong>Italijanski institut za kulturu nudi i kurseve za firme i njihove zaposlene. Re\u010d je o tzv. Tailor made kursevima (posebno skrojenim kursevima) koje kreiramo prema va\u0161im potrebama. Nastavu je mogu\u0107e organizovati u prostorijama preduze\u0107a.<\/p>\n<p><strong>Kursevi za srednjo\u0161kolce (uzrast: 14-17 godina):<br \/>\n<\/strong>Kursevi namenjeni u\u010denicima srednjih \u0161kola, od po\u010detnog nivoa (A1.1) do B1.3 nivoa. Nakon B1.3 nivoa u\u010denici nastavljaju sa u\u010denjem italijanskog jezika na naprednim kursevima za odrasle. Nastava se odvija subotom u trajanju od \u010detiri \u0161kolska \u010dasa.<\/p>\n<p><strong>Kursevi za starije \u0161kolarce (uzrast: 11-14 godina):<br \/>\n<\/strong>Kursevi za u\u010denike od V do VIII razreda osnovne \u0161kole. Nastava, ud\u017ebenici, kao i ostali didakti\u010dki materijali koje obezbe\u0111uju nastavnici prilago\u0111eni su uzrastu i interesovanjima starijih \u0161kolaraca koji su apsolutni po\u010detnici ili ve\u0107 poseduju odre\u0111eno predznanje.<\/p>\n<p><strong>Kursevi za mla\u0111e \u0161kolarce (uzrast: 7-10 godina):<br \/>\n<\/strong>Kursevi za u\u010denike od I do IV razreda osnovne \u0161kole. Nastava i nastavni materijal su prilago\u0111eni uzrastu, potrebama i interesovanjima dece na ovom uzrastu.<\/p>\n<p><strong>Kursevi za decu (uzrast: 4 \u2013 7 godina)<br \/>\n<\/strong>Na\u0161i najmla\u0111i polaznici usvajaju italijanski jezik kroz igru, pesme, glumu i kreativne radionice.<\/p>\n","protected":false},"excerpt":{"rendered":"Kursevi italijanskog jezika organizuju se online i u\u017eivo u periodu od 20. aprila do 4. jula 2026. UPIS NA KURSEVE TRAJE DO 14. APRILA 2026. U tom periodu u ponudi su slede\u0107i kursevi: Standardni kursevi Kursevi subotom online Kursevi online za srednjo\u0161kolce Poluintenzivni online kursevi Parla con noi online Online priprema za sertifikaciju CILS Za [&hellip;]","protected":false},"author":8,"featured_media":0,"parent":105,"menu_order":0,"comment_status":"closed","ping_status":"closed","template":"","meta":{"footnotes":""},"class_list":["post-408","page","type-page","status-publish","hentry"],"_links":{"self":[{"href":"https:\/\/iicbelgrado.esteri.it\/sr\/wp-json\/wp\/v2\/pages\/408","targetHints":{"allow":["GET"]}}],"collection":[{"href":"https:\/\/iicbelgrado.esteri.it\/sr\/wp-json\/wp\/v2\/pages"}],"about":[{"href":"https:\/\/iicbelgrado.esteri.it\/sr\/wp-json\/wp\/v2\/types\/page"}],"author":[{"embeddable":true,"href":"https:\/\/iicbelgrado.esteri.it\/sr\/wp-json\/wp\/v2\/users\/8"}],"replies":[{"embeddable":true,"href":"https:\/\/iicbelgrado.esteri.it\/sr\/wp-json\/wp\/v2\/comments?post=408"}],"version-history":[{"count":10,"href":"https:\/\/iicbelgrado.esteri.it\/sr\/wp-json\/wp\/v2\/pages\/408\/revisions"}],"predecessor-version":[{"id":16913,"href":"https:\/\/iicbelgrado.esteri.it\/sr\/wp-json\/wp\/v2\/pages\/408\/revisions\/16913"}],"up":[{"embeddable":true,"href":"https:\/\/iicbelgrado.esteri.it\/sr\/wp-json\/wp\/v2\/pages\/105"}],"wp:attachment":[{"href":"https:\/\/iicbelgrado.esteri.it\/sr\/wp-json\/wp\/v2\/media?parent=408"}],"curies":[{"name":"wp","href":"https:\/\/api.w.org\/{rel}","templated":true}]}}