{"id":1163,"date":"2023-10-04T14:50:21","date_gmt":"2023-10-04T12:50:21","guid":{"rendered":"https:\/\/iicbelgrado.esteri.it\/?page_id=1163"},"modified":"2023-10-04T14:54:41","modified_gmt":"2023-10-04T12:54:41","slug":"concorso-un-video-per-litaliano-e-la-sostenibilita","status":"publish","type":"page","link":"https:\/\/iicbelgrado.esteri.it\/sr\/amministrazione-trasparente\/avvisi\/bandi-di-concorso\/concorso-un-video-per-litaliano-e-la-sostenibilita\/","title":{"rendered":"Concorso \u201cUn video per l\u2019italiano e la sostenibilit\u00e0\u201d"},"content":{"rendered":"<p>La XXIII edizione della Settimana della Lingua Italiana nel Mondo (16-22 ottobre 2023) avr\u00e0 come tema &#8222;L&#8217;italiano e la sostenibilit\u00e0&#8220; con l&#8217;obiettivo di promuovere nel mondo, attraverso la lingua italiana, la cultura della sostenibilit\u00e0 portata avanti da un Paese all&#8217;avanguardia sulle tematiche ambientali.<\/p>\n<p>Per l\u2019edizione 2023, l\u2019Ambasciata d\u2019Italia a Belgrado e l\u2019Istituto Italiano di Cultura di Belgrado organizzano il primo concorso destinato agli studenti d\u2019italiano delle scuole e universit\u00e0 della Serbia. Gli studenti sono chiamati a raccontare la propria visione di sostenibilit\u00e0 che comprenda anche la loro conoscenza dell\u2019Italia e della lingua italiana.<\/p>\n<p>Gli studenti interessati a partecipare dovranno inviare,\u00a0<strong>entro e non oltre le ore 18.00 del 12 ottobre 2023<\/strong>, un video &#8211; realizzato anche con il cellulare &#8211; che costituisca un loro racconto dell\u2019Italia o della lingua italiana nel contesto della sostenibilit\u00e0. I filmati dovranno essere realizzati in lingua italiana.<\/p>\n<p>I video pervenuti saranno valutati a insindacabile giudizio della giuria composta da rappresentanti dell\u2019Ambasciata, dell\u2019IIC e dei docenti d\u2019italiano in Serbia.<\/p>\n<p><strong>La cerimonia di premiazione<\/strong>\u00a0si svolger\u00e0 il prossimo\u00a0<strong>20 ottobre<\/strong>\u00a0in occasione del \u201cGala della Lingua Italiana\u201d presso l\u2019Ambasciata d\u2019Italia a Belgrado, al quale saranno invitati gli studenti autori dei filmati vincitori. I video selezionati dalla giuria saranno trasmessi durante la cerimonia e gli studenti riceveranno i premi messi a disposizione dall\u2019Istituto Italiano di Cultura.<\/p>\n<p>I video, della durata massima di 2-3 minuti, dovranno essere realizzati nel formato MP4 o altro formato equivalente, avere orientamento orizzontale e non superare i 7 Mb di dimensione. Essi dovranno pervenire entro la scadenza sopraindicata in allegato ad un messaggio di posta elettronica con oggetto \u201cConcorso Un video per l\u2019italiano e la sostenibilit\u00e0\u201d inviato all\u2019indirizzo\u00a0<a href=\"mailto:iicbelgrado@esteri.it\">iicbelgrado@esteri.it<\/a>. Nel testo del messaggio andranno riportati nome e cognome dello studente, la scuola o l\u2019universit\u00e0 frequentata e la relativa classe o anno di corso.<\/p>\n<p>L\u2019invio del video implica la cessione di tutti i diritti di trasmissione e riproduzione del filmato all\u2019Ambasciata d\u2019Italia a Belgrado e all\u2019Istituto Italiano di Cultura a Belgrado. Si ricorda che le riprese di minorenni e la pubblicazione su internet dei video che li ritraggono sono subordinate a liberatoria scritta da parte dei rispettivi genitori.<\/p>\n<p>I video pervenuti oltre la scadenza non saranno presi in considerazione.<\/p>\n","protected":false},"excerpt":{"rendered":"La XXIII edizione della Settimana della Lingua Italiana nel Mondo (16-22 ottobre 2023) avr\u00e0 come tema &#8222;L&#8217;italiano e la sostenibilit\u00e0&#8220; con l&#8217;obiettivo di promuovere nel mondo, attraverso la lingua italiana, la cultura della sostenibilit\u00e0 portata avanti da un Paese all&#8217;avanguardia sulle tematiche ambientali. Per l\u2019edizione 2023, l\u2019Ambasciata d\u2019Italia a Belgrado e l\u2019Istituto Italiano di Cultura [&hellip;]","protected":false},"author":8,"featured_media":0,"parent":1093,"menu_order":0,"comment_status":"closed","ping_status":"closed","template":"","meta":{"footnotes":""},"class_list":["post-1163","page","type-page","status-publish","hentry"],"_links":{"self":[{"href":"https:\/\/iicbelgrado.esteri.it\/sr\/wp-json\/wp\/v2\/pages\/1163","targetHints":{"allow":["GET"]}}],"collection":[{"href":"https:\/\/iicbelgrado.esteri.it\/sr\/wp-json\/wp\/v2\/pages"}],"about":[{"href":"https:\/\/iicbelgrado.esteri.it\/sr\/wp-json\/wp\/v2\/types\/page"}],"author":[{"embeddable":true,"href":"https:\/\/iicbelgrado.esteri.it\/sr\/wp-json\/wp\/v2\/users\/8"}],"replies":[{"embeddable":true,"href":"https:\/\/iicbelgrado.esteri.it\/sr\/wp-json\/wp\/v2\/comments?post=1163"}],"version-history":[{"count":1,"href":"https:\/\/iicbelgrado.esteri.it\/sr\/wp-json\/wp\/v2\/pages\/1163\/revisions"}],"predecessor-version":[{"id":1164,"href":"https:\/\/iicbelgrado.esteri.it\/sr\/wp-json\/wp\/v2\/pages\/1163\/revisions\/1164"}],"up":[{"embeddable":true,"href":"https:\/\/iicbelgrado.esteri.it\/sr\/wp-json\/wp\/v2\/pages\/1093"}],"wp:attachment":[{"href":"https:\/\/iicbelgrado.esteri.it\/sr\/wp-json\/wp\/v2\/media?parent=1163"}],"curies":[{"name":"wp","href":"https:\/\/api.w.org\/{rel}","templated":true}]}}