{"id":106,"date":"2023-04-03T20:56:11","date_gmt":"2023-04-03T18:56:11","guid":{"rendered":"https:\/\/iicbelgrado.esteri.it\/lingua-e-cultura\/certificazioni\/"},"modified":"2026-04-14T12:34:33","modified_gmt":"2026-04-14T10:34:33","slug":"certificazioni","status":"publish","type":"page","link":"https:\/\/iicbelgrado.esteri.it\/sr\/lingua-e-cultura\/certificazioni\/","title":{"rendered":"Sertifikacija"},"content":{"rendered":"<div>\n<p><span class=\"titoloCategoria\">Sertifikati za italijanski kao strani jezik<\/span><\/p>\n<p>Sertifikati italijanskog jezika potvr\u0111uju stepen jezi\u010dke kompetencije italijanskog jezika kao stranog. Namenjeni su strancima, kao i Italijanima koji \u017eive u inostranstvu (potomci italijanskih emigranata), ali i strancima koji su se doselili u Italiju.<\/p>\n<p><strong>CILS \u2013 sertifikacija italijanskog jezika kao stranog Univerziteta za strance u Sijeni<\/strong><\/p>\n<p>CILS je zvani\u010dno priznata diploma koja potvr\u0111uje stepen lingvisti\u010dko-komunikativne kompetencije italijanskog jezika.<\/p>\n<p>Italijanski institut za kulturu u Beogradu organizuje dva puta godi\u0161nje (prva sedmica juna i decembra) polaganje ispita za zvani\u010dno sticanje sertifikata CILS.<\/p>\n<p>Na ispit CILS se mogu prijaviti strani dr\u017eavljani i italijanski dr\u017eavljani koji \u017eive u inostranstvu.<\/p>\n<p>Da biste polagali ove ispite nije neophodno da ve\u0107 posedujete odre\u0111ene diplome i titule, kao ni dokaz o polo\u017eenom prethodnom nivou ovog ispita.<\/p>\n<p><span style=\"text-decoration: underline;\"><strong>Datum ispita: 16. jun 2026. \/ <\/strong><\/span><strong><span style=\"text-decoration: underline;\">Prijava ispita do 4. maja 2026.<\/span><br \/>\n<span style=\"text-decoration: underline;\">Datum ispita: 3. decembar 2026. \/ Prijava ispita do 20. oktobra 2026.<\/span><\/strong><\/p>\n<\/div>\n<p><strong><br \/>\nPrijava za ispit CILS<\/strong><\/p>\n<div>\n<p>Popuniti <a href=\"https:\/\/iicbelgrado.esteri.it\/wp-content\/uploads\/2026\/04\/modulo_iscrizione_cils.pdf\" target=\"_blank\" rel=\"noopener\"><strong>formular &gt;&gt;&gt;<\/strong><\/a>, potpisati i poslati na mejl:\u00a0<a href=\"mailto:corsilingua.iicbelgrado@esteri.it\">corsilingua.iicbelgrado@esteri.it<\/a>\u00a0zajedno sa potvrdom o pla\u0107anju takse za ispit i kopijom paso\u0161a.<\/p>\n<p><span style=\"text-decoration: underline;\"><strong>Ispitna taksa<\/strong><\/span><\/p>\n<p><strong>A1 \/ A2<\/strong> \u2013 4.800,00 rsd<br \/>\n<strong>B1<\/strong> \u2013 7.200,00 rsd<br \/>\n<strong>B1 Adolescenti<\/strong> \u2013 6.000,00 rsd<br \/>\n<strong>B2<\/strong> \u2013 8.400,00 rsd<br \/>\n<strong>C1<\/strong> \u2013 9.600,00 rsd<br \/>\n<strong>C2<\/strong> \u2013 10.800,00 rsd<\/p>\n<p><strong><a href=\"https:\/\/iicbelgrado.esteri.it\/wp-content\/uploads\/2023\/06\/nova_uplatnica.pdf\" target=\"_blank\" rel=\"noopener\">Formular za pla\u0107anje<\/a><\/strong><\/p>\n<p><strong><br \/>\nZa detaljnije informacije:<\/strong><\/p>\n<p><strong>SEKRETARIJAT ZA KURSEVE JEZIKA I SERTIFIKATE<\/strong><br \/>\ne-mail: corsilingua.iicbelgrado@esteri.it<\/p>\n<\/div>\n","protected":false},"excerpt":{"rendered":"Sertifikati za italijanski kao strani jezik Sertifikati italijanskog jezika potvr\u0111uju stepen jezi\u010dke kompetencije italijanskog jezika kao stranog. Namenjeni su strancima, kao i Italijanima koji \u017eive u inostranstvu (potomci italijanskih emigranata), ali i strancima koji su se doselili u Italiju. CILS \u2013 sertifikacija italijanskog jezika kao stranog Univerziteta za strance u Sijeni CILS je zvani\u010dno priznata [&hellip;]","protected":false},"author":1,"featured_media":0,"parent":103,"menu_order":4,"comment_status":"closed","ping_status":"closed","template":"","meta":{"footnotes":""},"class_list":["post-106","page","type-page","status-publish","hentry"],"_links":{"self":[{"href":"https:\/\/iicbelgrado.esteri.it\/sr\/wp-json\/wp\/v2\/pages\/106","targetHints":{"allow":["GET"]}}],"collection":[{"href":"https:\/\/iicbelgrado.esteri.it\/sr\/wp-json\/wp\/v2\/pages"}],"about":[{"href":"https:\/\/iicbelgrado.esteri.it\/sr\/wp-json\/wp\/v2\/types\/page"}],"author":[{"embeddable":true,"href":"https:\/\/iicbelgrado.esteri.it\/sr\/wp-json\/wp\/v2\/users\/1"}],"replies":[{"embeddable":true,"href":"https:\/\/iicbelgrado.esteri.it\/sr\/wp-json\/wp\/v2\/comments?post=106"}],"version-history":[{"count":8,"href":"https:\/\/iicbelgrado.esteri.it\/sr\/wp-json\/wp\/v2\/pages\/106\/revisions"}],"predecessor-version":[{"id":17320,"href":"https:\/\/iicbelgrado.esteri.it\/sr\/wp-json\/wp\/v2\/pages\/106\/revisions\/17320"}],"up":[{"embeddable":true,"href":"https:\/\/iicbelgrado.esteri.it\/sr\/wp-json\/wp\/v2\/pages\/103"}],"wp:attachment":[{"href":"https:\/\/iicbelgrado.esteri.it\/sr\/wp-json\/wp\/v2\/media?parent=106"}],"curies":[{"name":"wp","href":"https:\/\/api.w.org\/{rel}","templated":true}]}}