{"id":105,"date":"2023-04-03T20:55:37","date_gmt":"2023-04-03T18:55:37","guid":{"rendered":"https:\/\/iicbelgrado.esteri.it\/lingua-e-cultura\/i-corsi-di-lingua\/"},"modified":"2023-07-10T16:43:42","modified_gmt":"2023-07-10T14:43:42","slug":"i-corsi-di-lingua","status":"publish","type":"page","link":"https:\/\/iicbelgrado.esteri.it\/sr\/lingua-e-cultura\/i-corsi-di-lingua\/","title":{"rendered":"Kursevi jezika"},"content":{"rendered":"<p><iframe loading=\"lazy\" title=\"YouTube video player\" src=\"https:\/\/www.youtube.com\/embed\/gJ-oFJmMDnM\" width=\"560\" height=\"315\" frameborder=\"0\" allowfullscreen=\"allowfullscreen\"><\/iframe><\/p>\n<p>Za\u0161to u\u010diti italijanski u Italijanskom institutu za kulturu u Beogradu?<\/p>\n<ul>\n<li>Institut pru\u017ea svim ljubiteljima italijanskog jezika i kulture prijatan i \u017eivopisan ambijent, u kome svakodnevno mogu da budu u kontaktu sa italijanskim jezikom i kulturom.<\/li>\n<li>Italijanski institut za kulturu nudi bogat izbor kurseva za sve uzraste i za razli\u010dite potrebe na\u0161ih polaznika.<\/li>\n<li>Kursevi su organizovani u skladu sa Zajedni\u010dkim evropskim referentnim okvirom za \u017eive jezike.<\/li>\n<li>Na kraju svakog nivoa, Institut izdaje potvrdu o poha\u0111anju svima koji su poha\u0111ali najmanje jednu tre\u0107inu \u010dasova, sa ocenom koju su dobili na zavr\u0161nom testu.<\/li>\n<li>Institut je ispitni centar za polaganje ispita za me\u0111unarodno priznati sertifikat CILS koji izdaje Univerzitet za strance u Sijeni. Organizuju se tako\u0111e i pripremni kursevi za polaganje ovog ispita.<\/li>\n<li>Profesorski kadar \u010dine diplomirani profesori italijanskog jezika i knji\u017eevnosti iz Srbije, kao i profesori kojima je maternji jezik italijanski.<\/li>\n<li>Profesori koji rade u Institutu prate savremene tokove nastave stranih jezika i redovno se usavr\u0161avaju na seminarima za nastavnike u zemlji i inostranstvu.<\/li>\n<li>Polaznici kurseva mogu da koriste stipendije u Italiji koje nude \u0161kole iz razli\u010ditih regija Italije.<\/li>\n<li>Polaznici kurseva imaju besplatan pristup biblioteci Instituta.<\/li>\n<li>Polaznici kurseva mogu da prisustvuju svim manifestacijama i doga\u0111ajima koje organizuje Institut, a o kojima su redovno obave\u0161teni.<\/li>\n<\/ul>\n","protected":false},"excerpt":{"rendered":"Za\u0161to u\u010diti italijanski u Italijanskom institutu za kulturu u Beogradu? Institut pru\u017ea svim ljubiteljima italijanskog jezika i kulture prijatan i \u017eivopisan ambijent, u kome svakodnevno mogu da budu u kontaktu sa italijanskim jezikom i kulturom. Italijanski institut za kulturu nudi bogat izbor kurseva za sve uzraste i za razli\u010dite potrebe na\u0161ih polaznika. Kursevi su organizovani [&hellip;]","protected":false},"author":1,"featured_media":0,"parent":103,"menu_order":0,"comment_status":"closed","ping_status":"closed","template":"","meta":{"footnotes":""},"class_list":["post-105","page","type-page","status-publish","hentry"],"_links":{"self":[{"href":"https:\/\/iicbelgrado.esteri.it\/sr\/wp-json\/wp\/v2\/pages\/105","targetHints":{"allow":["GET"]}}],"collection":[{"href":"https:\/\/iicbelgrado.esteri.it\/sr\/wp-json\/wp\/v2\/pages"}],"about":[{"href":"https:\/\/iicbelgrado.esteri.it\/sr\/wp-json\/wp\/v2\/types\/page"}],"author":[{"embeddable":true,"href":"https:\/\/iicbelgrado.esteri.it\/sr\/wp-json\/wp\/v2\/users\/1"}],"replies":[{"embeddable":true,"href":"https:\/\/iicbelgrado.esteri.it\/sr\/wp-json\/wp\/v2\/comments?post=105"}],"version-history":[{"count":3,"href":"https:\/\/iicbelgrado.esteri.it\/sr\/wp-json\/wp\/v2\/pages\/105\/revisions"}],"predecessor-version":[{"id":506,"href":"https:\/\/iicbelgrado.esteri.it\/sr\/wp-json\/wp\/v2\/pages\/105\/revisions\/506"}],"up":[{"embeddable":true,"href":"https:\/\/iicbelgrado.esteri.it\/sr\/wp-json\/wp\/v2\/pages\/103"}],"wp:attachment":[{"href":"https:\/\/iicbelgrado.esteri.it\/sr\/wp-json\/wp\/v2\/media?parent=105"}],"curies":[{"name":"wp","href":"https:\/\/api.w.org\/{rel}","templated":true}]}}