{"id":103,"date":"2023-04-03T20:30:34","date_gmt":"2023-04-03T18:30:34","guid":{"rendered":"https:\/\/iicbelgrado.esteri.it\/lingua-e-cultura\/"},"modified":"2023-07-10T16:42:49","modified_gmt":"2023-07-10T14:42:49","slug":"lingua-e-cultura","status":"publish","type":"page","link":"https:\/\/iicbelgrado.esteri.it\/sr\/lingua-e-cultura\/","title":{"rendered":"Jezik i kultura"},"content":{"rendered":"<p><span class=\"titoloNotizia\">Za\u0161to italijanski? <\/span><\/p>\n<p>Italijanski je oduvek smatran jezikom kulture a u\u010de ga mladi i stariji u svim zemljama sveta.<\/p>\n<p>Poznavanje italijanskog jezika za njih predstavlja mogu\u0107nost pribli\u017eavanja bogatoj kulturnoj tradiciji, na polju knji\u017eevnosti, nauke, umetnosti, muzike, spektakla. Zna\u010di pribli\u017eavanje izuzetno bogatom umetni\u010dkom, arheolo\u0161kom i urbanom nasle\u0111u. Zna\u010di mogu\u0107nost pristupa ogromnoj ba\u0161tini knjiga italijanskih biblioteka. Zna\u010di mogu\u0107nost slu\u0161anja italijanske muzike, od operske tradicije do najnovijih hitova lagane muzike. Zna\u010di mogu\u0107nost u\u017eivanja u filmu, pozori\u0161tu, gledanje nekog tv programa ili slu\u0161anje radio prenosa. Zna\u010di pribli\u017eavanje me\u0111usobno veoma razli\u010ditim poljima, od arhitekture do kulinarstva, od nauke do mode.<\/p>\n<p>Znanje italijanskog omogu\u0107ava sve ve\u0107em broju stranih studenata da svoje studije poha\u0111aju u Italiji, po\u010dev\u0161i od osnovne \u0161kole pa sve do fakultetskih i post diplomskih studija ili mastera.<\/p>\n<p>Pored toga, italijanski se sve \u010de\u0161\u0107e bira kao poslovni jezik, koji mnogim strancima koji rade u svim profesionalnim oblastima omogu\u0107ava da ostvare kontakt sa svetom proizvodnje u na\u0161oj zemlji.<\/p>\n","protected":false},"excerpt":{"rendered":"Za\u0161to italijanski? Italijanski je oduvek smatran jezikom kulture a u\u010de ga mladi i stariji u svim zemljama sveta. Poznavanje italijanskog jezika za njih predstavlja mogu\u0107nost pribli\u017eavanja bogatoj kulturnoj tradiciji, na polju knji\u017eevnosti, nauke, umetnosti, muzike, spektakla. Zna\u010di pribli\u017eavanje izuzetno bogatom umetni\u010dkom, arheolo\u0161kom i urbanom nasle\u0111u. Zna\u010di mogu\u0107nost pristupa ogromnoj ba\u0161tini knjiga italijanskih biblioteka. Zna\u010di mogu\u0107nost [&hellip;]","protected":false},"author":1,"featured_media":0,"parent":0,"menu_order":4,"comment_status":"closed","ping_status":"closed","template":"","meta":{"footnotes":""},"class_list":["post-103","page","type-page","status-publish","hentry"],"_links":{"self":[{"href":"https:\/\/iicbelgrado.esteri.it\/sr\/wp-json\/wp\/v2\/pages\/103","targetHints":{"allow":["GET"]}}],"collection":[{"href":"https:\/\/iicbelgrado.esteri.it\/sr\/wp-json\/wp\/v2\/pages"}],"about":[{"href":"https:\/\/iicbelgrado.esteri.it\/sr\/wp-json\/wp\/v2\/types\/page"}],"author":[{"embeddable":true,"href":"https:\/\/iicbelgrado.esteri.it\/sr\/wp-json\/wp\/v2\/users\/1"}],"replies":[{"embeddable":true,"href":"https:\/\/iicbelgrado.esteri.it\/sr\/wp-json\/wp\/v2\/comments?post=103"}],"version-history":[{"count":5,"href":"https:\/\/iicbelgrado.esteri.it\/sr\/wp-json\/wp\/v2\/pages\/103\/revisions"}],"predecessor-version":[{"id":505,"href":"https:\/\/iicbelgrado.esteri.it\/sr\/wp-json\/wp\/v2\/pages\/103\/revisions\/505"}],"wp:attachment":[{"href":"https:\/\/iicbelgrado.esteri.it\/sr\/wp-json\/wp\/v2\/media?parent=103"}],"curies":[{"name":"wp","href":"https:\/\/api.w.org\/{rel}","templated":true}]}}