{"id":924,"date":"2023-07-20T10:29:57","date_gmt":"2023-07-20T08:29:57","guid":{"rendered":"https:\/\/iicbelgrado.esteri.it\/?page_id=924"},"modified":"2023-07-20T10:29:57","modified_gmt":"2023-07-20T08:29:57","slug":"corsi-per-stranieri","status":"publish","type":"page","link":"https:\/\/iicbelgrado.esteri.it\/it\/lingua-e-cultura\/i-corsi-di-lingua\/corsi-per-stranieri\/","title":{"rendered":"Corsi per stranieri"},"content":{"rendered":"<p><strong>Corsi di lingua e cultura italiana offerti dalle Universit\u00e0 Italiane:<\/strong><\/p>\n<ul>\n<li><a title=\"Universit\u00e0 per stranieri di Perugia\" href=\"http:\/\/www.unistrapg.it\/italiano\/didattica\/lingua_cultura\/\" target=\"_blank\" rel=\"noopener\">Universit\u00e0 per stranieri di Perugia<\/a>\u00a0(con certificazione)<\/li>\n<li><a title=\"Universit\u00e0 per stranieri di Siena\" href=\"http:\/\/www.unistrasi.it\/\" target=\"_blank\" rel=\"noopener\">Universit\u00e0 per stranieri di Siena\u00a0<\/a>(con certificazione)<\/li>\n<li><a href=\"http:\/\/www.cla.uniroma3.it\/\" target=\"_blank\" rel=\"noopener\">Universit\u00e0 degli studi di Roma Tre &#8211;\u00a0Corsi CLA<\/a>\u00a0(con certificazione)<\/li>\n<li><a title=\"Universit\u00e0 Politecnica delle Marche\" href=\"http:\/\/www.univpm.it\/\" target=\"_blank\" rel=\"noopener\">Universit\u00e0 Politecnica delle Marche<\/a><\/li>\n<li><a title=\"Universit\u00e0 degli studi di Bergamo\" href=\"https:\/\/www.unibg.it\/\" target=\"_blank\" rel=\"noopener\">Universit\u00e0 degli studi di Bergamo<\/a><\/li>\n<li><a title=\"Universit\u00e0 degli studi di Bologna \u2013 Cilta\" href=\"https:\/\/centri.unibo.it\/cla\/it\" target=\"_blank\" rel=\"noopener\">Universit\u00e0 degli studi di Bologna<\/a><\/li>\n<li><a href=\"https:\/\/www.unica.it\/unica\/it\/cla.page\" target=\"_blank\" rel=\"noopener\">Universit\u00e0 degli studi di Cagliari &#8211; Centro linguistico d&#8217;ateneo<\/a><\/li>\n<li><a href=\"https:\/\/www.unicas.it\/\" target=\"_blank\" rel=\"noopener\">Universit\u00e0 degli studi di Cassino<\/a><\/li>\n<li><a href=\"https:\/\/www.unict.it\/\" target=\"_blank\" rel=\"noopener\">Universit\u00e0 degli studi di Catania<\/a><\/li>\n<li><a title=\"Universit\u00e0 degli studi di Firenze - Centro di cultura per stranieri\" href=\"https:\/\/www.ccs.unifi.it\/index.php\" target=\"_blank\" rel=\"noopener\">Universit\u00e0 degli studi di Firenze &#8211; Centro di servizi culturali per stranieri<\/a><\/li>\n<li><a href=\"https:\/\/www.cla.unifi.it\/\" target=\"_blank\" rel=\"noopener\">Universit\u00e0 degli studi di Firenze &#8211; Centro linguistico di ateneo<\/a><\/li>\n<li><a href=\"https:\/\/unige.it\/it\/\" target=\"_blank\" rel=\"noopener\">Universit\u00e0 degli studi di Genova<\/a><\/li>\n<li><a title=\"Universit\u00e0 degli studi de l'Aquila\" href=\"http:\/\/www.univaq.it\/section.php?id=299\" target=\"_blank\" rel=\"noopener\">Universit\u00e0 degli studi de l&#8217;Aquila<\/a><\/li>\n<li><a title=\"Universit\u00e0 degli studi di Milano\" href=\"http:\/\/studenti.unimi.it\/foreign\/gargnano.htm\" target=\"_blank\" rel=\"noopener\">Universit\u00e0 degli studi di Milano<\/a><\/li>\n<li><a href=\"https:\/\/www.unipa.it\/strutture\/scuolaitalianastranieri\/\" target=\"_blank\" rel=\"noopener\">Universit\u00e0 degli studi di Palermo &#8211; Scuola di lingua italiana per stranieri<\/a><\/li>\n<li><a href=\"http:\/\/clici.uniroma2.it\/\" target=\"_blank\" rel=\"noopener\">Universit\u00e0 degli studi di Roma Tor Vergata<\/a><\/li>\n<li><a title=\"Universit\u00e0 degli studi di Trento\" href=\"http:\/\/www.unitn.it\/\" target=\"_blank\" rel=\"noopener\">Universit\u00e0 degli studi di Trento<\/a><\/li>\n<li><a href=\"https:\/\/www.cla.uniud.it\/corsi\/corsi-di-lingua-italiana-per-stranieri\" target=\"_blank\" rel=\"noopener\">Universit\u00e0 degli studi di Udine<\/a><\/li>\n<li><a title=\"Universit\u00e0 degli studi di Urbino\" href=\"http:\/\/www.uniurb.it\/it\/portale\/index.php?mist_id=10&amp;lang=IT&amp;tipo=IST&amp;page=13\" target=\"_blank\" rel=\"noopener\">Universit\u00e0 degli studi di Urbino<\/a><\/li>\n<li><a title=\"Universit\u00e0 degli studi Ca' Foscari di Venezia\" href=\"https:\/\/www.unive.it\/pag\/43431\/\" target=\"_blank\" rel=\"noopener\">Universit\u00e0 degli studi Ca&#8217; Foscari di Venezia<\/a><\/li>\n<li><a title=\"Universit\u00e0 Cattolica del Sacro Cuore\" href=\"https:\/\/www.unicatt.it\/\" target=\"_blank\" rel=\"noopener\">Universit\u00e0 Cattolica del Sacro Cuore<\/a><\/li>\n<li><a href=\"https:\/\/cla.unisalento.it\/home_page\" target=\"_blank\" rel=\"noopener\">Universit\u00e0 del Salento<\/a><\/li>\n<li><a href=\"https:\/\/www.danteschool.com\/it\/\" target=\"_blank\" rel=\"noopener\">Universit\u00e0 per Stranieri &#8220;Dante Alighieri&#8221; di Reggio Calabria<\/a><\/li>\n<\/ul>\n<p><strong>Corsi di lingua italiana, di cultura e di varie discipline offerti a stranieri<\/strong><\/p>\n<p>Visitando il sito web delle scuole verifica se fanno parte di Associazioni che si propongono di tutelare la qualit\u00e0 dei servizi offerti e ne rispondono ai clienti, quali:<\/p>\n<p>a livello nazionale:<br \/>\n\u00b7\u00a0<a title=\"ASILS\" href=\"http:\/\/www.asils.it\/\" target=\"_blank\" rel=\"noopener\">ASILS<\/a>\u00a0(Associazione Scuole di Italiano come Lingua seconda)<br \/>\n.\u00a0<a title=\"AIL\" href=\"http:\/\/www.acad.it\/\" target=\"_blank\" rel=\"noopener\">AIL<\/a>\u00a0(Accademia Italiana di Lingua)<br \/>\n.\u00a0<a href=\"http:\/\/www.italianinitaly.it\/\" target=\"_blank\" rel=\"noopener\">Italian in Italy<\/a>\u00a0(Associazione Nazionale di Scuole di Lingua e Cultura Italiana)<\/p>\n<p>a livello internazionale:<br \/>\n\u00b7<a title=\"FIYTO\" href=\"http:\/\/www.language-learning.net\/it\/articles\/tips\/organisations\/school-associations-quality-control-\/international\/fiyto-federation-of-international-youth-travel-organizations-\" target=\"_blank\" rel=\"noopener\">\u00a0FIYTO<\/a>\u00a0(Federation of International Youth Travel Organisations)<br \/>\n\u00b7\u00a0<a title=\"ALTO\" href=\"http:\/\/www.altonet.org\/\" target=\"_blank\" rel=\"noopener\">ALTO<\/a>\u00a0(Association of Language Travel Organisations)<br \/>\n\u00b7\u00a0<a title=\"IALC\" href=\"http:\/\/www.ialc.org\/\" target=\"_blank\" rel=\"noopener\">IALC<\/a>\u00a0(International Association of Language Centres)<br \/>\n\u00b7\u00a0<a title=\"TANDEM\" href=\"http:\/\/www.tandem-schools.com\/\" target=\"_blank\" rel=\"noopener\">TANDEM<\/a>\u00a0(International Network of Quality Language Institutes)<br \/>\n\u00b7\u00a0<a title=\"EAQUALS\" href=\"http:\/\/www.eaquals.org\/\" target=\"_blank\" rel=\"noopener\">EAQUALS<\/a>\u00a0(The European Association for Quality Language Services)<br \/>\n.\u00a0<a title=\"IHWO\" href=\"http:\/\/www.ihworld.com\/\" target=\"_blank\" rel=\"noopener\">IHWO<\/a>\u00a0(International House World Organisation)<\/p>\n","protected":false},"excerpt":{"rendered":"Corsi di lingua e cultura italiana offerti dalle Universit\u00e0 Italiane: Universit\u00e0 per stranieri di Perugia\u00a0(con certificazione) Universit\u00e0 per stranieri di Siena\u00a0(con certificazione) Universit\u00e0 degli studi di Roma Tre &#8211;\u00a0Corsi CLA\u00a0(con certificazione) Universit\u00e0 Politecnica delle Marche Universit\u00e0 degli studi di Bergamo Universit\u00e0 degli studi di Bologna Universit\u00e0 degli studi di Cagliari &#8211; Centro linguistico d&#8217;ateneo Universit\u00e0 [&hellip;]","protected":false},"author":8,"featured_media":0,"parent":42,"menu_order":7,"comment_status":"closed","ping_status":"closed","template":"","meta":{"footnotes":""},"class_list":["post-924","page","type-page","status-publish","hentry"],"_links":{"self":[{"href":"https:\/\/iicbelgrado.esteri.it\/it\/wp-json\/wp\/v2\/pages\/924","targetHints":{"allow":["GET"]}}],"collection":[{"href":"https:\/\/iicbelgrado.esteri.it\/it\/wp-json\/wp\/v2\/pages"}],"about":[{"href":"https:\/\/iicbelgrado.esteri.it\/it\/wp-json\/wp\/v2\/types\/page"}],"author":[{"embeddable":true,"href":"https:\/\/iicbelgrado.esteri.it\/it\/wp-json\/wp\/v2\/users\/8"}],"replies":[{"embeddable":true,"href":"https:\/\/iicbelgrado.esteri.it\/it\/wp-json\/wp\/v2\/comments?post=924"}],"version-history":[{"count":1,"href":"https:\/\/iicbelgrado.esteri.it\/it\/wp-json\/wp\/v2\/pages\/924\/revisions"}],"predecessor-version":[{"id":925,"href":"https:\/\/iicbelgrado.esteri.it\/it\/wp-json\/wp\/v2\/pages\/924\/revisions\/925"}],"up":[{"embeddable":true,"href":"https:\/\/iicbelgrado.esteri.it\/it\/wp-json\/wp\/v2\/pages\/42"}],"wp:attachment":[{"href":"https:\/\/iicbelgrado.esteri.it\/it\/wp-json\/wp\/v2\/media?parent=924"}],"curies":[{"name":"wp","href":"https:\/\/api.w.org\/{rel}","templated":true}]}}