{"id":678,"date":"2023-07-20T10:20:42","date_gmt":"2023-07-20T08:20:42","guid":{"rendered":"https:\/\/iicbelgrado.esteri.it\/?page_id=678"},"modified":"2023-10-06T14:15:14","modified_gmt":"2023-10-06T12:15:14","slug":"evento-in-evidenza-rassegna-cinematografica-e-mostra-in-occasione-del-centenario-felliniano-alla-cineteca-jugoslava-13-26-gennaio-2020","status":"publish","type":"page","link":"https:\/\/iicbelgrado.esteri.it\/it\/news\/multimedia\/evento-in-evidenza-rassegna-cinematografica-e-mostra-in-occasione-del-centenario-felliniano-alla-cineteca-jugoslava-13-26-gennaio-2020\/","title":{"rendered":"Rassegna cinematografica e mostra in occasione del centenario felliniano alla Cineteca Jugoslava | 13 &#8211; 26 gennaio 2020"},"content":{"rendered":"<p>In occasione del centenario della nascita di Federico Fellini (Rimini, 20 gennaio 1920 \u2013 Roma, 31 ottobre 1993), l\u2019Istituto italiano di cultura di Belgrado e la Cineteca jugoslava hanno presentato una rassegna dei pi\u00f9 celebri titoli felliniani e una mostra di immagini tratte dal \u201cLibro dei sogni\u201d di Federico Fellini, messe a disposizione dal Comune di Rimini che ne detiene la propriet\u00e0 materiale e la contitolarit\u00e0 dei diritti.<\/p>\n<p>II \u201cLibro dei sogni\u201d \u00e8 un diario tenuto da uno dei pi\u00f9 grandi geni della creativit\u00e0 italiana del XX secolo, Federico Fellini, a partire dagli anni Sessanta fino all&#8217;agosto 1990, in cui il grande regista, su consiglio dello psicoanalista Ernst Bernhard, ha riportato fedelmente i frutti della sua fertilissima attivit\u00e0 onirica sotto forma di disegni, o nella sua stessa definizione di \u201csegnacci, appunti affrettati e sgrammaticati\u201d.<\/p>\n<p>\u00c8 un coloratissimo viaggio negli sterminati territori della fantasia di un genio, una testimonianza straordinaria di creativit\u00e0 che racchiude in s\u00e9 le caratteristiche del diario, dello storyboard e che affonda le radici nelle esperienze di Fellini come vignettista e umorista al \u201cMarc&#8217;Aurelio\u201d, anticipando di qualche decennio il linguaggio delle graphic novels. Le immagini e le parole che, con assoluta libert\u00e0, crescono pagina dopo pagina, vanno a formare un&#8217;opera complessa e articolata che affianca il cinema del regista, integrandolo e arricchendolo con la mediazione del sogno, dando origine ai progetti con i quali Fellini ha deliziato la storia del cinema contemporaneo. Un lavoro che, prendendo spunto dai suggerimenti e dagli strumenti della psicoanalisi junghiana, affronta e rielabora, attraverso l&#8217;utilizzo di linguaggi artistici differenti, i sogni, le visioni, le paure del regista riminese. Riportarvi i sogni della notte costituiva per Fellini un appuntamento quotidiano. Tratteggiava figure e personaggi, circostanze e temi che successivamente avrebbero popolato i suoi film, riportava frasi e dialoghi, aggiungendo spesso note personali di commento o di spiegazione. Lo rivisitava e rielaborava con integrazioni, interventi di forbici e colla, tagliando, sovrapponendo, aggiungendo.<\/p>\n<p>Il \u201cLibro dei sogni\u201d, acquistato dalla Fondazione Fellini nel 2006, devoluto al Comune di Rimini nel 2015 e attualmente esposto al Museo della Citt\u00e0 di Rimini, consta di due volumi contenenti oltre 400 fogli.<\/p>\n<p>Gli schizzi in mostra sono rappresentativi di temi ricorrenti nella produzione cinematografica del cineasta riminese: l&#8217;eros, il viaggio, la storia, il potere, la moda, il cinema, l&#8217;arte, la letteratura, la religione e costituiscono una fonte preziosa per raccontare l&#8217;universo poetico felliniano.<\/p>\n","protected":false},"excerpt":{"rendered":"In occasione del centenario della nascita di Federico Fellini (Rimini, 20 gennaio 1920 \u2013 Roma, 31 ottobre 1993), l\u2019Istituto italiano di cultura di Belgrado e la Cineteca jugoslava hanno presentato una rassegna dei pi\u00f9 celebri titoli felliniani e una mostra di immagini tratte dal \u201cLibro dei sogni\u201d di Federico Fellini, messe a disposizione dal Comune [&hellip;]","protected":false},"author":8,"featured_media":0,"parent":37,"menu_order":9990,"comment_status":"closed","ping_status":"closed","template":"","meta":{"footnotes":""},"class_list":["post-678","page","type-page","status-publish","hentry"],"_links":{"self":[{"href":"https:\/\/iicbelgrado.esteri.it\/it\/wp-json\/wp\/v2\/pages\/678","targetHints":{"allow":["GET"]}}],"collection":[{"href":"https:\/\/iicbelgrado.esteri.it\/it\/wp-json\/wp\/v2\/pages"}],"about":[{"href":"https:\/\/iicbelgrado.esteri.it\/it\/wp-json\/wp\/v2\/types\/page"}],"author":[{"embeddable":true,"href":"https:\/\/iicbelgrado.esteri.it\/it\/wp-json\/wp\/v2\/users\/8"}],"replies":[{"embeddable":true,"href":"https:\/\/iicbelgrado.esteri.it\/it\/wp-json\/wp\/v2\/comments?post=678"}],"version-history":[{"count":3,"href":"https:\/\/iicbelgrado.esteri.it\/it\/wp-json\/wp\/v2\/pages\/678\/revisions"}],"predecessor-version":[{"id":1037,"href":"https:\/\/iicbelgrado.esteri.it\/it\/wp-json\/wp\/v2\/pages\/678\/revisions\/1037"}],"up":[{"embeddable":true,"href":"https:\/\/iicbelgrado.esteri.it\/it\/wp-json\/wp\/v2\/pages\/37"}],"wp:attachment":[{"href":"https:\/\/iicbelgrado.esteri.it\/it\/wp-json\/wp\/v2\/media?parent=678"}],"curies":[{"name":"wp","href":"https:\/\/api.w.org\/{rel}","templated":true}]}}