{"id":674,"date":"2023-07-20T10:21:46","date_gmt":"2023-07-20T08:21:46","guid":{"rendered":"https:\/\/iicbelgrado.esteri.it\/?page_id=674"},"modified":"2023-10-06T14:14:13","modified_gmt":"2023-10-06T12:14:13","slug":"evento-in-evidenza-mostra-roma-aeterna-al-museo-della-citta-di-novi-sad-1-luglio-11-settembre-2020","status":"publish","type":"page","link":"https:\/\/iicbelgrado.esteri.it\/it\/news\/multimedia\/evento-in-evidenza-mostra-roma-aeterna-al-museo-della-citta-di-novi-sad-1-luglio-11-settembre-2020\/","title":{"rendered":"Mostra &#8220;Roma Aeterna&#8221; al Museo della Citt\u00e0 di Novi Sad | 1 luglio &#8211; 11 settembre 2020"},"content":{"rendered":"<p>L\u2019Istituto Italiano di Cultura di Belgrado e il Museo della Citt\u00e0 di Novi Sad hanno presentato la mostra \u201cRoma Aeterna. Capolavori della scultura romana dalla Fondazione Dino ed Ernesta Santarelli\u201d che raccoglie una preziosa selezione di trentatr\u00e9 opere disposte in ordine cronologico dal 1\u00b0 secolo a.C. al 18\u00b0 secolo. Le sculture, realizzate prevalentemente in marmo, alabastro e porfido e rappresentative delle evoluzioni artistiche e stilistiche a Roma, sono suddivise in ritratti reali, di personaggi storici o animali, e ritratti ideali, di divinit\u00e0 pagane, satiri, o divinit\u00e0 sacre. La mostra \u00e8 stata presentata ai media il 30 giugno presso la Collezione d\u2019Arte Straniera del Museo della Citt\u00e0 di Novi Sad ed \u00e8 stata visitabile fino all\u201911 settembre 2020.<\/p>\n<p>La Fondazione Dino ed Ernesta Santarelli, istituita nel 2004 per volont\u00e0 di Paola Santarelli e della madre Ernesta Santarelli D\u2019Orazio in ricordo del padre Dino Santarelli, \u00e8 una organizzazione non lucrativa di utilit\u00e0 sociale nata con la finalit\u00e0 di favorire, sostenere e promuovere la ricerca e la divulgazione della storia dell\u2019arte e la storia di Roma in Italia e all\u2019estero, con particolare riferimento alla scultura lapidea, ai marmi colorati e alla glittica. La collezione della famiglia Santarelli rinnova una millenaria tradizione romana diffusa nell&#8217;Urbe dal Rinascimento e che risaliva a sua volta a un costume dell&#8217;aristocrazia romana di et\u00e0 imperiale legato soprattutto alle esigenze di decoro e di ostentazione sociale che prevedevano l&#8217;esposizione di statue nelle proprie residenze per lo pi\u00f9 copie di originali greci.<\/p>\n<p>La mostra \u201cRoma Aeterna\u201d, che ci permette di attraversare diciannove secoli di storia del collezionismo romano, \u00e8 curata scientificamente da Daniela Ricci ed \u00e8 organizzata da Glocal Project Consulting in collaborazione con l\u2019Istituto Italiano di Cultura di Belgrado e il Museo della Citt\u00e0 di Novi Sad. \u00c8 realizzata sotto gli auspici dell\u2019Ambasciata d\u2019Italia a Belgrado e della Citt\u00e0 di Novi Sad, con il sostegno di Banca Intesa e di DDOR osiguranje.<\/p>\n<p><a href=\"https:\/\/iicbelgrado.esteri.it\/wp-content\/uploads\/2023\/07\/catalogo_roma_aeterna.pdf\"><strong>Catalogo<\/strong><\/a><\/p>\n","protected":false},"excerpt":{"rendered":"L\u2019Istituto Italiano di Cultura di Belgrado e il Museo della Citt\u00e0 di Novi Sad hanno presentato la mostra \u201cRoma Aeterna. Capolavori della scultura romana dalla Fondazione Dino ed Ernesta Santarelli\u201d che raccoglie una preziosa selezione di trentatr\u00e9 opere disposte in ordine cronologico dal 1\u00b0 secolo a.C. al 18\u00b0 secolo. Le sculture, realizzate prevalentemente in marmo, [&hellip;]","protected":false},"author":8,"featured_media":0,"parent":37,"menu_order":9989,"comment_status":"closed","ping_status":"closed","template":"","meta":{"footnotes":""},"class_list":["post-674","page","type-page","status-publish","hentry"],"_links":{"self":[{"href":"https:\/\/iicbelgrado.esteri.it\/it\/wp-json\/wp\/v2\/pages\/674","targetHints":{"allow":["GET"]}}],"collection":[{"href":"https:\/\/iicbelgrado.esteri.it\/it\/wp-json\/wp\/v2\/pages"}],"about":[{"href":"https:\/\/iicbelgrado.esteri.it\/it\/wp-json\/wp\/v2\/types\/page"}],"author":[{"embeddable":true,"href":"https:\/\/iicbelgrado.esteri.it\/it\/wp-json\/wp\/v2\/users\/8"}],"replies":[{"embeddable":true,"href":"https:\/\/iicbelgrado.esteri.it\/it\/wp-json\/wp\/v2\/comments?post=674"}],"version-history":[{"count":2,"href":"https:\/\/iicbelgrado.esteri.it\/it\/wp-json\/wp\/v2\/pages\/674\/revisions"}],"predecessor-version":[{"id":1035,"href":"https:\/\/iicbelgrado.esteri.it\/it\/wp-json\/wp\/v2\/pages\/674\/revisions\/1035"}],"up":[{"embeddable":true,"href":"https:\/\/iicbelgrado.esteri.it\/it\/wp-json\/wp\/v2\/pages\/37"}],"wp:attachment":[{"href":"https:\/\/iicbelgrado.esteri.it\/it\/wp-json\/wp\/v2\/media?parent=674"}],"curies":[{"name":"wp","href":"https:\/\/api.w.org\/{rel}","templated":true}]}}