{"id":621,"date":"2023-07-19T13:43:03","date_gmt":"2023-07-19T11:43:03","guid":{"rendered":"https:\/\/iicbelgrado.esteri.it\/?page_id=621"},"modified":"2023-10-06T14:10:31","modified_gmt":"2023-10-06T12:10:31","slug":"evento-in-evidenza-madama-butterfly-del-festival-puccini-di-torre-del-lago-al-teatro-nazionale-di-belgrado-28-novembre-2021","status":"publish","type":"page","link":"https:\/\/iicbelgrado.esteri.it\/it\/news\/multimedia\/evento-in-evidenza-madama-butterfly-del-festival-puccini-di-torre-del-lago-al-teatro-nazionale-di-belgrado-28-novembre-2021\/","title":{"rendered":"\u201cMadama Butterfly\u201d del Festival Puccini di Torre del Lago al Teatro Nazionale di Belgrado | 28 novembre 2021"},"content":{"rendered":"<p>Un allestimento di gala dell\u2019opera &#8220;Madama Butterfly&#8221; di Giacomo Puccini promosso e sostenuto dall\u2019Istituto Italiano di Cultura di Belgrado ha avuto luogo il 28 novembre 2021 al Teatro Nazionale di Belgrado.<\/p>\n<p>L\u2019allestimento di &#8220;Madama Butterfly&#8221; al Teatro Nazionale di Belgrado \u00e8 una produzione della Fondazione Festival Pucciniano di Torre del Lago Puccini, luogo in cui Puccini visse e compose le sue immortali opere, in collaborazione con l\u2019Istituto Italiano di Cultura di Belgrado e con il Teatro Nazionale di Belgrado. Il Festival Puccini di Torre del Lago, che si svolge ogni anno nella suggestiva cornice del Gran Teatro all\u2019aperto alla presenza di migliaia di spettatori, \u00e8 l\u2019evento pi\u00f9 importante dedicato al compositore lirico del Novecento pi\u00f9 rappresentato e amato dal pubblico di tutto il mondo. Giacomo Puccini si document\u00f2 per lunghi tre anni e studi\u00f2 minuziosamente usi e costumi del Giappone per plasmare Cio Cio San, la sua eroina che a 117 anni dalla prima rappresentazione, il 17 febbraio 1904 al Teatro alla Scala di Milano, e a 101 anni dalla sua prima rappresentazione al Teatro Nazionale di Belgrado l\u201911 febbraio 1920 conserva tutto il suo irresistibile fascino.<\/p>\n<p>\u00c8 stata\u00a0un\u2019occasione unica per sentire le voci di grandi solisti, Shoko Okada (Cio Cio San), Vincenzo Costanzo (Pinkerton) e Arianna Manganello (Suzuki), diretti dal Maestro Fabrizio Ventura e con la regia di Manu Lalli. Il Teatro Nazionale di Belgrado ha partecipato con la propria orchestra e il proprio coro. La maestosa scenografia italiana con un bellissimo bosco di alberi veri \u00e8 stata utilizzata sul palcoscenico del Teatro Nazionale. I costumi sono quelli originali disegnati per il Festival Puccini.<\/p>\n","protected":false},"excerpt":{"rendered":"Un allestimento di gala dell\u2019opera &#8220;Madama Butterfly&#8221; di Giacomo Puccini promosso e sostenuto dall\u2019Istituto Italiano di Cultura di Belgrado ha avuto luogo il 28 novembre 2021 al Teatro Nazionale di Belgrado. L\u2019allestimento di &#8220;Madama Butterfly&#8221; al Teatro Nazionale di Belgrado \u00e8 una produzione della Fondazione Festival Pucciniano di Torre del Lago Puccini, luogo in cui [&hellip;]","protected":false},"author":8,"featured_media":0,"parent":37,"menu_order":9985,"comment_status":"closed","ping_status":"closed","template":"","meta":{"footnotes":""},"class_list":["post-621","page","type-page","status-publish","hentry"],"_links":{"self":[{"href":"https:\/\/iicbelgrado.esteri.it\/it\/wp-json\/wp\/v2\/pages\/621","targetHints":{"allow":["GET"]}}],"collection":[{"href":"https:\/\/iicbelgrado.esteri.it\/it\/wp-json\/wp\/v2\/pages"}],"about":[{"href":"https:\/\/iicbelgrado.esteri.it\/it\/wp-json\/wp\/v2\/types\/page"}],"author":[{"embeddable":true,"href":"https:\/\/iicbelgrado.esteri.it\/it\/wp-json\/wp\/v2\/users\/8"}],"replies":[{"embeddable":true,"href":"https:\/\/iicbelgrado.esteri.it\/it\/wp-json\/wp\/v2\/comments?post=621"}],"version-history":[{"count":3,"href":"https:\/\/iicbelgrado.esteri.it\/it\/wp-json\/wp\/v2\/pages\/621\/revisions"}],"predecessor-version":[{"id":1026,"href":"https:\/\/iicbelgrado.esteri.it\/it\/wp-json\/wp\/v2\/pages\/621\/revisions\/1026"}],"up":[{"embeddable":true,"href":"https:\/\/iicbelgrado.esteri.it\/it\/wp-json\/wp\/v2\/pages\/37"}],"wp:attachment":[{"href":"https:\/\/iicbelgrado.esteri.it\/it\/wp-json\/wp\/v2\/media?parent=621"}],"curies":[{"name":"wp","href":"https:\/\/api.w.org\/{rel}","templated":true}]}}