{"id":243,"date":"2023-06-22T13:11:28","date_gmt":"2023-06-22T11:11:28","guid":{"rendered":"https:\/\/iicbelgrado.esteri.it\/?page_id=243"},"modified":"2026-04-15T09:52:39","modified_gmt":"2026-04-15T07:52:39","slug":"corsi-semi-intensivi-online","status":"publish","type":"page","link":"https:\/\/iicbelgrado.esteri.it\/it\/lingua-e-cultura\/i-corsi-di-lingua\/offerta-corsi\/corsi-semi-intensivi-online\/","title":{"rendered":"Corsi semi intensivi online"},"content":{"rendered":"<p>Informazioni generali<\/p>\n<p><strong>Iscrizione ai corsi fino al 14 aprile 2026<\/strong><\/p>\n<p><strong>Durata del corso:<br \/>\n<\/strong>20\/04 &#8211; 12\/06\/2026<\/p>\n<p>44 ore di lezione (45 min), 3&#215;2 ore settimanali<\/p>\n<p><a href=\"https:\/\/iicbelgrado.esteri.it\/wp-content\/uploads\/2026\/03\/CENE-kurseva-APRIL-2026.pdf\" target=\"_blank\" rel=\"noopener\"><strong>Prezzi e modalit\u00e0 di pagamento<\/strong><\/a><br \/>\n<a href=\"https:\/\/iicbelgrado.esteri.it\/wp-content\/uploads\/2026\/03\/uplatnica_za__unicredit_banku.pdf\" target=\"_blank\" rel=\"noopener\"><strong>Modulo di pagamento<\/strong><\/a><\/p>\n<p><strong>Orario e modulo di iscrizione:<\/strong><\/p>\n<table style=\"height: auto; width: auto;\">\n<tbody>\n<tr>\n<td><strong>\u00a0Livello<\/strong><\/td>\n<td><strong>\u00a0Orari e moduli di iscrizione<\/strong><\/td>\n<td><strong>\u00a0Libro di testo<\/strong><\/td>\n<\/tr>\n<tr style=\"background-color: #b4d4ff;\">\n<td>\u00a0<strong>A1.1<\/strong><\/td>\n<td>Luned\u00ec-Mercoled\u00ec-Venerd\u00ec 17.45 &#8211; 19.15<br \/>\n<strong>Modulo di iscrizione<\/strong><\/td>\n<td>\u00a0Nuovo Espresso Plus 1<\/td>\n<\/tr>\n<tr>\n<td><\/td>\n<td><\/td>\n<td><\/td>\n<\/tr>\n<\/tbody>\n<\/table>\n<p>Potete compilare il formulario di iscrizione al corso prescelto se siete principianti oppure avete gi\u00e0 frequentato il corso presso il nostro Istituto e avete superato il test finale.<\/p>\n<p>Se volete iniziare a frequentare il nostro corso e avete gi\u00e0 la conoscenza della lingua, \u00e8 indispensabile fare il test d\u2019ingresso online per il tramite della piattaforma zoom. Scriveteci a corsilingua.iicbelgrado@esteri.it per fissare l\u2019appuntamento per il test e compilate l\u2019apposito formulario.<\/p>\n<p>Dovranno sostenere il test d&#8217;ingresso anche i nostri corsisti che al termine del livello precedente non hanno superato il test finale.<\/p>\n<p>Tutti gli interessati che hanno compilato il formulario di iscrizione riceveranno la mail di conferma durante la settimana che precede l&#8217;inizio del corso. Qualora non si raggiungesse il numero minimo di iscritti nell&#8217;orario prescelto verr\u00e0 proposta una soluzione alternativa. Il pagamento avviene dopo l\u2019inizio del corso, secondo le istruzioni del formulario di pagamento, esclusivamente presso le filiali della banca Unicredit.<\/p>\n<p>Per ulteriori informazioni:<strong><br \/>\n<\/strong><strong>SEGRETERIA CORSI DI LINGUA E CERTIFICAZIONI:<\/strong><br \/>\ne-mail: corsilingua.iicbelgrado@esteri.it<\/p>\n<p>&nbsp;<\/p>\n<p>&nbsp;<\/p>\n","protected":false},"excerpt":{"rendered":"Informazioni generali Iscrizione ai corsi fino al 14 aprile 2026 Durata del corso: 20\/04 &#8211; 12\/06\/2026 44 ore di lezione (45 min), 3&#215;2 ore settimanali Prezzi e modalit\u00e0 di pagamento Modulo di pagamento Orario e modulo di iscrizione: \u00a0Livello \u00a0Orari e moduli di iscrizione \u00a0Libro di testo \u00a0A1.1 Luned\u00ec-Mercoled\u00ec-Venerd\u00ec 17.45 &#8211; 19.15 Modulo di iscrizione [&hellip;]","protected":false},"author":8,"featured_media":0,"parent":209,"menu_order":2,"comment_status":"closed","ping_status":"closed","template":"","meta":{"footnotes":""},"class_list":["post-243","page","type-page","status-publish","hentry"],"_links":{"self":[{"href":"https:\/\/iicbelgrado.esteri.it\/it\/wp-json\/wp\/v2\/pages\/243","targetHints":{"allow":["GET"]}}],"collection":[{"href":"https:\/\/iicbelgrado.esteri.it\/it\/wp-json\/wp\/v2\/pages"}],"about":[{"href":"https:\/\/iicbelgrado.esteri.it\/it\/wp-json\/wp\/v2\/types\/page"}],"author":[{"embeddable":true,"href":"https:\/\/iicbelgrado.esteri.it\/it\/wp-json\/wp\/v2\/users\/8"}],"replies":[{"embeddable":true,"href":"https:\/\/iicbelgrado.esteri.it\/it\/wp-json\/wp\/v2\/comments?post=243"}],"version-history":[{"count":8,"href":"https:\/\/iicbelgrado.esteri.it\/it\/wp-json\/wp\/v2\/pages\/243\/revisions"}],"predecessor-version":[{"id":17325,"href":"https:\/\/iicbelgrado.esteri.it\/it\/wp-json\/wp\/v2\/pages\/243\/revisions\/17325"}],"up":[{"embeddable":true,"href":"https:\/\/iicbelgrado.esteri.it\/it\/wp-json\/wp\/v2\/pages\/209"}],"wp:attachment":[{"href":"https:\/\/iicbelgrado.esteri.it\/it\/wp-json\/wp\/v2\/media?parent=243"}],"curies":[{"name":"wp","href":"https:\/\/api.w.org\/{rel}","templated":true}]}}